{"id":720910,"date":"2025-08-27T18:42:45","date_gmt":"2025-08-27T15:42:45","guid":{"rendered":"https:\/\/roveyayinevi.com.tr\/index.php\/urun\/sanatta-devrim\/"},"modified":"2026-03-12T02:38:00","modified_gmt":"2026-03-11T23:38:00","slug":"sanatta-devrim","status":"publish","type":"product","link":"https:\/\/roveyayinevi.com.tr\/index.php\/urun\/sanatta-devrim\/","title":{"rendered":"Sanatta Devrim"},"content":{"rendered":"<p>Sanat tarih\u00e7isi Mazhar \u0130p\u015firo\u011flu ve Nazan \u0130p\u015firo\u011flu\u2019nun 1970\u2019li y\u0131llar\u0131n sonunda birlikte yazd\u0131klar\u0131 Sanatta Devrim, 20. Y\u00fczy\u0131l sanat\u0131n\u0131n karma\u015f\u0131k do\u011fas\u0131n\u0131 anlamak konusunda okura yard\u0131mc\u0131 oluyor. 20. Y\u00fczy\u0131l Bat\u0131 sanat\u0131n\u0131n pek \u00e7ok farkl\u0131 ak\u0131mla ve sanat olaylar\u0131yla \u015fekillenmesi, bu ak\u0131mlar\u0131n ve sanat olaylar\u0131n\u0131n birbiriyle olan ili\u015fkileri, d\u00f6nemle ilgili bilgi almak isteyenleri yo\u011fun, zaman zaman da ucu buca\u011f\u0131 belirsiz bir bilgi denizine g\u00f6t\u00fcr\u00fcyor. Sanatta Devrim, bu bilgi denizine a\u00e7\u0131lmaya g\u00f6n\u00fcll\u00fc okura sistemli, b\u00fct\u00fcnl\u00fckl\u00fc ve nitelikli bir k\u0131lavuz sunarak onun \u00e7\u0131kt\u0131\u011f\u0131 bu 20. Y\u00fczy\u0131l Bat\u0131 sanat\u0131 tarihi yolculu\u011fundan keyif almas\u0131n\u0131 sa\u011fl\u0131yor.Sanatta Devrim, 20. Y\u00fczy\u0131l sanat\u0131n\u0131n \u015fekillenmesini sa\u011flayan d\u00fc\u015f\u00fcnsel altyap\u0131dan yola \u00e7\u0131karak bu y\u00fczy\u0131lda ya\u015fanan d\u00f6n\u00fc\u015f\u00fcm\u00fcn tohumlar\u0131n\u0131 atan sanat\u00e7\u0131lar\u0131, sanat\u00e7\u0131 gruplar\u0131n\u0131, ak\u0131mlar\u0131 ve bunlar\u0131n etkilerini anlat\u0131yor. Ard\u0131ndan y\u00fczy\u0131l\u0131n sanat d\u00fcnyas\u0131na bask\u0131n konuma ge\u00e7en baz\u0131 terimleri \u201cevrensellik\u201d ve \u201csanatsal yarat\u0131c\u0131l\u0131k\u201d ba\u011flam\u0131nda ele al\u0131yor: soyut, somut, kavram, nesne, bi\u00e7im, i\u015flev, imge. Genel olarak sanat\u0131n i\u015flevinde ya\u015fanan d\u00f6n\u00fc\u015f\u00fcm\u00fc \u00f6rnekler ve tarihsel s\u00fcre\u00e7ler i\u015flevinde ya\u015fanan d\u00f6n\u00fc\u015f\u00fcm\u00fc \u00f6rnekler ve tarihsel s\u00fcre\u00e7ler \u00fczerinden a\u00e7\u0131klayan kitap, ayr\u0131ca, 20. Y\u00fczy\u0131l\u0131n ilk yar\u0131s\u0131ndaki ve ikinci yar\u0131s\u0131ndaki sanatsal g\u00fcndemi irdeliyor. D\u00f6nemin T\u00fcrkiye\u2019deki sanatsal \u00fcretime yans\u0131malar\u0131ndan da \u00f6rnekler verilen kitapta, 20. Y\u00fczy\u0131l sanat\u0131na y\u00f6n veren temel metinlerden bir se\u00e7kide sunuyor.<\/p>\n","protected":false},"excerpt":{"rendered":"<p>Sanat tarih\u00e7isi Mazhar \u0130p\u015firo\u011flu ve Nazan \u0130p\u015firo\u011flu\u2019nun 1970\u2019li y\u0131llar\u0131n sonunda birlikte yazd\u0131klar\u0131 Sanatta Devrim, 20. Y\u00fczy\u0131l sanat\u0131n\u0131n karma\u015f\u0131k do\u011fas\u0131n\u0131 anlamak konusunda okura yard\u0131mc\u0131 oluyor. 20. Y\u00fczy\u0131l<span class=\"excerpt-hellip\"> [\u2026]<\/span><\/p>\n","protected":false},"featured_media":0,"template":"","meta":{"_monsterinsights_skip_tracking":false,"_monsterinsights_sitenote_active":false,"_monsterinsights_sitenote_note":"","_monsterinsights_sitenote_category":0},"product_brand":[],"product_cat":[12408,14197],"product_tag":[],"class_list":{"0":"post-720910","1":"product","2":"type-product","3":"status-publish","5":"product_cat-sanat","6":"product_cat-sanat-tarihi","7":"pa_cilt-ciltsiz","8":"pa_tur-kitap","9":"pa_yayinevi-hayalperest-yayinlari","10":"pa_yazar-nazan-ipsiroglu-mazhar-ipsiroglu","12":"first","13":"instock","14":"sale","15":"shipping-taxable","16":"purchasable","17":"product-type-simple"},"_links":{"self":[{"href":"https:\/\/roveyayinevi.com.tr\/index.php\/wp-json\/wp\/v2\/product\/720910","targetHints":{"allow":["GET"]}}],"collection":[{"href":"https:\/\/roveyayinevi.com.tr\/index.php\/wp-json\/wp\/v2\/product"}],"about":[{"href":"https:\/\/roveyayinevi.com.tr\/index.php\/wp-json\/wp\/v2\/types\/product"}],"wp:attachment":[{"href":"https:\/\/roveyayinevi.com.tr\/index.php\/wp-json\/wp\/v2\/media?parent=720910"}],"wp:term":[{"taxonomy":"product_brand","embeddable":true,"href":"https:\/\/roveyayinevi.com.tr\/index.php\/wp-json\/wp\/v2\/product_brand?post=720910"},{"taxonomy":"product_cat","embeddable":true,"href":"https:\/\/roveyayinevi.com.tr\/index.php\/wp-json\/wp\/v2\/product_cat?post=720910"},{"taxonomy":"product_tag","embeddable":true,"href":"https:\/\/roveyayinevi.com.tr\/index.php\/wp-json\/wp\/v2\/product_tag?post=720910"}],"curies":[{"name":"wp","href":"https:\/\/api.w.org\/{rel}","templated":true}]}}