{"id":720909,"date":"2025-08-27T18:42:45","date_gmt":"2025-08-27T15:42:45","guid":{"rendered":"https:\/\/roveyayinevi.com.tr\/index.php\/urun\/sanatin-tum-oykusu\/"},"modified":"2026-03-12T02:38:00","modified_gmt":"2026-03-11T23:38:00","slug":"sanatin-tum-oykusu","status":"publish","type":"product","link":"https:\/\/roveyayinevi.com.tr\/index.php\/urun\/sanatin-tum-oykusu\/","title":{"rendered":"Sanat\u0131n T\u00fcm \u00d6yk\u00fcs\u00fc"},"content":{"rendered":"<p>Sanat eseri \u00fcretmemi\u015f hi\u00e7 bir toplum yoktur. \u0130nsanlar i\u00e7in tasvir, s\u00fcsleme, hikaye anlat\u0131c\u0131l\u0131\u011f\u0131 ve m\u00fczik, ku\u015flar\u0131n yuva yapabilmesi kadar do\u011fald\u0131r. Sanat\u0131n ald\u0131\u011f\u0131 bi\u00e7imler farkl\u0131 zaman ve mekanlarda, toplumsal ve k\u00fclt\u00fcrel \u015fartlar\u0131n etkisiyle k\u00f6kten bir bi\u00e7imde de\u011fi\u015fime u\u011fram\u0131\u015ft\u0131r.  Bu sanatsal \u00e7al\u0131\u015fmalar\u0131n k\u00f6kensel amac\u0131 neydi ve onlar\u0131 bug\u00fcn nas\u0131l anlayabiliriz? Sanat neden tarihin belli d\u00f6nemlerinde serpildi? Neden baz\u0131 sanat eserleri bu denli \u00f6nemlidir? Sanat\u0131n T\u00fcm \u00d6yk\u00fcs\u00fc, sanat\u0131 ilkel toplumlardan beri d\u00fcnya \u00e7ap\u0131nda ya\u015fanan toplumsal ve k\u00fclt\u00fcrel geli\u015fmeler ba\u011flam\u0131na yerle\u015ftiren net ve do\u011frudan bir tarihsel panoramayla ba\u015fl\u0131yor. Kronolojik olarak d\u00fczenlenmi\u015f bu  kitap sanatsal geli\u015fmelerin izini d\u00f6nemden d\u00f6neme ve ak\u0131mdan ak\u0131ma s\u00fcr\u00fcyor. G\u00f6rsellerle desteklenen geni\u015f kapsaml\u0131 metin, resimden heykele, kavramsal sanattan performans sanat\u0131na, sanat\u0131n t\u00fcm \u00fcsluplar\u0131n\u0131 bar\u0131nd\u0131r\u0131yor. Belli ba\u015fl\u0131 sanat\u00e7\u0131lar\u0131n  \u00e7al\u0131\u015fma ve fikirlerinin ayr\u0131nt\u0131l\u0131 analizleri, bir sanat\u00e7\u0131n\u0131n di\u011fer sanat\u00e7\u0131lar\u0131 nas\u0131l etkiledi\u011fini ve \u00e7al\u0131\u015fmalar\u0131yla neye eri\u015fmeye \u00e7al\u0131\u015ft\u0131\u011f\u0131n\u0131 ortaya koyuyor. Detayl\u0131 k\u00fclt\u00fcrel tarih cetveli ise tarihsel ba\u011flamlar\u0131 ayd\u0131nl\u0131\u011fa kavu\u015fturuyor. Ayr\u0131ca bu kitapta her d\u00f6nemin veya ak\u0131m\u0131n tan\u0131mlay\u0131c\u0131 \u00f6zelliklerini somutlayan ba\u015fyap\u0131tlar detaylar\u0131na kadar analiz edilip vurgulan\u0131yor. Renk kullan\u0131m\u0131ndan g\u00f6rsel metaforlara, teknik yeniliklerden kal\u0131c\u0131 miraslara her \u015fey a\u00e7\u0131klan\u0131p size d\u00fcnyaca \u00fcnl\u00fc ba\u015fyap\u0131tlar\u0131n anlam\u0131n\u0131 yorumlama f\u0131rsat\u0131 sa\u011flan\u0131yor. Bab\u00fcr minyat\u00fcrlerindeki karma\u015f\u0131kl\u0131k kar\u015f\u0131s\u0131nda \u015fa\u015f\u0131r\u0131p kalacak, 19.y\u00fczy\u0131l Japon bask\u0131lar\u0131n\u0131n \u00f6nemini \u00f6\u011frenecek; Seurat\u2019\u0131n ola\u011fan\u00fcst\u00fc La Grande Jatte serine ilham kayna\u011f\u0131 olan renk teorilerinin ard\u0131ndaki bilimi anlayacak ve Picasso\u2019nun Avignonlu K\u0131zlar eserinin kendi d\u00f6neminde neden bir \u015fok etkisi yaratt\u0131\u011f\u0131n\u0131 ke\u015ffedeceksiniz.   En eski tarih \u00f6ncesi yontulardan ve ma\u011fara resimlerinden beri insanl\u0131k yarat\u0131c\u0131 etkisini kaydetme ihtiyac\u0131 hissetmi\u015ftir. Bug\u00fcn, \u00e7izme, resmetme ve yontma iste\u011fi her zamankinden daha belirgin ve bize kim oldu\u011fumuzu, nas\u0131l ya\u015fad\u0131\u011f\u0131m\u0131z\u0131, hat\u0131rtlatmaya devam etmekte. E\u011fer sanat\u0131 seviyor ve daha iyi anlamak istiyorsan\u0131z Sanat\u0131n T\u00fcm \u00d6yk\u00fcs\u00fc\u2019n\u00fcn sayfalar\u0131ndan ba\u015fka bir yere bakmaya ihtiyac\u0131n\u0131z yok. \u015eimdiye kadar yay\u0131mlanm\u0131\u015f en kolay anla\u015f\u0131l\u0131r d\u00fcnya sanat tarihi kitab\u0131  En bilinen eserlerin 1100&#8217;den fazla renkli ill\u00fcstrasyonu  Resim ve heykelcilikten kavramsal sanata kadar b\u00fct\u00fcn sanat t\u00fcrleri  Ak\u0131c\u0131 ve kolay okumaya elveri\u015fli sayfa tasar\u0131m\u0131  <\/p>\n","protected":false},"excerpt":{"rendered":"<p>Sanat eseri \u00fcretmemi\u015f hi\u00e7 bir toplum yoktur. \u0130nsanlar i\u00e7in tasvir, s\u00fcsleme, hikaye anlat\u0131c\u0131l\u0131\u011f\u0131 ve m\u00fczik, ku\u015flar\u0131n yuva yapabilmesi kadar do\u011fald\u0131r. Sanat\u0131n ald\u0131\u011f\u0131 bi\u00e7imler farkl\u0131 zaman ve<span class=\"excerpt-hellip\"> [\u2026]<\/span><\/p>\n","protected":false},"featured_media":0,"template":"","meta":{"_monsterinsights_skip_tracking":false,"_monsterinsights_sitenote_active":false,"_monsterinsights_sitenote_note":"","_monsterinsights_sitenote_category":0},"product_brand":[],"product_cat":[12408,14197],"product_tag":[],"class_list":{"0":"post-720909","1":"product","2":"type-product","3":"status-publish","5":"product_cat-sanat","6":"product_cat-sanat-tarihi","7":"pa_cilt-ciltsiz","8":"pa_tur-kitap","9":"pa_yayinevi-hayalperest-yayinlari","10":"pa_yazar-stephen-farthing","12":"first","13":"instock","14":"sale","15":"shipping-taxable","16":"purchasable","17":"product-type-simple"},"_links":{"self":[{"href":"https:\/\/roveyayinevi.com.tr\/index.php\/wp-json\/wp\/v2\/product\/720909","targetHints":{"allow":["GET"]}}],"collection":[{"href":"https:\/\/roveyayinevi.com.tr\/index.php\/wp-json\/wp\/v2\/product"}],"about":[{"href":"https:\/\/roveyayinevi.com.tr\/index.php\/wp-json\/wp\/v2\/types\/product"}],"wp:attachment":[{"href":"https:\/\/roveyayinevi.com.tr\/index.php\/wp-json\/wp\/v2\/media?parent=720909"}],"wp:term":[{"taxonomy":"product_brand","embeddable":true,"href":"https:\/\/roveyayinevi.com.tr\/index.php\/wp-json\/wp\/v2\/product_brand?post=720909"},{"taxonomy":"product_cat","embeddable":true,"href":"https:\/\/roveyayinevi.com.tr\/index.php\/wp-json\/wp\/v2\/product_cat?post=720909"},{"taxonomy":"product_tag","embeddable":true,"href":"https:\/\/roveyayinevi.com.tr\/index.php\/wp-json\/wp\/v2\/product_tag?post=720909"}],"curies":[{"name":"wp","href":"https:\/\/api.w.org\/{rel}","templated":true}]}}