{"id":720906,"date":"2025-08-27T18:42:42","date_gmt":"2025-08-27T15:42:42","guid":{"rendered":"https:\/\/roveyayinevi.com.tr\/index.php\/urun\/dunya-dunya-icinde\/"},"modified":"2026-04-16T02:28:46","modified_gmt":"2026-04-15T23:28:46","slug":"dunya-dunya-icinde","status":"publish","type":"product","link":"https:\/\/roveyayinevi.com.tr\/index.php\/urun\/dunya-dunya-icinde\/","title":{"rendered":"D\u00fcnya D\u00fcnya \u0130\u00e7inde"},"content":{"rendered":"<p>Ay\u015fe kuzinenin yan\u0131ndaki sedire uzand\u0131, sonra ne olduysa oldu ve kendisini anneannesinin annesinden kalma sand\u0131\u011f\u0131n ba\u015f\u0131nda buldu. Sand\u0131ktan sararm\u0131\u015f bir k\u00e2\u011f\u0131t \u00e7\u0131kt\u0131. K\u00e2\u011f\u0131tta \u00e7ok tuhaf bir tarif yaz\u0131yordu ama bu bir yemek tarifi olamazd\u0131. \u00d6yleyse neydi?Ay\u015fe \u00e7ok merakland\u0131, sonra da arkada\u015f\u0131 Hakan\u2019la bu esrarengiz tarifi uygulamaya koyuldu&#8230;Bazen hayaller ile r\u00fcyalar \u00f6yle birbirine kar\u0131\u015f\u0131r ki kendinizi farkl\u0131 farkl\u0131 d\u00fcnyalarda bulursunuz.<\/p>\n","protected":false},"excerpt":{"rendered":"<p>Ay\u015fe kuzinenin yan\u0131ndaki sedire uzand\u0131, sonra ne olduysa oldu ve kendisini anneannesinin annesinden kalma sand\u0131\u011f\u0131n ba\u015f\u0131nda buldu. Sand\u0131ktan sararm\u0131\u015f bir k\u00e2\u011f\u0131t \u00e7\u0131kt\u0131. K\u00e2\u011f\u0131tta \u00e7ok tuhaf bir<span class=\"excerpt-hellip\"> [\u2026]<\/span><\/p>\n","protected":false},"featured_media":0,"template":"","meta":{"_monsterinsights_skip_tracking":false,"_monsterinsights_sitenote_active":false,"_monsterinsights_sitenote_note":"","_monsterinsights_sitenote_category":0},"product_brand":[],"product_cat":[12274,12284],"product_tag":[],"class_list":{"0":"post-720906","1":"product","2":"type-product","3":"status-publish","5":"product_cat-cocuk-ve-genclik-kitaplari","6":"product_cat-hikayeler","7":"pa_cilt-ciltsiz","8":"pa_tur-kitap","9":"pa_yayinevi-yapi-kredi-yayinlari","10":"pa_yazar-filiz-ozdem","12":"first","13":"instock","14":"sale","15":"shipping-taxable","16":"purchasable","17":"product-type-simple"},"_links":{"self":[{"href":"https:\/\/roveyayinevi.com.tr\/index.php\/wp-json\/wp\/v2\/product\/720906","targetHints":{"allow":["GET"]}}],"collection":[{"href":"https:\/\/roveyayinevi.com.tr\/index.php\/wp-json\/wp\/v2\/product"}],"about":[{"href":"https:\/\/roveyayinevi.com.tr\/index.php\/wp-json\/wp\/v2\/types\/product"}],"wp:attachment":[{"href":"https:\/\/roveyayinevi.com.tr\/index.php\/wp-json\/wp\/v2\/media?parent=720906"}],"wp:term":[{"taxonomy":"product_brand","embeddable":true,"href":"https:\/\/roveyayinevi.com.tr\/index.php\/wp-json\/wp\/v2\/product_brand?post=720906"},{"taxonomy":"product_cat","embeddable":true,"href":"https:\/\/roveyayinevi.com.tr\/index.php\/wp-json\/wp\/v2\/product_cat?post=720906"},{"taxonomy":"product_tag","embeddable":true,"href":"https:\/\/roveyayinevi.com.tr\/index.php\/wp-json\/wp\/v2\/product_tag?post=720906"}],"curies":[{"name":"wp","href":"https:\/\/api.w.org\/{rel}","templated":true}]}}