{"id":720905,"date":"2025-08-27T18:42:42","date_gmt":"2025-08-27T15:42:42","guid":{"rendered":"https:\/\/roveyayinevi.com.tr\/index.php\/urun\/cocuklar-icin-mitoloji\/"},"modified":"2026-04-16T02:28:46","modified_gmt":"2026-04-15T23:28:46","slug":"cocuklar-icin-mitoloji","status":"publish","type":"product","link":"https:\/\/roveyayinevi.com.tr\/index.php\/urun\/cocuklar-icin-mitoloji\/","title":{"rendered":"\u00c7ocuklar \u0130\u00e7in Mitoloji"},"content":{"rendered":"<p>Haldun Taner\u2019in 1977 y\u0131l\u0131nda Milliyet \u00c7ocuk dergisi i\u00e7in yazd\u0131\u011f\u0131 mitoloji masallar\u0131 ilk kez \u00c7ocuklar \u0130\u00e7in Mitoloji ad\u0131yla bir arada.Cem K\u0131z\u0131ltu\u011f\u2019un usta i\u015fi resimleriyle Yunan mitolojisinin kahramanlar\u0131 ve olaylar\u0131 art\u0131k keyifli birer okuma par\u00e7as\u0131.\u00c7ocuklar\u0131n, gen\u00e7lerin, hatta yeti\u015fkinlerin tat alarak okuyacaklar\u0131, okurken de \u00e7ok \u015fey \u00f6\u011frenecekleri bir kitap.Mitoloji neye mi yarar, diye soranlara \u015f\u00f6yle cevap verebiliriz: Mitoloji bizi ge\u00e7mi\u015fin zengin bir hayal d\u00fcnyas\u0131 ile ba\u011flar, \u00e7o\u011fu sanat ve edebiyat eserlerine esin kayna\u011f\u0131 olan bir alan\u0131 yak\u0131n\u0131m\u0131za getirir. Mitoloji bilsek, \u00f6rne\u011fin her g\u00fcnk\u00fc dilimizde de bu renkli ve canl\u0131 4 deyimlerden, simgelerden yararlanabiliriz.<\/p>\n","protected":false},"excerpt":{"rendered":"<p>Haldun Taner\u2019in 1977 y\u0131l\u0131nda Milliyet \u00c7ocuk dergisi i\u00e7in yazd\u0131\u011f\u0131 mitoloji masallar\u0131 ilk kez \u00c7ocuklar \u0130\u00e7in Mitoloji ad\u0131yla bir arada.Cem K\u0131z\u0131ltu\u011f\u2019un usta i\u015fi resimleriyle Yunan mitolojisinin kahramanlar\u0131<span class=\"excerpt-hellip\"> [\u2026]<\/span><\/p>\n","protected":false},"featured_media":0,"template":"","meta":{"_monsterinsights_skip_tracking":false,"_monsterinsights_sitenote_active":false,"_monsterinsights_sitenote_note":"","_monsterinsights_sitenote_category":0},"product_brand":[],"product_cat":[12274,12523],"product_tag":[],"class_list":{"0":"post-720905","1":"product","2":"type-product","3":"status-publish","5":"product_cat-cocuk-ve-genclik-kitaplari","6":"product_cat-masallar","7":"pa_cilt-ciltsiz","8":"pa_tur-kitap","9":"pa_yayinevi-yapi-kredi-yayinlari","10":"pa_yazar-haldun-taner","12":"first","13":"instock","14":"sale","15":"shipping-taxable","16":"purchasable","17":"product-type-simple"},"_links":{"self":[{"href":"https:\/\/roveyayinevi.com.tr\/index.php\/wp-json\/wp\/v2\/product\/720905","targetHints":{"allow":["GET"]}}],"collection":[{"href":"https:\/\/roveyayinevi.com.tr\/index.php\/wp-json\/wp\/v2\/product"}],"about":[{"href":"https:\/\/roveyayinevi.com.tr\/index.php\/wp-json\/wp\/v2\/types\/product"}],"wp:attachment":[{"href":"https:\/\/roveyayinevi.com.tr\/index.php\/wp-json\/wp\/v2\/media?parent=720905"}],"wp:term":[{"taxonomy":"product_brand","embeddable":true,"href":"https:\/\/roveyayinevi.com.tr\/index.php\/wp-json\/wp\/v2\/product_brand?post=720905"},{"taxonomy":"product_cat","embeddable":true,"href":"https:\/\/roveyayinevi.com.tr\/index.php\/wp-json\/wp\/v2\/product_cat?post=720905"},{"taxonomy":"product_tag","embeddable":true,"href":"https:\/\/roveyayinevi.com.tr\/index.php\/wp-json\/wp\/v2\/product_tag?post=720905"}],"curies":[{"name":"wp","href":"https:\/\/api.w.org\/{rel}","templated":true}]}}