{"id":720903,"date":"2025-08-27T18:42:40","date_gmt":"2025-08-27T15:42:40","guid":{"rendered":"https:\/\/roveyayinevi.com.tr\/index.php\/urun\/grindelwaldin-suclari-fantastik-canavarlar\/"},"modified":"2026-04-16T02:28:46","modified_gmt":"2026-04-15T23:28:46","slug":"grindelwaldin-suclari-fantastik-canavarlar","status":"publish","type":"product","link":"https:\/\/roveyayinevi.com.tr\/index.php\/urun\/grindelwaldin-suclari-fantastik-canavarlar\/","title":{"rendered":"Grindelwald\u2019\u0131n Su\u00e7lar\u0131 &#8211; Fantastik Canavarlar"},"content":{"rendered":"<p>G\u00fc\u00e7l\u00fc karanl\u0131k b\u00fcy\u00fcc\u00fc Gellert Grindelwald, Newt Scamander\u2019\u0131n yard\u0131m\u0131yla New York\u2019ta yakalanm\u0131\u015ft\u0131. Ama Grindelwald dedi\u011fini yaparak ka\u00e7ar ve destek\u00e7ilerini bir araya getirmek i\u00e7in yola koyulur; bunlar\u0131n pek \u00e7o\u011fu Grindelwald\u2019\u0131n ger\u00e7ek planlar\u0131ndan habersizdir, Grindelwald\u2019\u0131n as\u0131l niyeti b\u00fcy\u00fcd\u0131\u015f\u0131 varl\u0131klar \u00fczerinde h\u00e2kimiyet kurmak i\u00e7in safkan b\u00fcy\u00fcc\u00fcleri ba\u015fkald\u0131rmaya te\u015fvik etmektir. Albus Dumbledore, Grindelwald\u2019\u0131n planlar\u0131na engel olmak i\u00e7in eski Hogwarts \u00f6\u011frencilerinden biri olan Newt Scamander\u2019\u0131 g\u00f6revlendirir, Newt kar\u015f\u0131s\u0131na \u00e7\u0131kabilecek tehlikelerin fark\u0131nda olmaks\u0131z\u0131n ona yard\u0131m etmeyi bir kez daha kabul eder. B\u00fcy\u00fcc\u00fcler d\u00fcnyas\u0131 gitgide b\u00f6l\u00fcn\u00fcrken, en sahici arkada\u015flar aras\u0131nda ve aile i\u00e7inde bile sevgiyle sadakat s\u0131nanacak ve herkes taraf\u0131n\u0131 se\u00e7ecektir.Fantastik Canavarlar: Grindelwald\u2019\u0131n Su\u00e7lar\u0131 uluslaras\u0131 \u00e7oksatan Harry Potter kitaplar\u0131n\u0131n yazar\u0131 J.K. Rowling\u2019in yazd\u0131\u011f\u0131, be\u015f filmden olu\u015facak bir film serisinin ikinci filminin senaryosudur. Fantastik Canavarlar Nelerdir, Nerede Bulunurlar?\u2019da ya\u015fananlardan birka\u00e7 ay sonra 1927 y\u0131l\u0131nda New York\u2019tan Londra\u2019ya, Paris\u2019e, hatta Hogwarts\u2019a ta\u015f\u0131nan bu gizemli ve sihirli hik\u00e2ye, b\u00fcy\u00fcc\u00fcler d\u00fcnyas\u0131nda ola\u011fan\u00fcst\u00fc yeni bir b\u00f6l\u00fcm\u00fc ortaya seriyor.<\/p>\n","protected":false},"excerpt":{"rendered":"<p>G\u00fc\u00e7l\u00fc karanl\u0131k b\u00fcy\u00fcc\u00fc Gellert Grindelwald, Newt Scamander\u2019\u0131n yard\u0131m\u0131yla New York\u2019ta yakalanm\u0131\u015ft\u0131. Ama Grindelwald dedi\u011fini yaparak ka\u00e7ar ve destek\u00e7ilerini bir araya getirmek i\u00e7in yola koyulur; bunlar\u0131n pek<span class=\"excerpt-hellip\"> [\u2026]<\/span><\/p>\n","protected":false},"featured_media":0,"template":"","meta":{"_monsterinsights_skip_tracking":false,"_monsterinsights_sitenote_active":false,"_monsterinsights_sitenote_note":"","_monsterinsights_sitenote_category":0},"product_brand":[],"product_cat":[12291,12711],"product_tag":[],"class_list":{"0":"post-720903","1":"product","2":"type-product","3":"status-publish","5":"product_cat-edebiyat","6":"product_cat-roman-oyku","7":"pa_cilt-ciltsiz","8":"pa_tur-kitap","9":"pa_yayinevi-yapi-kredi-yayinlari","10":"pa_yazar-j-k-rowling","12":"first","13":"instock","14":"sale","15":"shipping-taxable","16":"purchasable","17":"product-type-simple"},"_links":{"self":[{"href":"https:\/\/roveyayinevi.com.tr\/index.php\/wp-json\/wp\/v2\/product\/720903","targetHints":{"allow":["GET"]}}],"collection":[{"href":"https:\/\/roveyayinevi.com.tr\/index.php\/wp-json\/wp\/v2\/product"}],"about":[{"href":"https:\/\/roveyayinevi.com.tr\/index.php\/wp-json\/wp\/v2\/types\/product"}],"wp:attachment":[{"href":"https:\/\/roveyayinevi.com.tr\/index.php\/wp-json\/wp\/v2\/media?parent=720903"}],"wp:term":[{"taxonomy":"product_brand","embeddable":true,"href":"https:\/\/roveyayinevi.com.tr\/index.php\/wp-json\/wp\/v2\/product_brand?post=720903"},{"taxonomy":"product_cat","embeddable":true,"href":"https:\/\/roveyayinevi.com.tr\/index.php\/wp-json\/wp\/v2\/product_cat?post=720903"},{"taxonomy":"product_tag","embeddable":true,"href":"https:\/\/roveyayinevi.com.tr\/index.php\/wp-json\/wp\/v2\/product_tag?post=720903"}],"curies":[{"name":"wp","href":"https:\/\/api.w.org\/{rel}","templated":true}]}}