{"id":720902,"date":"2025-08-27T18:42:39","date_gmt":"2025-08-27T15:42:39","guid":{"rendered":"https:\/\/roveyayinevi.com.tr\/index.php\/urun\/kaptan-kancanin-bir-macerasi-ve-obur-yeni-oykuler\/"},"modified":"2026-04-16T02:28:46","modified_gmt":"2026-04-15T23:28:46","slug":"kaptan-kancanin-bir-macerasi-ve-obur-yeni-oykuler","status":"publish","type":"product","link":"https:\/\/roveyayinevi.com.tr\/index.php\/urun\/kaptan-kancanin-bir-macerasi-ve-obur-yeni-oykuler\/","title":{"rendered":"Kaptan Kanca\u2019n\u0131n Bir Maceras\u0131 ve \u00d6b\u00fcr Yeni \u00d6yk\u00fcler"},"content":{"rendered":"<p>Faruk Duman, son d\u00f6nemde yazd\u0131\u011f\u0131 \u00f6yk\u00fcleri iki b\u00f6l\u00fcmde topluyor: \u201cKaptan Kanca\u2019n\u0131n Bir Maceras\u0131\u201d b\u00f6l\u00fcm\u00fcnde d\u00f6rt, \u201cEvimizin \u00c7evresinde \u00c7akallar Dola\u015f\u0131yor\u201d b\u00f6l\u00fcm\u00fcnde on d\u00f6rt \u00f6yk\u00fc var. \u00d6zellikle son roman\u0131 Sus Barbatus! ekseninde okunabilecek, ilk b\u00f6l\u00fcmde 1970\u2019li y\u0131llar\u0131n siyasi ortam\u0131n\u0131 arkas\u0131na alan, etkili bir masal-s\u00f6ylence diliyle kurulmu\u015f metinler s\u0131ralan\u0131yor. Epi\u011fin izini s\u00fcren yazar, ucu k\u0131r\u0131k c\u00fcmlelerle s\u00f6z\u00fcn vurgusunu bozuyor, dahas\u0131 kurmacay\u0131 \u00e7oksesli yap\u0131yla g\u00fc\u00e7lendiriyor. Ayr\u0131ca \u00f6yk\u00fcde g\u00f6rsel imgeler \u00fcretmeyi seviyor, s\u00f6zl\u00fc edebiyat\u0131n incelikleriyle \u00f6zg\u00fcn bir yaz\u0131 dili yaratmay\u0131 ba\u015far\u0131yor. Faruk Duman, Kaptan Kanca\u2019n\u0131n Bir Maceras\u0131 ve \u00d6b\u00fcr Yeni \u00d6yk\u00fcler\u2019de iyi edebiyat\u0131n se\u00e7kin \u00f6rneklerini veriyor. <\/p>\n","protected":false},"excerpt":{"rendered":"<p>Faruk Duman, son d\u00f6nemde yazd\u0131\u011f\u0131 \u00f6yk\u00fcleri iki b\u00f6l\u00fcmde topluyor: \u201cKaptan Kanca\u2019n\u0131n Bir Maceras\u0131\u201d b\u00f6l\u00fcm\u00fcnde d\u00f6rt, \u201cEvimizin \u00c7evresinde \u00c7akallar Dola\u015f\u0131yor\u201d b\u00f6l\u00fcm\u00fcnde on d\u00f6rt \u00f6yk\u00fc var. \u00d6zellikle son<span class=\"excerpt-hellip\"> [\u2026]<\/span><\/p>\n","protected":false},"featured_media":0,"template":"","meta":{"_monsterinsights_skip_tracking":false,"_monsterinsights_sitenote_active":false,"_monsterinsights_sitenote_note":"","_monsterinsights_sitenote_category":0},"product_brand":[],"product_cat":[12291,12711],"product_tag":[],"class_list":{"0":"post-720902","1":"product","2":"type-product","3":"status-publish","5":"product_cat-edebiyat","6":"product_cat-roman-oyku","7":"pa_cilt-ciltsiz","8":"pa_tur-kitap","9":"pa_yayinevi-yapi-kredi-yayinlari","10":"pa_yazar-faruk-duman","12":"first","13":"instock","14":"sale","15":"shipping-taxable","16":"purchasable","17":"product-type-simple"},"_links":{"self":[{"href":"https:\/\/roveyayinevi.com.tr\/index.php\/wp-json\/wp\/v2\/product\/720902","targetHints":{"allow":["GET"]}}],"collection":[{"href":"https:\/\/roveyayinevi.com.tr\/index.php\/wp-json\/wp\/v2\/product"}],"about":[{"href":"https:\/\/roveyayinevi.com.tr\/index.php\/wp-json\/wp\/v2\/types\/product"}],"wp:attachment":[{"href":"https:\/\/roveyayinevi.com.tr\/index.php\/wp-json\/wp\/v2\/media?parent=720902"}],"wp:term":[{"taxonomy":"product_brand","embeddable":true,"href":"https:\/\/roveyayinevi.com.tr\/index.php\/wp-json\/wp\/v2\/product_brand?post=720902"},{"taxonomy":"product_cat","embeddable":true,"href":"https:\/\/roveyayinevi.com.tr\/index.php\/wp-json\/wp\/v2\/product_cat?post=720902"},{"taxonomy":"product_tag","embeddable":true,"href":"https:\/\/roveyayinevi.com.tr\/index.php\/wp-json\/wp\/v2\/product_tag?post=720902"}],"curies":[{"name":"wp","href":"https:\/\/api.w.org\/{rel}","templated":true}]}}