{"id":720897,"date":"2025-08-27T18:42:35","date_gmt":"2025-08-27T15:42:35","guid":{"rendered":"https:\/\/roveyayinevi.com.tr\/index.php\/urun\/aklin-islevi\/"},"modified":"2026-04-16T02:28:46","modified_gmt":"2026-04-15T23:28:46","slug":"aklin-islevi","status":"publish","type":"product","link":"https:\/\/roveyayinevi.com.tr\/index.php\/urun\/aklin-islevi\/","title":{"rendered":"Akl\u0131n \u0130\u015flevi"},"content":{"rendered":"<p>Alfred North Whitehead\u2019in ba\u015fyap\u0131t\u0131 S\u00fcre\u00e7 ve Ger\u00e7eklik ile ayn\u0131 y\u0131l yay\u0131mlad\u0131\u011f\u0131 ve onun tamamlay\u0131c\u0131s\u0131 olan Akl\u0131n \u0130\u015flevi, evrim ve k\u00fclt\u00fcr s\u00fcrecinde Akl\u0131n rol\u00fc ve yerini sorguluyor.Elinizdeki eserinde Whitehead, en genel anlamda Akl\u0131n \u0130\u015flevinin, Ya\u015fam Sanat\u0131n\u0131 Y\u00fckseltmek oldu\u011funu; bu y\u00fczden hayatta kalman\u0131n ya da salt ya\u015faman\u0131n yeterli olmad\u0131\u011f\u0131n\u0131, iyi ya\u015famak ve daha iyi ya\u015famak gerekti\u011fini s\u00f6yler. Bu, bir anlamda insan\u0131n, t\u00fcm i\u015flevleriyle Akl\u0131n kendini ger\u00e7ekle\u015ftirmesini engelleyen ya\u015fam\u0131n tekd\u00fczeli\u011fini bir kenara b\u0131rakarak daima daha iyinin pe\u015finde olaca\u011f\u0131 bir ser\u00fcvenin ad\u0131d\u0131r. Zira ya\u015fam\u0131n anlam\u0131, tekd\u00fczeli\u011fe kar\u015f\u0131 yeni m\u00fckemmellikler arama anlam\u0131nda bir ser\u00fcven\u2019dir. Ayn\u0131 zamanda bu ser\u00fcven, Akl\u0131n t\u00fcm i\u015flevlerini ger\u00e7ekle\u015ftirmesi demektir. T\u00fcm y\u00f6nleriyle Akl\u0131n i\u015flevlerini yerine getiremedi\u011fi, yani ser\u00fcvensiz bir insan, tam bir \u00e7\u00fcr\u00fcme i\u00e7indedir.A. N. Whitehead\u2019in Otobiyografi\u2019si, A. D. Ritchie\u2019nin Spek\u00fclatif Ak\u0131l Savunmas\u0131 ile birlikte \u00e7evirmen Kevser \u00c7elik\u2019in Terc\u00fcme, Medeniyet ve Akl\u0131n \u0130\u015flevi\u2019 yaz\u0131lar\u0131n\u0131 da i\u00e7eren eser, Whitehead felsefesini ve Akl\u0131n \u0130\u015flevini anlamada okura k\u0131lavuzlu\u011fa taliptir.<\/p>\n","protected":false},"excerpt":{"rendered":"<p>Alfred North Whitehead\u2019in ba\u015fyap\u0131t\u0131 S\u00fcre\u00e7 ve Ger\u00e7eklik ile ayn\u0131 y\u0131l yay\u0131mlad\u0131\u011f\u0131 ve onun tamamlay\u0131c\u0131s\u0131 olan Akl\u0131n \u0130\u015flevi, evrim ve k\u00fclt\u00fcr s\u00fcrecinde Akl\u0131n rol\u00fc ve yerini sorguluyor.Elinizdeki<span class=\"excerpt-hellip\"> [\u2026]<\/span><\/p>\n","protected":false},"featured_media":0,"template":"","meta":{"_monsterinsights_skip_tracking":false,"_monsterinsights_sitenote_active":false,"_monsterinsights_sitenote_note":"","_monsterinsights_sitenote_category":0},"product_brand":[],"product_cat":[12388,14717],"product_tag":[],"class_list":{"0":"post-720897","1":"product","2":"type-product","3":"status-publish","5":"product_cat-felsefe","6":"product_cat-felsefe-tarihi","7":"pa_cilt-ciltsiz","8":"pa_tur-kitap","9":"pa_yayinevi-fol-kitap","10":"pa_yazar-alfred-north-whitehead","12":"first","13":"instock","14":"sale","15":"shipping-taxable","16":"purchasable","17":"product-type-simple"},"_links":{"self":[{"href":"https:\/\/roveyayinevi.com.tr\/index.php\/wp-json\/wp\/v2\/product\/720897","targetHints":{"allow":["GET"]}}],"collection":[{"href":"https:\/\/roveyayinevi.com.tr\/index.php\/wp-json\/wp\/v2\/product"}],"about":[{"href":"https:\/\/roveyayinevi.com.tr\/index.php\/wp-json\/wp\/v2\/types\/product"}],"wp:attachment":[{"href":"https:\/\/roveyayinevi.com.tr\/index.php\/wp-json\/wp\/v2\/media?parent=720897"}],"wp:term":[{"taxonomy":"product_brand","embeddable":true,"href":"https:\/\/roveyayinevi.com.tr\/index.php\/wp-json\/wp\/v2\/product_brand?post=720897"},{"taxonomy":"product_cat","embeddable":true,"href":"https:\/\/roveyayinevi.com.tr\/index.php\/wp-json\/wp\/v2\/product_cat?post=720897"},{"taxonomy":"product_tag","embeddable":true,"href":"https:\/\/roveyayinevi.com.tr\/index.php\/wp-json\/wp\/v2\/product_tag?post=720897"}],"curies":[{"name":"wp","href":"https:\/\/api.w.org\/{rel}","templated":true}]}}