{"id":720893,"date":"2025-08-27T18:42:33","date_gmt":"2025-08-27T15:42:33","guid":{"rendered":"https:\/\/roveyayinevi.com.tr\/index.php\/urun\/365-gun-nefes\/"},"modified":"2026-04-16T02:28:46","modified_gmt":"2026-04-15T23:28:46","slug":"365-gun-nefes","status":"publish","type":"product","link":"https:\/\/roveyayinevi.com.tr\/index.php\/urun\/365-gun-nefes\/","title":{"rendered":"365 G\u00fcn Nefes"},"content":{"rendered":"<p>Nefesin fiziksel, zihinsel, duygusal ve ruhsal g\u00fcc\u00fcn, yani b\u00fct\u00fcnc\u00fcl sa\u011fl\u0131\u011f\u0131n temel bile\u015feni oldu\u011fu insanl\u0131\u011f\u0131n ortak bilgisidir. \u00c7ok tanr\u0131l\u0131 dinlerin yan\u0131 s\u0131ra tek tanr\u0131l\u0131 dinler ve kutsal kitaplarda nefese \u00e7ok \u00f6zel anlamlar y\u00fcklenmi\u015ftir. \u00d6yle ki, \u00e7o\u011fu dilde nefes ve ruh ayn\u0131 s\u00f6zc\u00fcklerle ifade edilmi\u015ftir. \u0130nsan\u0131 \u00f6l\u00fcms\u00fczl\u00fc\u011fe, sonsuz gen\u00e7li\u011fe kavu\u015fturacak gizil bilginin bile nefeste sakl\u0131 oldu\u011funa inan\u0131lm\u0131\u015ft\u0131r. Tarih boyunca \u015eifac\u0131lar nefesin g\u00fcc\u00fcn\u00fc b\u00fct\u00fcnc\u00fcl sa\u011fl\u0131\u011fa kavu\u015fmak i\u00e7in kullan\u0131rken b\u00f6ylesi \u00f6nemli bir g\u00fcce Bat\u0131l\u0131lar da kay\u0131ts\u0131z kalamam\u0131\u015ft\u0131r.   Bat\u0131l\u0131 bilim insanlar\u0131 binlerce y\u0131l sonra nefesin iyile\u015ftirici potansiyelini yeniden ke\u015ffetmi\u015f ve kadim bilgiler ekseninde birtak\u0131m teknikler geli\u015ftirmi\u015flerdir. \u0130\u015fte bu \u00e7ok de\u011ferli, d\u00f6n\u00fc\u015ft\u00fcr\u00fcc\u00fc bilgilerin, ya\u015fam yolunuzu ayd\u0131nlatacak tekniklerin \u00f6ne \u00e7\u0131kanlar\u0131 elinizdeki kitapta yer al\u0131yor.   \u201c365 g\u00fcn\u201d uygulaman\u0131z ve sa\u011fl\u0131kl\u0131 nefes alman\u0131z dile\u011fiyle&#8230; <\/p>\n","protected":false},"excerpt":{"rendered":"<p>Nefesin fiziksel, zihinsel, duygusal ve ruhsal g\u00fcc\u00fcn, yani b\u00fct\u00fcnc\u00fcl sa\u011fl\u0131\u011f\u0131n temel bile\u015feni oldu\u011fu insanl\u0131\u011f\u0131n ortak bilgisidir. \u00c7ok tanr\u0131l\u0131 dinlerin yan\u0131 s\u0131ra tek tanr\u0131l\u0131 dinler ve kutsal<span class=\"excerpt-hellip\"> [\u2026]<\/span><\/p>\n","protected":false},"featured_media":0,"template":"","meta":{"_monsterinsights_skip_tracking":false,"_monsterinsights_sitenote_active":false,"_monsterinsights_sitenote_note":"","_monsterinsights_sitenote_category":0},"product_brand":[],"product_cat":[16965,13365],"product_tag":[],"class_list":{"0":"post-720893","1":"product","2":"type-product","3":"status-publish","5":"product_cat-genel-saglik-kitaplari","6":"product_cat-saglik","7":"pa_cilt-ciltsiz","8":"pa_tur-kitap","9":"pa_yayinevi-kuraldisi-yayinevi","10":"pa_yazar-omer-onder","12":"first","13":"instock","14":"sale","15":"shipping-taxable","16":"purchasable","17":"product-type-simple"},"_links":{"self":[{"href":"https:\/\/roveyayinevi.com.tr\/index.php\/wp-json\/wp\/v2\/product\/720893","targetHints":{"allow":["GET"]}}],"collection":[{"href":"https:\/\/roveyayinevi.com.tr\/index.php\/wp-json\/wp\/v2\/product"}],"about":[{"href":"https:\/\/roveyayinevi.com.tr\/index.php\/wp-json\/wp\/v2\/types\/product"}],"wp:attachment":[{"href":"https:\/\/roveyayinevi.com.tr\/index.php\/wp-json\/wp\/v2\/media?parent=720893"}],"wp:term":[{"taxonomy":"product_brand","embeddable":true,"href":"https:\/\/roveyayinevi.com.tr\/index.php\/wp-json\/wp\/v2\/product_brand?post=720893"},{"taxonomy":"product_cat","embeddable":true,"href":"https:\/\/roveyayinevi.com.tr\/index.php\/wp-json\/wp\/v2\/product_cat?post=720893"},{"taxonomy":"product_tag","embeddable":true,"href":"https:\/\/roveyayinevi.com.tr\/index.php\/wp-json\/wp\/v2\/product_tag?post=720893"}],"curies":[{"name":"wp","href":"https:\/\/api.w.org\/{rel}","templated":true}]}}