{"id":720888,"date":"2025-08-27T18:42:29","date_gmt":"2025-08-27T15:42:29","guid":{"rendered":"https:\/\/roveyayinevi.com.tr\/index.php\/urun\/med-cezir-2\/"},"modified":"2026-04-16T02:28:46","modified_gmt":"2026-04-15T23:28:46","slug":"med-cezir-2","status":"publish","type":"product","link":"https:\/\/roveyayinevi.com.tr\/index.php\/urun\/med-cezir-2\/","title":{"rendered":"Med-Cezir"},"content":{"rendered":"<p>Sa\u00e7lar\u0131m\u0131n k\u0131sa taraf\u0131ndan sev beni!  Ve sev \u015fayet becerebiliyorsan karanl\u0131\u011f\u0131mdan. \u2018Gel-git\u2019lerimden, ya\u011fmurlar\u0131mdan, G\u00fcne\u015f\u2019imden, Ay\u2019\u0131mdan&#8230; Ama en \u00e7ok da \u00e7ocuklu\u011fumdan sev beni, unutma! Kalp hizanda sev beni, sak\u0131n belinden a\u015fa\u011f\u0131da tutma! Belden a\u015fa\u011f\u0131 bir sevgiyi elbet a\u015fk \u00e7arpar sonunda. G\u00f6z\u00fcmden akan ya\u015flardan sev beni mesela, Ki sadece sen dokundun yana\u011f\u0131mdan s\u00fcz\u00fcl\u00fcrken onlara. Ac\u0131mdan, sanc\u0131mdan, hastal\u0131kl\u0131 ruhumdan&#8230; Her birinden ayr\u0131 ayr\u0131 sev, hi\u00e7birini atlama. K\u0131rg\u0131nl\u0131\u011f\u0131m, yorgunlu\u011fum, umutsuzlu\u011fum&#8230; Onlar\u0131 da seversen minnettar kal\u0131r\u0131m sana.<\/p>\n","protected":false},"excerpt":{"rendered":"<p>Sa\u00e7lar\u0131m\u0131n k\u0131sa taraf\u0131ndan sev beni! Ve sev \u015fayet becerebiliyorsan karanl\u0131\u011f\u0131mdan. \u2018Gel-git\u2019lerimden, ya\u011fmurlar\u0131mdan, G\u00fcne\u015f\u2019imden, Ay\u2019\u0131mdan&#8230; Ama en \u00e7ok da \u00e7ocuklu\u011fumdan sev beni, unutma! Kalp hizanda sev beni,<span class=\"excerpt-hellip\"> [\u2026]<\/span><\/p>\n","protected":false},"featured_media":0,"template":"","meta":{"_monsterinsights_skip_tracking":false,"_monsterinsights_sitenote_active":false,"_monsterinsights_sitenote_note":"","_monsterinsights_sitenote_category":0},"product_brand":[],"product_cat":[12291,12509],"product_tag":[],"class_list":{"0":"post-720888","1":"product","2":"type-product","3":"status-publish","5":"product_cat-edebiyat","6":"product_cat-siir","7":"pa_cilt-ciltsiz","8":"pa_tur-kitap","9":"pa_yayinevi-nar-agaci-yayinlari","10":"pa_yazar-esra-buyukbabuccu","12":"first","13":"instock","14":"sale","15":"shipping-taxable","16":"purchasable","17":"product-type-simple"},"_links":{"self":[{"href":"https:\/\/roveyayinevi.com.tr\/index.php\/wp-json\/wp\/v2\/product\/720888","targetHints":{"allow":["GET"]}}],"collection":[{"href":"https:\/\/roveyayinevi.com.tr\/index.php\/wp-json\/wp\/v2\/product"}],"about":[{"href":"https:\/\/roveyayinevi.com.tr\/index.php\/wp-json\/wp\/v2\/types\/product"}],"wp:attachment":[{"href":"https:\/\/roveyayinevi.com.tr\/index.php\/wp-json\/wp\/v2\/media?parent=720888"}],"wp:term":[{"taxonomy":"product_brand","embeddable":true,"href":"https:\/\/roveyayinevi.com.tr\/index.php\/wp-json\/wp\/v2\/product_brand?post=720888"},{"taxonomy":"product_cat","embeddable":true,"href":"https:\/\/roveyayinevi.com.tr\/index.php\/wp-json\/wp\/v2\/product_cat?post=720888"},{"taxonomy":"product_tag","embeddable":true,"href":"https:\/\/roveyayinevi.com.tr\/index.php\/wp-json\/wp\/v2\/product_tag?post=720888"}],"curies":[{"name":"wp","href":"https:\/\/api.w.org\/{rel}","templated":true}]}}