{"id":720887,"date":"2025-08-27T18:42:28","date_gmt":"2025-08-27T15:42:28","guid":{"rendered":"https:\/\/roveyayinevi.com.tr\/index.php\/urun\/kursak-kramplari\/"},"modified":"2026-04-16T02:28:46","modified_gmt":"2026-04-15T23:28:46","slug":"kursak-kramplari","status":"publish","type":"product","link":"https:\/\/roveyayinevi.com.tr\/index.php\/urun\/kursak-kramplari\/","title":{"rendered":"Kursak Kramplar\u0131"},"content":{"rendered":"<p>Kalp ile anlayal\u0131m, kafi gelir bize&#8230;\u201cKursa\u011f\u0131mda bir kramp var biliyor musun? \u00c7\u0131k\u0131p gitmeye mi \u00e7al\u0131\u015f\u0131yor benden yoksa yutkunup yok mu saysam bilemiyorum.\u201d\u201cB\u0131rak kals\u0131n orada. Ne zaman kapt\u0131rsan kendini d\u00fcnyan\u0131n heyulas\u0131na, akl\u0131na gelir, duraksars\u0131n. Koru onu.\u201dKalbinde, senin bile bilmedi\u011fin nice hakikat, kalbinde hi\u00e7 bilmedi\u011fin nice hakikat \u00f6ylece durur. Umulur ki bir g\u00fcn harekete ge\u00e7er, biri, bir \u015fey onu oradan s\u00f6ker ve vurur yukar\u0131 do\u011fru, keskin, yak\u0131c\u0131, a\u011fr\u0131l\u0131 bir kramp gibi, bo\u011faz\u0131ndan yukar\u0131. Ka\u00e7mazsan, kurtulmaya \u00e7al\u0131\u015fmazsan, inkar etmezsen\u2026 O zaman hakikat diline gelir. Anlars\u0131n\u2026 O zaman\u2026 Yakaland\u0131\u011f\u0131n zaman\u2026 G\u00f6ze ald\u0131\u011f\u0131n zaman\u2026Kalp ile anlayal\u0131m, kafi gelir bize&#8230;<\/p>\n","protected":false},"excerpt":{"rendered":"<p>Kalp ile anlayal\u0131m, kafi gelir bize&#8230;\u201cKursa\u011f\u0131mda bir kramp var biliyor musun? \u00c7\u0131k\u0131p gitmeye mi \u00e7al\u0131\u015f\u0131yor benden yoksa yutkunup yok mu saysam bilemiyorum.\u201d\u201cB\u0131rak kals\u0131n orada. Ne zaman<span class=\"excerpt-hellip\"> [\u2026]<\/span><\/p>\n","protected":false},"featured_media":0,"template":"","meta":{"_monsterinsights_skip_tracking":false,"_monsterinsights_sitenote_active":false,"_monsterinsights_sitenote_note":"","_monsterinsights_sitenote_category":0},"product_brand":[],"product_cat":[12291,12711],"product_tag":[],"class_list":{"0":"post-720887","1":"product","2":"type-product","3":"status-publish","5":"product_cat-edebiyat","6":"product_cat-roman-oyku","7":"pa_cilt-ciltsiz","8":"pa_tur-kitap","9":"pa_yayinevi-hayykitap","10":"pa_yazar-cihan-aldik","12":"first","13":"instock","14":"sale","15":"shipping-taxable","16":"purchasable","17":"product-type-simple"},"_links":{"self":[{"href":"https:\/\/roveyayinevi.com.tr\/index.php\/wp-json\/wp\/v2\/product\/720887","targetHints":{"allow":["GET"]}}],"collection":[{"href":"https:\/\/roveyayinevi.com.tr\/index.php\/wp-json\/wp\/v2\/product"}],"about":[{"href":"https:\/\/roveyayinevi.com.tr\/index.php\/wp-json\/wp\/v2\/types\/product"}],"wp:attachment":[{"href":"https:\/\/roveyayinevi.com.tr\/index.php\/wp-json\/wp\/v2\/media?parent=720887"}],"wp:term":[{"taxonomy":"product_brand","embeddable":true,"href":"https:\/\/roveyayinevi.com.tr\/index.php\/wp-json\/wp\/v2\/product_brand?post=720887"},{"taxonomy":"product_cat","embeddable":true,"href":"https:\/\/roveyayinevi.com.tr\/index.php\/wp-json\/wp\/v2\/product_cat?post=720887"},{"taxonomy":"product_tag","embeddable":true,"href":"https:\/\/roveyayinevi.com.tr\/index.php\/wp-json\/wp\/v2\/product_tag?post=720887"}],"curies":[{"name":"wp","href":"https:\/\/api.w.org\/{rel}","templated":true}]}}