{"id":720886,"date":"2025-08-27T18:42:27","date_gmt":"2025-08-27T15:42:27","guid":{"rendered":"https:\/\/roveyayinevi.com.tr\/index.php\/urun\/benim-guzel-hatalarim\/"},"modified":"2026-04-15T02:38:42","modified_gmt":"2026-04-14T23:38:42","slug":"benim-guzel-hatalarim","status":"publish","type":"product","link":"https:\/\/roveyayinevi.com.tr\/index.php\/urun\/benim-guzel-hatalarim\/","title":{"rendered":"Benim G\u00fczel Hatalar\u0131m"},"content":{"rendered":"<p>\u00c7\u00fcnk\u00fc sen hatalar\u0131nla g\u00fczelsin&#8230;Birini tek c\u0327are olarak g\u00f6rmek seni zay\u0131f d\u00fc\u015f\u00fcr\u00fcr , c\u0327aresiz k\u0131lar.Kimseye ihtiyac\u0131n yok.Sen ahlaks\u0131z bir galibiyettense kaybetmeyi tercih ettig\u0306inde gu\u0308zelsin.Bas\u0327kas\u0131n\u0131n sonu mutlu biten masal\u0131nda olmaktansa, gerekirse kendi masal\u0131n\u0131n mutsuzu olup, g\u00f6\u011fs\u00fcn\u00fc gere gere yaln\u0131zl\u0131\u011f\u0131 yas\u0327ad\u0131\u011f\u0131nda gu\u0308zelsin.C\u0327u\u0308nku\u0308 \u201cSen\u201d sadece \u201cSen\u201d olmay\u0131 bas\u0327arabildi\u011finde gu\u0308zelsin&#8230;Yas\u0327anmas\u0131 gereken ne varsa yas\u0327and\u0131. Sevab\u0131yla, g\u00fcnah\u0131yla&#8230;Art\u0131k bulundug\u0306un an\u0131n en saf, en temiz halindesin. B\u0131rak aks\u0131n g\u00f6zya\u015flar\u0131n.Sen ak\u0131tt\u0131g\u0306\u0131n damlalar kadar g\u00fc\u00e7l\u00fcs\u00fcn bu hayatta. Seni yapt\u0131klar\u0131ndan dolay\u0131 su\u00e7lu g\u00f6sterenler olursa, onlar\u0131 da sak\u0131n umursama.\u00c7\u00fcnk\u00fc sen hatalar\u0131nla g\u00fczelsin&#8230;<\/p>\n","protected":false},"excerpt":{"rendered":"<p>\u00c7\u00fcnk\u00fc sen hatalar\u0131nla g\u00fczelsin&#8230;Birini tek c\u0327are olarak g\u00f6rmek seni zay\u0131f d\u00fc\u015f\u00fcr\u00fcr , c\u0327aresiz k\u0131lar.Kimseye ihtiyac\u0131n yok.Sen ahlaks\u0131z bir galibiyettense kaybetmeyi tercih ettig\u0306inde gu\u0308zelsin.Bas\u0327kas\u0131n\u0131n sonu mutlu biten<span class=\"excerpt-hellip\"> [\u2026]<\/span><\/p>\n","protected":false},"featured_media":0,"template":"","meta":{"_monsterinsights_skip_tracking":false,"_monsterinsights_sitenote_active":false,"_monsterinsights_sitenote_note":"","_monsterinsights_sitenote_category":0},"product_brand":[],"product_cat":[12777,12291],"product_tag":[],"class_list":{"0":"post-720886","1":"product","2":"type-product","3":"status-publish","5":"product_cat-deneme","6":"product_cat-edebiyat","7":"pa_cilt-ciltsiz","8":"pa_tur-kitap","9":"pa_yayinevi-hayykitap","10":"pa_yazar-mehmet-ali-kilinc","12":"first","13":"instock","14":"sale","15":"shipping-taxable","16":"purchasable","17":"product-type-simple"},"_links":{"self":[{"href":"https:\/\/roveyayinevi.com.tr\/index.php\/wp-json\/wp\/v2\/product\/720886","targetHints":{"allow":["GET"]}}],"collection":[{"href":"https:\/\/roveyayinevi.com.tr\/index.php\/wp-json\/wp\/v2\/product"}],"about":[{"href":"https:\/\/roveyayinevi.com.tr\/index.php\/wp-json\/wp\/v2\/types\/product"}],"wp:attachment":[{"href":"https:\/\/roveyayinevi.com.tr\/index.php\/wp-json\/wp\/v2\/media?parent=720886"}],"wp:term":[{"taxonomy":"product_brand","embeddable":true,"href":"https:\/\/roveyayinevi.com.tr\/index.php\/wp-json\/wp\/v2\/product_brand?post=720886"},{"taxonomy":"product_cat","embeddable":true,"href":"https:\/\/roveyayinevi.com.tr\/index.php\/wp-json\/wp\/v2\/product_cat?post=720886"},{"taxonomy":"product_tag","embeddable":true,"href":"https:\/\/roveyayinevi.com.tr\/index.php\/wp-json\/wp\/v2\/product_tag?post=720886"}],"curies":[{"name":"wp","href":"https:\/\/api.w.org\/{rel}","templated":true}]}}