{"id":720885,"date":"2025-08-27T18:42:27","date_gmt":"2025-08-27T15:42:27","guid":{"rendered":"https:\/\/roveyayinevi.com.tr\/index.php\/urun\/kalbin-ask-vakti\/"},"modified":"2026-04-16T02:28:46","modified_gmt":"2026-04-15T23:28:46","slug":"kalbin-ask-vakti","status":"publish","type":"product","link":"https:\/\/roveyayinevi.com.tr\/index.php\/urun\/kalbin-ask-vakti\/","title":{"rendered":"Kalbin A\u015fk Vakti"},"content":{"rendered":"<p>A\u015fk bir el\u00e7idir, olup bitenden de\u011fil, olup bitmeyenden haber getirir.Ba\u015fkalar\u0131yla ya\u015famay\u0131 \u00f6\u011frenebiliyor da, kendisiyle ya\u015famay\u0131 bir t\u00fcrl\u00fc \u00f6\u011frenemiyor insan. \u00c7\u00fcnk\u00fc ilkinde hayat\u0131 tan\u0131mak, ikincisinde Allah\u2019\u0131 tan\u0131mak elzemdir.Oysa perhizin yerini diyet, e\u011flencenin yerini \u015famata, ne\u015fenin yerini zemberekli kahkaha, h\u00fczn\u00fcn yerini can s\u0131k\u0131nt\u0131s\u0131, k\u0131l\u0131f\u0131n yerini ambalaj, muhafazan\u0131n yerini kullan at, ebedinin yerini garanti , \u015feffafl\u0131\u011f\u0131n yerini transparanl\u0131k, kulun yerini ben, iman\u0131n yerini ba\u011f\u0131ml\u0131l\u0131k, Tanr\u0131\u2019n\u0131n yerini Star ald\u0131.\u0130badet diye diye Allah hayattan ay\u0131r\u0131ld\u0131. Oysa sokak da tap\u0131nak kadar kutsald\u0131r. Oysa Allah\u2019la insan\u0131n ili\u015fkisinin as\u0131l ad\u0131 \u2018ibadet\u2019 de\u011fil, hayatt\u0131r.\u015eimdi hayat\u0131 \u2018on\u2019 \u00fczerinden de\u011fil, s\u0131f\u0131rdan kurmak gerek.Mutlaka ama mutlaka \u00e7a\u011fr\u0131l\u0131yorsun, kulak kabartmay\u0131 bil.Vefa \u00d6nal1958 y\u0131l\u0131nda Ankara\u2019da do\u011fdu. Y\u00fcksek \u00f6\u011frenimini de ayn\u0131 kentte tamamlad\u0131ktan sonra, bran\u015f \u00f6\u011fretmeni olarak yurdun \u00e7e\u015fitli yerlerinde \u00e7al\u0131\u015ft\u0131. Emekli oldu. Dat\u00e7a\u2019da ya\u015f\u0131yor. Ya\u015fad\u0131k\u00e7a, insan\u0131n en iyi yapabildi\u011fi \u015fey neyse ona meyletti\u011fini, kendisinin en iyi yapabildi\u011fi \u015feyin ise hakikati ve hakikatini bilmeye \u00e7abalamak oldu\u011funu anlad\u0131.<\/p>\n","protected":false},"excerpt":{"rendered":"<p>A\u015fk bir el\u00e7idir, olup bitenden de\u011fil, olup bitmeyenden haber getirir.Ba\u015fkalar\u0131yla ya\u015famay\u0131 \u00f6\u011frenebiliyor da, kendisiyle ya\u015famay\u0131 bir t\u00fcrl\u00fc \u00f6\u011frenemiyor insan. \u00c7\u00fcnk\u00fc ilkinde hayat\u0131 tan\u0131mak, ikincisinde Allah\u2019\u0131 tan\u0131mak<span class=\"excerpt-hellip\"> [\u2026]<\/span><\/p>\n","protected":false},"featured_media":0,"template":"","meta":{"_monsterinsights_skip_tracking":false,"_monsterinsights_sitenote_active":false,"_monsterinsights_sitenote_note":"","_monsterinsights_sitenote_category":0},"product_brand":[],"product_cat":[12718,12719,12720],"product_tag":[],"class_list":{"0":"post-720885","1":"product","2":"type-product","3":"status-publish","5":"product_cat-din","6":"product_cat-islam","7":"product_cat-tasavvuf-mezhepler-tarikatlar","8":"pa_cilt-ciltsiz","9":"pa_tur-kitap","10":"pa_yayinevi-hayykitap","11":"pa_yazar-vefa-onal","13":"first","14":"instock","15":"sale","16":"shipping-taxable","17":"purchasable","18":"product-type-simple"},"_links":{"self":[{"href":"https:\/\/roveyayinevi.com.tr\/index.php\/wp-json\/wp\/v2\/product\/720885","targetHints":{"allow":["GET"]}}],"collection":[{"href":"https:\/\/roveyayinevi.com.tr\/index.php\/wp-json\/wp\/v2\/product"}],"about":[{"href":"https:\/\/roveyayinevi.com.tr\/index.php\/wp-json\/wp\/v2\/types\/product"}],"wp:attachment":[{"href":"https:\/\/roveyayinevi.com.tr\/index.php\/wp-json\/wp\/v2\/media?parent=720885"}],"wp:term":[{"taxonomy":"product_brand","embeddable":true,"href":"https:\/\/roveyayinevi.com.tr\/index.php\/wp-json\/wp\/v2\/product_brand?post=720885"},{"taxonomy":"product_cat","embeddable":true,"href":"https:\/\/roveyayinevi.com.tr\/index.php\/wp-json\/wp\/v2\/product_cat?post=720885"},{"taxonomy":"product_tag","embeddable":true,"href":"https:\/\/roveyayinevi.com.tr\/index.php\/wp-json\/wp\/v2\/product_tag?post=720885"}],"curies":[{"name":"wp","href":"https:\/\/api.w.org\/{rel}","templated":true}]}}