{"id":720884,"date":"2025-08-27T18:42:26","date_gmt":"2025-08-27T15:42:26","guid":{"rendered":"https:\/\/roveyayinevi.com.tr\/index.php\/urun\/borderline-kisilik-bozuklugu-tani-ve-tedavisi\/"},"modified":"2026-04-16T02:28:46","modified_gmt":"2026-04-15T23:28:46","slug":"borderline-kisilik-bozuklugu-tani-ve-tedavisi","status":"publish","type":"product","link":"https:\/\/roveyayinevi.com.tr\/index.php\/urun\/borderline-kisilik-bozuklugu-tani-ve-tedavisi\/","title":{"rendered":"Borderline Ki\u015filik Bozuklu\u011fu Tan\u0131 ve Tedavisi"},"content":{"rendered":"<p>Harvard T\u0131p Fak\u00fcltesi Psikiyatri Profes\u00f6r\u00fc John G. Gunderson, tarihsel s\u00fcre\u00e7te borderline ki\u015filik bozuklu\u011fu tan\u0131 ve tedavisinde kullan\u0131lan y\u00f6ntemlere ili\u015fkin yap\u0131lan ara\u015ft\u0131rma ve \u00e7al\u0131\u015fmalarla kaydedilen b\u00fcy\u00fck ilerleme do\u011frultusunda deneysel olarak etkinli\u011fi kan\u0131tlanm\u0131\u015f y\u00f6ntemlerden sentezledi\u011fi tedavi yol haritas\u0131n\u0131 t\u00fcm ayr\u0131nt\u0131lar\u0131yla aktar\u0131yor. Paha bi\u00e7ilmez klinik bilgeli\u011fi ve deneyimleriyle borderline ki\u015filik bozuklu\u011fu konusunda bilinmesi gereken her \u015feyi kapsaml\u0131 olarak anlatt\u0131\u011f\u0131 bu kitab\u0131yla literat\u00fcre ruh sa\u011fl\u0131\u011f\u0131 alan\u0131nda e\u011fitim alan ya da g\u00f6rev yapan herkesin mutlaka okumas\u0131 gereken bir kaynak kazand\u0131rd\u0131\u011f\u0131 i\u00e7in b\u00fcy\u00fck bir takdiri de hak ediyor. Cem Ke\u00e7e, Psikoterapist &amp; YazarProf. Gunderson, tan\u0131s\u0131 ve tedavisi ruh sa\u011fl\u0131\u011f\u0131 alan\u0131ndaki en \u00f6nemli konulardan biri olan Borderline Ki\u015filik Bozuklu\u011fu\u2019nu etkili bi\u00e7imde tedavi etmek i\u00e7in ne yapmak gerekti\u011fi kadar ne yapmamak gerekti\u011fini de anlatt\u0131\u011f\u0131 bu kitab\u0131nda mevcut t\u00fcm tedavilerin g\u00fc\u00e7l\u00fc ve zay\u0131f y\u00f6nlerini i\u015faret ediyor. Tedavi s\u00fcrecinin kritik y\u00f6nlerini g\u00f6steren klinik vaka \u00f6rnekleriyle zenginle\u015ftirilmi\u015f bu kitap, Borderline Ki\u015filik Bozuklu\u011fu olan ki\u015filerin do\u011fru tan\u0131 ve tedavi y\u00f6ntemleriyle anla\u015f\u0131labilece\u011fini ve ya\u015famla uyum i\u00e7inde \u00e7ok daha sa\u011fl\u0131kl\u0131 bir ruh haline kavu\u015fabileceklerini kan\u0131tl\u0131yor.Uluslararas\u0131 Entegratif Kognitif Psikoterapi Enstit\u00fcs\u00fcProf. Gunderson, bu benzersiz eserinde Borderline Ki\u015filik Bozuklu\u011fu tan\u0131 ve tedavi s\u00fcrecini her y\u00f6n\u00fcyle ve ger\u00e7ek vaka \u00f6rnekleriyle g\u00f6zler \u00f6n\u00fcne seriyor. Kitap, tan\u0131 ve ay\u0131r\u0131c\u0131 kriterler, e\u015fzamanl\u0131 rahats\u0131zl\u0131klar, Diyalektik Davran\u0131\u015f Terapisi, Zihinselle\u015ftirme Temelli Terapi, Aktar\u0131m Odakl\u0131 Psikoterapi, \u015eema Odakl\u0131 Terapi ve daha pek \u00e7ok yakla\u015f\u0131mla dan\u0131\u015fana uygun tedavi plan\u0131n\u0131n geli\u015ftirilmesi, vaka y\u00f6netimi, uygun bir bak\u0131m seviyesinin belirlemesi i\u00e7in gereklilikler, \u00e7ok y\u00f6ntemli ve \u00e7ok terapistli b\u00f6l\u00fcnm\u00fc\u015f tedavi, ila\u00e7la tedavi ve etkilili\u011finin de\u011ferlendirilmesi, grup terapisi, aile m\u00fcdahaleleri ve terapileri, dan\u0131\u015fanlar ve aileleri i\u00e7in psikoe\u011fitim gibi daha pek \u00e7ok konuda ba\u015fta ruh sa\u011fl\u0131\u011f\u0131 alan\u0131nda \u00e7al\u0131\u015fan profesyoneller olmak \u00fczere e\u011fitimciler, \u00f6\u011frenciler, aileler, sa\u011fl\u0131k y\u00f6neticileri ve en \u00f6nemlisi bu bozuklu\u011fa sahip ki\u015filer i\u00e7in faydal\u0131 ve pratik bir rehberdir.<\/p>\n","protected":false},"excerpt":{"rendered":"<p>Harvard T\u0131p Fak\u00fcltesi Psikiyatri Profes\u00f6r\u00fc John G. Gunderson, tarihsel s\u00fcre\u00e7te borderline ki\u015filik bozuklu\u011fu tan\u0131 ve tedavisinde kullan\u0131lan y\u00f6ntemlere ili\u015fkin yap\u0131lan ara\u015ft\u0131rma ve \u00e7al\u0131\u015fmalarla kaydedilen b\u00fcy\u00fck ilerleme<span class=\"excerpt-hellip\"> [\u2026]<\/span><\/p>\n","protected":false},"featured_media":0,"template":"","meta":{"_monsterinsights_skip_tracking":false,"_monsterinsights_sitenote_active":false,"_monsterinsights_sitenote_note":"","_monsterinsights_sitenote_category":0},"product_brand":[],"product_cat":[12358,12357],"product_tag":[],"class_list":{"0":"post-720884","1":"product","2":"type-product","3":"status-publish","5":"product_cat-genel-psikoloji","6":"product_cat-psikoloji","7":"pa_cilt-ciltsiz","8":"pa_tur-kitap","9":"pa_yayinevi-pusula-yayinevi-ankara","10":"pa_yazar-john-g-gunderson-paul-s-links","12":"first","13":"instock","14":"sale","15":"shipping-taxable","16":"purchasable","17":"product-type-simple"},"_links":{"self":[{"href":"https:\/\/roveyayinevi.com.tr\/index.php\/wp-json\/wp\/v2\/product\/720884","targetHints":{"allow":["GET"]}}],"collection":[{"href":"https:\/\/roveyayinevi.com.tr\/index.php\/wp-json\/wp\/v2\/product"}],"about":[{"href":"https:\/\/roveyayinevi.com.tr\/index.php\/wp-json\/wp\/v2\/types\/product"}],"wp:attachment":[{"href":"https:\/\/roveyayinevi.com.tr\/index.php\/wp-json\/wp\/v2\/media?parent=720884"}],"wp:term":[{"taxonomy":"product_brand","embeddable":true,"href":"https:\/\/roveyayinevi.com.tr\/index.php\/wp-json\/wp\/v2\/product_brand?post=720884"},{"taxonomy":"product_cat","embeddable":true,"href":"https:\/\/roveyayinevi.com.tr\/index.php\/wp-json\/wp\/v2\/product_cat?post=720884"},{"taxonomy":"product_tag","embeddable":true,"href":"https:\/\/roveyayinevi.com.tr\/index.php\/wp-json\/wp\/v2\/product_tag?post=720884"}],"curies":[{"name":"wp","href":"https:\/\/api.w.org\/{rel}","templated":true}]}}