{"id":720882,"date":"2025-08-27T18:42:25","date_gmt":"2025-08-27T15:42:25","guid":{"rendered":"https:\/\/roveyayinevi.com.tr\/index.php\/urun\/melodramatik-imgelem\/"},"modified":"2026-03-12T02:37:59","modified_gmt":"2026-03-11T23:37:59","slug":"melodramatik-imgelem","status":"publish","type":"product","link":"https:\/\/roveyayinevi.com.tr\/index.php\/urun\/melodramatik-imgelem\/","title":{"rendered":"Melodramatik \u0130mgelem"},"content":{"rendered":"<p>Ye\u015fil\u00e7am\u2019dan Yeni T\u00fcrk Sinemas\u0131na Melodramatik \u0130mgelem ba\u015fl\u0131kl\u0131 bu kitap ister bir t\u00fcr, ister kip isterse imgelem denilsin, melodram\u0131n Ye\u015fil\u00e7am filmlerinden Yeni T\u00fcrk sinemas\u0131na dek olan evrimini, d\u00f6n\u00fc\u015f\u00fcm\u00fcn\u00fc, yeni t\u00fcr ve formatlara eklemleni\u015fini, ge\u00e7mi\u015fini an\u0131msay\u0131\u015f\u0131n\u0131 konu ediniyor. Sinema t\u00fcrleri i\u00e7inde \u00f6zg\u00fcn bir yeri olan melodram, ger\u00e7ekte her t\u00fcre s\u0131zan, eklemlene eklemlendi\u011fi yap\u0131y\u0131 d\u00f6n\u00fc\u015ft\u00fcren ve onunla kendisi de d\u00f6n\u00fc\u015fen, kendi ge\u00e7mi\u015fini an\u0131msayan nostaljik bir kip, bir anlat\u0131m ve imgelem tarz\u0131d\u0131r. T\u00fcrk sinemas\u0131nda s\u00f6zl\u00fc anlat\u0131 geleneklerinden do\u011fan bat\u0131l\u0131 formlar ve farkl\u0131 anlat\u0131m tarzlar\u0131yla harmanlanan melodram\u0131n \u00f6zg\u00fcn bi\u00e7imi Ye\u015fil\u00e7am\u2019da olu\u015fturulur. 1960\u2019l\u0131 y\u0131llarda doru\u011funa \u00e7\u0131kan melodram, 1975\u2019ten sonra T\u00fcrk sinemas\u0131nda ya\u015fanan krizle birlikte yerini farkl\u0131 filmlere b\u0131rak\u0131rsa da varl\u0131\u011f\u0131n\u0131 bir imgelem tarz\u0131 olarak devam ettirir. Televizyon dizilerinde ve reklamlarda da bir anlat\u0131m tarz\u0131 olarak dola\u015f\u0131ma sokulan melodram, g\u00fcn\u00fcm\u00fczde yaln\u0131zca pop\u00fcler filmlerde de\u011fil, ayn\u0131 zamanda Zeki \u00d6kten\u2019in romantik ve politik filmlerinde, Nuri Bilge Ceylan ve Zeki Demirkubuz\u2019un sanat filmlerinde de g\u00f6r\u00fcn\u00fcr. Melodram nas\u0131l bir t\u00fcr ve anlat\u0131m tarz\u0131d\u0131r? Melodramatik kip, di\u011fer t\u00fcrlere nas\u0131l s\u0131zar, onlar\u0131 nas\u0131l de\u011fi\u015ftirir, onlarla birlikte nas\u0131l de\u011fi\u015fir, d\u00f6n\u00fc\u015f\u00fcr? 2000\u2019li y\u0131llarda G\u00f6nderilmemi\u015f Mektuplar filminde oldu\u011fu gibi melodram, kendi Ye\u015fil\u00e7am ge\u00e7mi\u015fini nas\u0131l an\u0131msar? Ye\u015fil\u00e7am, \u0130klimler, \u00dc\u00e7 Maymun, Masumiyet, \u00dc\u00e7\u00fcnc\u00fc Sayfa, Kader gibi filmler \u00f6rne\u011finde Yeni T\u00fcrk sinemas\u0131nda nas\u0131l g\u00f6r\u00fcn\u00fcr, neyi anlatmak i\u00e7in i\u015fba\u015f\u0131ndad\u0131r? Elinizde tuttu\u011funuz kitap, bu sorulara yan\u0131t vermeyi ama\u00e7lamaktad\u0131r.<\/p>\n","protected":false},"excerpt":{"rendered":"<p>Ye\u015fil\u00e7am\u2019dan Yeni T\u00fcrk Sinemas\u0131na Melodramatik \u0130mgelem ba\u015fl\u0131kl\u0131 bu kitap ister bir t\u00fcr, ister kip isterse imgelem denilsin, melodram\u0131n Ye\u015fil\u00e7am filmlerinden Yeni T\u00fcrk sinemas\u0131na dek olan evrimini,<span class=\"excerpt-hellip\"> [\u2026]<\/span><\/p>\n","protected":false},"featured_media":0,"template":"","meta":{"_monsterinsights_skip_tracking":false,"_monsterinsights_sitenote_active":false,"_monsterinsights_sitenote_note":"","_monsterinsights_sitenote_category":0},"product_brand":[],"product_cat":[12409,12408],"product_tag":[],"class_list":{"0":"post-720882","1":"product","2":"type-product","3":"status-publish","5":"product_cat-fotograf-sinema-tiyatro","6":"product_cat-sanat","7":"pa_cilt-ciltsiz","8":"pa_tur-kitap","9":"pa_yayinevi-hayalperest-yayinlari","10":"pa_yazar-hasan-akbulut","12":"first","13":"instock","14":"sale","15":"shipping-taxable","16":"purchasable","17":"product-type-simple"},"_links":{"self":[{"href":"https:\/\/roveyayinevi.com.tr\/index.php\/wp-json\/wp\/v2\/product\/720882","targetHints":{"allow":["GET"]}}],"collection":[{"href":"https:\/\/roveyayinevi.com.tr\/index.php\/wp-json\/wp\/v2\/product"}],"about":[{"href":"https:\/\/roveyayinevi.com.tr\/index.php\/wp-json\/wp\/v2\/types\/product"}],"wp:attachment":[{"href":"https:\/\/roveyayinevi.com.tr\/index.php\/wp-json\/wp\/v2\/media?parent=720882"}],"wp:term":[{"taxonomy":"product_brand","embeddable":true,"href":"https:\/\/roveyayinevi.com.tr\/index.php\/wp-json\/wp\/v2\/product_brand?post=720882"},{"taxonomy":"product_cat","embeddable":true,"href":"https:\/\/roveyayinevi.com.tr\/index.php\/wp-json\/wp\/v2\/product_cat?post=720882"},{"taxonomy":"product_tag","embeddable":true,"href":"https:\/\/roveyayinevi.com.tr\/index.php\/wp-json\/wp\/v2\/product_tag?post=720882"}],"curies":[{"name":"wp","href":"https:\/\/api.w.org\/{rel}","templated":true}]}}