{"id":720881,"date":"2025-08-27T18:42:24","date_gmt":"2025-08-27T15:42:24","guid":{"rendered":"https:\/\/roveyayinevi.com.tr\/index.php\/urun\/kitle-kulturu-sinemasi-ve-b-filmi\/"},"modified":"2026-03-12T02:37:59","modified_gmt":"2026-03-11T23:37:59","slug":"kitle-kulturu-sinemasi-ve-b-filmi","status":"publish","type":"product","link":"https:\/\/roveyayinevi.com.tr\/index.php\/urun\/kitle-kulturu-sinemasi-ve-b-filmi\/","title":{"rendered":"Kitle K\u00fclt\u00fcr\u00fc Sinemas\u0131 ve B Filmi"},"content":{"rendered":"<p>&#8220;Moda Bula\u015f\u0131c\u0131d\u0131r&#8221; kitab\u0131 ile bizi yerli Haute-Cautre\u2019\u00fcn d\u00fcnyas\u0131nda ayr\u0131nt\u0131l\u0131 bir \u015fekilde ve \u00f6rnekler arac\u0131l\u0131\u011f\u0131yla dola\u015ft\u0131ran, televizyon programlar\u0131 ile tan\u0131d\u0131\u011f\u0131m\u0131z Nur Onur, bu kez bir sinema sevdal\u0131s\u0131 ve (eski) \u00f6\u011frencisi kimli\u011fi ile \u00fclkemizde pek ara\u015ft\u0131r\u0131lmayan bir konuyu ele al\u0131p t\u00fcr\u00fcn\u00fcn ilk \u00f6rne\u011fi olan bir kitap yay\u0131ml\u0131yor. &#8220;B&#8221; sinemas\u0131; yani dar b\u00fct\u00e7elere dayanan, y\u0131ld\u0131z oyuncular kullanmayan &#8211; ama ilerde y\u0131ld\u0131z olabilecekler i\u00e7in zemin haz\u0131rlayan- s\u0131k s\u0131k seri haline getirilen ucuz sinema. Geni\u015f b\u00fct\u00e7eli A sinemas\u0131n\u0131n destek\u00e7isi olan B sinemas\u0131, -g\u00fcnden g\u00fcne akademik d\u00fczeyde de \u00f6nemsenen, pop\u00fcler k\u00fclt\u00fcr\u00fcn i\u00e7inde bir yer edinen t\u00fcr sinemas\u0131n\u0131n bir bel kemi\u011fi olarak- televizyonun ortaya \u00e7\u0131kmas\u0131 ile eski \u00f6neminden, eski g\u00fc\u00e7 ve verimlili\u011finden \u00e7ok \u015fey kaybetmi\u015f ise de ba\u015fta Amerikan sinemas\u0131n\u0131n tarihi i\u00e7inde olmak \u00fczere d\u00fcnya sinema tarihi i\u00e7inde \u00e7ok ilgin\u00e7 bir yer tutmakta ve bir end\u00fcstrinin aynas\u0131 say\u0131lmaktad\u0131r. Nur Onur, bu \u00e7al\u0131\u015fmas\u0131nda, B sinemas\u0131n\u0131n &#8220;ne oldu\u011funu&#8221; kar\u015f\u0131la\u015ft\u0131rmal\u0131 bir \u015fekilde a\u00e7\u0131klad\u0131\u011f\u0131 gibi t\u00fcr sinemas\u0131n\u0131n anatomisini \u00e7izmekte, \u00f6rnekler \u00fczerinde durmakta, y\u00f6netmenlerini bize tan\u0131tmaktad\u0131r. Sinema literat\u00fcr\u00fcm\u00fczde bir ilk olan bu kitap ba\u015fkaca yazarlar\u0131n g\u00f6r\u00fc\u015fleri ile bir arada- ara\u015ft\u0131rmac\u0131lara bir kaynak te\u015fkil etti\u011fi gibi t\u00fcr sinemas\u0131 merakl\u0131lar\u0131na ve k\u00fclt filmlerin sevdal\u0131lar\u0131na ilk elden malzeme sunmaktad\u0131r.<\/p>\n","protected":false},"excerpt":{"rendered":"<p>&#8220;Moda Bula\u015f\u0131c\u0131d\u0131r&#8221; kitab\u0131 ile bizi yerli Haute-Cautre\u2019\u00fcn d\u00fcnyas\u0131nda ayr\u0131nt\u0131l\u0131 bir \u015fekilde ve \u00f6rnekler arac\u0131l\u0131\u011f\u0131yla dola\u015ft\u0131ran, televizyon programlar\u0131 ile tan\u0131d\u0131\u011f\u0131m\u0131z Nur Onur, bu kez bir sinema sevdal\u0131s\u0131<span class=\"excerpt-hellip\"> [\u2026]<\/span><\/p>\n","protected":false},"featured_media":0,"template":"","meta":{"_monsterinsights_skip_tracking":false,"_monsterinsights_sitenote_active":false,"_monsterinsights_sitenote_note":"","_monsterinsights_sitenote_category":0},"product_brand":[],"product_cat":[12409,12408],"product_tag":[],"class_list":{"0":"post-720881","1":"product","2":"type-product","3":"status-publish","5":"product_cat-fotograf-sinema-tiyatro","6":"product_cat-sanat","7":"pa_cilt-ciltsiz","8":"pa_tur-kitap","9":"pa_yayinevi-hayalperest-yayinlari","10":"pa_yazar-nur-onur","12":"first","13":"instock","14":"sale","15":"shipping-taxable","16":"purchasable","17":"product-type-simple"},"_links":{"self":[{"href":"https:\/\/roveyayinevi.com.tr\/index.php\/wp-json\/wp\/v2\/product\/720881","targetHints":{"allow":["GET"]}}],"collection":[{"href":"https:\/\/roveyayinevi.com.tr\/index.php\/wp-json\/wp\/v2\/product"}],"about":[{"href":"https:\/\/roveyayinevi.com.tr\/index.php\/wp-json\/wp\/v2\/types\/product"}],"wp:attachment":[{"href":"https:\/\/roveyayinevi.com.tr\/index.php\/wp-json\/wp\/v2\/media?parent=720881"}],"wp:term":[{"taxonomy":"product_brand","embeddable":true,"href":"https:\/\/roveyayinevi.com.tr\/index.php\/wp-json\/wp\/v2\/product_brand?post=720881"},{"taxonomy":"product_cat","embeddable":true,"href":"https:\/\/roveyayinevi.com.tr\/index.php\/wp-json\/wp\/v2\/product_cat?post=720881"},{"taxonomy":"product_tag","embeddable":true,"href":"https:\/\/roveyayinevi.com.tr\/index.php\/wp-json\/wp\/v2\/product_tag?post=720881"}],"curies":[{"name":"wp","href":"https:\/\/api.w.org\/{rel}","templated":true}]}}