{"id":720879,"date":"2025-08-27T18:42:23","date_gmt":"2025-08-27T15:42:23","guid":{"rendered":"https:\/\/roveyayinevi.com.tr\/index.php\/urun\/bes-yasindaki-cocuk-bunu-neden-yapamaz\/"},"modified":"2026-03-12T02:37:59","modified_gmt":"2026-03-11T23:37:59","slug":"bes-yasindaki-cocuk-bunu-neden-yapamaz","status":"publish","type":"product","link":"https:\/\/roveyayinevi.com.tr\/index.php\/urun\/bes-yasindaki-cocuk-bunu-neden-yapamaz\/","title":{"rendered":"Be\u015f Ya\u015f\u0131ndaki \u00c7ocuk Bunu Neden Yapamaz"},"content":{"rendered":"<p>Ele\u015ftirel ve kamusal muhalefete maruz kalm\u0131\u015f 100 sanat eserinin g\u00f6rselini i\u00e7eren bu kitapta, Susie Hodge, modern sanata d\u00f6n\u00fck en yayg\u0131n k\u00fc\u00e7\u00fcmseyici tav\u0131rlara kar\u015f\u0131 ikna edici ve tutkulu bir bi\u00e7imde tart\u0131\u015fmakta ve \u00e7a\u011fda\u015f sanat\u0131n bir \u00e7ocuk oyunu olmad\u0131\u011f\u0131n\u0131 net bir \u015fekilde g\u00f6stermektedir.<\/p>\n","protected":false},"excerpt":{"rendered":"<p>Ele\u015ftirel ve kamusal muhalefete maruz kalm\u0131\u015f 100 sanat eserinin g\u00f6rselini i\u00e7eren bu kitapta, Susie Hodge, modern sanata d\u00f6n\u00fck en yayg\u0131n k\u00fc\u00e7\u00fcmseyici tav\u0131rlara kar\u015f\u0131 ikna edici ve<span class=\"excerpt-hellip\"> [\u2026]<\/span><\/p>\n","protected":false},"featured_media":0,"template":"","meta":{"_monsterinsights_skip_tracking":false,"_monsterinsights_sitenote_active":false,"_monsterinsights_sitenote_note":"","_monsterinsights_sitenote_category":0},"product_brand":[],"product_cat":[12408,14197],"product_tag":[],"class_list":{"0":"post-720879","1":"product","2":"type-product","3":"status-publish","5":"product_cat-sanat","6":"product_cat-sanat-tarihi","7":"pa_cilt-ciltsiz","8":"pa_tur-kitap","9":"pa_yayinevi-hayalperest-yayinlari","10":"pa_yazar-susie-hodge","12":"first","13":"instock","14":"sale","15":"shipping-taxable","16":"purchasable","17":"product-type-simple"},"_links":{"self":[{"href":"https:\/\/roveyayinevi.com.tr\/index.php\/wp-json\/wp\/v2\/product\/720879","targetHints":{"allow":["GET"]}}],"collection":[{"href":"https:\/\/roveyayinevi.com.tr\/index.php\/wp-json\/wp\/v2\/product"}],"about":[{"href":"https:\/\/roveyayinevi.com.tr\/index.php\/wp-json\/wp\/v2\/types\/product"}],"wp:attachment":[{"href":"https:\/\/roveyayinevi.com.tr\/index.php\/wp-json\/wp\/v2\/media?parent=720879"}],"wp:term":[{"taxonomy":"product_brand","embeddable":true,"href":"https:\/\/roveyayinevi.com.tr\/index.php\/wp-json\/wp\/v2\/product_brand?post=720879"},{"taxonomy":"product_cat","embeddable":true,"href":"https:\/\/roveyayinevi.com.tr\/index.php\/wp-json\/wp\/v2\/product_cat?post=720879"},{"taxonomy":"product_tag","embeddable":true,"href":"https:\/\/roveyayinevi.com.tr\/index.php\/wp-json\/wp\/v2\/product_tag?post=720879"}],"curies":[{"name":"wp","href":"https:\/\/api.w.org\/{rel}","templated":true}]}}