{"id":720877,"date":"2025-08-27T18:42:22","date_gmt":"2025-08-27T15:42:22","guid":{"rendered":"https:\/\/roveyayinevi.com.tr\/index.php\/urun\/sanatin-gucu\/"},"modified":"2025-09-23T18:32:19","modified_gmt":"2025-09-23T15:32:19","slug":"sanatin-gucu","status":"publish","type":"product","link":"https:\/\/roveyayinevi.com.tr\/index.php\/urun\/sanatin-gucu\/","title":{"rendered":"Sanat\u0131n G\u00fcc\u00fc"},"content":{"rendered":"<p>Hi\u00e7bir g\u00f6r\u00fcnt\u00fcn\u00fcn sonsuz g\u00fcc\u00fcn temsili olma i\u015flevi yoksa o zaman t\u00fcm g\u00f6r\u00fcnt\u00fcler e\u015fittir.Ayr\u0131ca, \u00e7a\u011fda\u015f sanatta, sanat\u0131n telosu olarak t\u00fcm g\u00f6r\u00fcnt\u00fclerin e\u015fitli\u011fi s\u00f6z konusudur. Ancak t\u00fcm g\u00f6r\u00fcnt\u00fclerin e\u015fitli\u011fi, estetik be\u011feni d\u00fczeyindeki \u00e7o\u011fulcu, demokratik e\u015fitli\u011fi a\u015far. Herhangi \u00f6zel bir be\u011feniyle \u00f6rt\u00fc\u015fmeyen, bireysel be\u011feniye, &#8221;y\u00fcksek&#8221; be\u011feniye, marjinal be\u011feniye veya kitlelerin be\u011fenisine hitap eden sonsuz say\u0131da g\u00f6r\u00fcnt\u00fc\/imge fazlas\u0131 vard\u0131r. Bu nedenle de istenmeyen, be\u011fenilmeyen g\u00f6r\u00fcnt\u00fclerin fazlal\u0131\u011f\u0131ndan s\u00f6z etmek her zaman m\u00fcmk\u00fcnd\u00fcr -\u00e7a\u011fda\u015f sanat\u0131n s\u00fcrekli yapt\u0131\u011f\u0131 da budur.\u00c7a\u011fda\u015f sanat, \u00e7o\u011fulcu be\u011feniyi de i\u00e7eren bir be\u011feni a\u015f\u0131r\u0131l\u0131\u011f\u0131d\u0131r. Bu anlamda bir \u00e7o\u011fulcu demokrasi a\u015f\u0131r\u0131l\u0131\u011f\u0131d\u0131r, demokratik e\u015fitlik a\u015f\u0131r\u0131l\u0131\u011f\u0131d\u0131r. Bu a\u015f\u0131r\u0131l\u0131k demokratik be\u011feni ve g\u00fc\u00e7 dengesi aras\u0131nda ayn\u0131 anda hem denge kurar hemde denge bozar. \u00c7a\u011fda\u015f sanat\u0131n ay\u0131rt edici \u00f6zelli\u011fi de, asl\u0131nda, bu paradokstur.<\/p>\n","protected":false},"excerpt":{"rendered":"<p>Hi\u00e7bir g\u00f6r\u00fcnt\u00fcn\u00fcn sonsuz g\u00fcc\u00fcn temsili olma i\u015flevi yoksa o zaman t\u00fcm g\u00f6r\u00fcnt\u00fcler e\u015fittir.Ayr\u0131ca, \u00e7a\u011fda\u015f sanatta, sanat\u0131n telosu olarak t\u00fcm g\u00f6r\u00fcnt\u00fclerin e\u015fitli\u011fi s\u00f6z konusudur. Ancak t\u00fcm g\u00f6r\u00fcnt\u00fclerin<span class=\"excerpt-hellip\"> [\u2026]<\/span><\/p>\n","protected":false},"featured_media":0,"template":"","meta":{"_monsterinsights_skip_tracking":false,"_monsterinsights_sitenote_active":false,"_monsterinsights_sitenote_note":"","_monsterinsights_sitenote_category":0},"product_brand":[],"product_cat":[12408,14197],"product_tag":[],"class_list":{"0":"post-720877","1":"product","2":"type-product","3":"status-publish","5":"product_cat-sanat","6":"product_cat-sanat-tarihi","7":"pa_cilt-ciltsiz","8":"pa_tur-kitap","9":"pa_yayinevi-hayalperest-yayinlari","10":"pa_yazar-boris-groys","12":"first","13":"instock","14":"sale","15":"shipping-taxable","16":"purchasable","17":"product-type-simple"},"_links":{"self":[{"href":"https:\/\/roveyayinevi.com.tr\/index.php\/wp-json\/wp\/v2\/product\/720877","targetHints":{"allow":["GET"]}}],"collection":[{"href":"https:\/\/roveyayinevi.com.tr\/index.php\/wp-json\/wp\/v2\/product"}],"about":[{"href":"https:\/\/roveyayinevi.com.tr\/index.php\/wp-json\/wp\/v2\/types\/product"}],"wp:attachment":[{"href":"https:\/\/roveyayinevi.com.tr\/index.php\/wp-json\/wp\/v2\/media?parent=720877"}],"wp:term":[{"taxonomy":"product_brand","embeddable":true,"href":"https:\/\/roveyayinevi.com.tr\/index.php\/wp-json\/wp\/v2\/product_brand?post=720877"},{"taxonomy":"product_cat","embeddable":true,"href":"https:\/\/roveyayinevi.com.tr\/index.php\/wp-json\/wp\/v2\/product_cat?post=720877"},{"taxonomy":"product_tag","embeddable":true,"href":"https:\/\/roveyayinevi.com.tr\/index.php\/wp-json\/wp\/v2\/product_tag?post=720877"}],"curies":[{"name":"wp","href":"https:\/\/api.w.org\/{rel}","templated":true}]}}