{"id":720872,"date":"2025-08-27T18:42:18","date_gmt":"2025-08-27T15:42:18","guid":{"rendered":"https:\/\/roveyayinevi.com.tr\/index.php\/urun\/kavim\/"},"modified":"2026-04-16T02:28:46","modified_gmt":"2026-04-15T23:28:46","slug":"kavim","status":"publish","type":"product","link":"https:\/\/roveyayinevi.com.tr\/index.php\/urun\/kavim\/","title":{"rendered":"Kavim"},"content":{"rendered":"<p>Can alarak sa\u011flanan adalet, \u00f6l\u00fcm\u00fc y\u00fcceltmekten ba\u015fka bir i\u015fe yaramaz.  Rit\u00fcelleri olan, H\u0131ristiyan mistisizminden beslenen bir seri katil cinayet masas\u0131n\u0131 teyakkuza ge\u00e7irir. \u0130lk cinayetin olay mahalli, al\u0131\u015f\u0131lm\u0131\u015f\u0131n hayli d\u0131\u015f\u0131ndad\u0131r: G\u00f6\u011fs\u00fcne saplanm\u0131\u015f sap\u0131 ha\u00e7 \u015feklinde bir b\u0131\u00e7akla yerde yatan bir kurban&#8230; Hemen yan\u0131 ba\u015f\u0131nda a\u00e7\u0131k b\u0131rak\u0131lm\u0131\u015f, baz\u0131 sat\u0131rlar\u0131 kurban\u0131n kan\u0131yla \u00e7izilmi\u015f bir Kutsal Kitap\u2026 Katil hi\u00e7 vakit kaybetmeden seri katile evrilirken Ba\u015fkomser Nevzat belki de daha \u00f6nce hi\u00e7 kar\u015f\u0131la\u015fmad\u0131\u011f\u0131 kadar \u00e7etrefilli ve karma\u015f\u0131k bir i\u015fin i\u00e7ine dalar. \u00d6l\u00fcleri bekletmek olmaz.  Titiz bir ara\u015ft\u0131rman\u0131n ard\u0131ndan ustal\u0131kla yaz\u0131lm\u0131\u015f, heyecan y\u00fckl\u00fc bir roman. Ahmet \u00dcmit bu roman\u0131nda bug\u00fcn\u00fcn T\u00fcrkiye&#8217;sini daha iyi anlamak i\u00e7in hem Anadolu\u2019nun ge\u00e7mi\u015fine hem de yak\u0131n tarihimize bakmaya \u00e7a\u011f\u0131r\u0131yor okurunu. Bu topraklar\u0131n k\u00fclt\u00fcr mozayi\u011fini S\u00fcryaniler, Nusayriler, Rumlar, T\u00fcrkler, K\u00fcrtler \u00fczerinden yeniden hat\u0131rlat\u0131yor, devletin derinliklerinde kurulmu\u015f hatal\u0131 mekanizmalar y\u00fcz\u00fcnden \u00f6denen bedelleri bir kere daha tart\u0131\u015fmaya a\u00e7\u0131yor. \u201cHakl\u0131s\u0131n Evgenia\u201d diyorum, \u201cBu \u00fclke \u00e7ok ac\u0131mas\u0131z, bu topraklar \u00e7ok sert, bu topraklar\u0131n insan\u0131 \u00e7ok hoyrat&#8230; Ama buras\u0131 bizim \u00fclkemiz Evgenia, buras\u0131 bizim topra\u011f\u0131m\u0131z, bizim vatan\u0131m\u0131z. Biz buras\u0131y\u0131z Evgenia&#8230;\u201d <\/p>\n","protected":false},"excerpt":{"rendered":"<p>Can alarak sa\u011flanan adalet, \u00f6l\u00fcm\u00fc y\u00fcceltmekten ba\u015fka bir i\u015fe yaramaz. Rit\u00fcelleri olan, H\u0131ristiyan mistisizminden beslenen bir seri katil cinayet masas\u0131n\u0131 teyakkuza ge\u00e7irir. \u0130lk cinayetin olay mahalli,<span class=\"excerpt-hellip\"> [\u2026]<\/span><\/p>\n","protected":false},"featured_media":0,"template":"","meta":{"_monsterinsights_skip_tracking":false,"_monsterinsights_sitenote_active":false,"_monsterinsights_sitenote_note":"","_monsterinsights_sitenote_category":0},"product_brand":[],"product_cat":[12291,12711],"product_tag":[],"class_list":{"0":"post-720872","1":"product","2":"type-product","3":"status-publish","5":"product_cat-edebiyat","6":"product_cat-roman-oyku","7":"pa_cilt-ciltsiz","8":"pa_tur-kitap","9":"pa_yayinevi-yapi-kredi-yayinlari","10":"pa_yazar-ahmet-umit","12":"first","13":"instock","14":"sale","15":"shipping-taxable","16":"purchasable","17":"product-type-simple"},"_links":{"self":[{"href":"https:\/\/roveyayinevi.com.tr\/index.php\/wp-json\/wp\/v2\/product\/720872","targetHints":{"allow":["GET"]}}],"collection":[{"href":"https:\/\/roveyayinevi.com.tr\/index.php\/wp-json\/wp\/v2\/product"}],"about":[{"href":"https:\/\/roveyayinevi.com.tr\/index.php\/wp-json\/wp\/v2\/types\/product"}],"wp:attachment":[{"href":"https:\/\/roveyayinevi.com.tr\/index.php\/wp-json\/wp\/v2\/media?parent=720872"}],"wp:term":[{"taxonomy":"product_brand","embeddable":true,"href":"https:\/\/roveyayinevi.com.tr\/index.php\/wp-json\/wp\/v2\/product_brand?post=720872"},{"taxonomy":"product_cat","embeddable":true,"href":"https:\/\/roveyayinevi.com.tr\/index.php\/wp-json\/wp\/v2\/product_cat?post=720872"},{"taxonomy":"product_tag","embeddable":true,"href":"https:\/\/roveyayinevi.com.tr\/index.php\/wp-json\/wp\/v2\/product_tag?post=720872"}],"curies":[{"name":"wp","href":"https:\/\/api.w.org\/{rel}","templated":true}]}}