{"id":720869,"date":"2025-08-27T18:42:16","date_gmt":"2025-08-27T15:42:16","guid":{"rendered":"https:\/\/roveyayinevi.com.tr\/index.php\/urun\/istanbul-hatirasi\/"},"modified":"2026-04-16T02:28:46","modified_gmt":"2026-04-15T23:28:46","slug":"istanbul-hatirasi","status":"publish","type":"product","link":"https:\/\/roveyayinevi.com.tr\/index.php\/urun\/istanbul-hatirasi\/","title":{"rendered":"\u0130stanbul Hat\u0131ras\u0131"},"content":{"rendered":"<p>Yedi tepeli \u015fehre \u00e7\u00f6km\u00fc\u015f kasvet y\u00fckl\u00fc bir bulut, son nefesini vermi\u015f yedi kurban&#8230;   Tarih\u00ee yar\u0131madada i\u015flenen s\u0131ra d\u0131\u015f\u0131 bir cinayet, Ba\u015fkomser Nevzat\u2019\u0131 harekete ge\u00e7irir. Katil, avcuna antika bir sikke b\u0131rakt\u0131\u011f\u0131 kurban\u0131n cesedi \u00fczerinden \u00e7\u00f6z\u00fclmesini istedi\u011fi baz\u0131 mesajlar vermi\u015ftir. Ayn\u0131 cinayet rit\u00fcelinin par\u00e7as\u0131 olmu\u015f kurbanlar pe\u015fi s\u0131ra gelir; t\u00fcm kurbanlar\u0131n elinde bir sikke vard\u0131r ve her biri \u015fehrin parlak d\u00f6nemlerinde ya\u015fam\u0131\u015f bir imparatorunun d\u00f6neminden kalma tarihi bir yap\u0131n\u0131n \u00f6n\u00fcne b\u0131rak\u0131lm\u0131\u015ft\u0131r. Kurbanlar\u0131n ortak \u00f6zelli\u011fi, \u0130stanbul\u2019a olan ihanetleridir. Peki katilin \u00f6zelli\u011fi nedir? \u015eehrimizle birlikte yitirdiklerimize, birbirimize bak\u0131yorduk. Byzantion, Konstantinapol ve \u0130stanbul&#8230; Sahipleri, sakinleri de\u011fi\u015fse de, yeni isimler edinip farkl\u0131 karakterlere b\u00fcr\u00fcnse de de\u011fi\u015fmeyen bir \u015fey var tarihi yar\u0131madada; eskimeyen g\u00fczelli\u011fi. Ahmet \u00dcmit \u0130stanbul Hat\u0131ras\u0131\u2019nda art\u0131k tehdit alt\u0131nda olan bu g\u00fczelli\u011fi merkeze al\u0131yor ve y\u00fcksek gerilimli polisiyesiyle okuru hipnotize ederken aktard\u0131\u011f\u0131 tarihi bilgilerle \u0130stanbulluluk bilincini de canland\u0131rmaya \u00e7al\u0131\u015f\u0131yor. \u015eehre bak\u0131yorduk denizden. Sisler i\u00e7indeydi \u0130stanbul&#8230; Sisler i\u00e7inde deniz&#8230; Sisler i\u00e7inde teknemiz. Sultanahmet&#8217;in minareleriydi g\u00f6r\u00fclen, Ayasofya&#8217;n\u0131n kubbesi, Topkap\u0131 Saray\u0131&#8217;n\u0131n kuleleri. Hi\u00e7 ya\u011fmalanmam\u0131\u015f, y\u0131k\u0131lmam\u0131\u015f, kirletilmemi\u015f gibiydi \u015fehir. G\u00fcne\u015f do\u011fmadan bir anl\u0131\u011f\u0131na beliren bir hayal gibi&#8230; B\u00fcy\u00fcl\u00fc bir bulut gibi&#8230; Bir masal imgesi gibi&#8230; Yeni kurulmu\u015f bir kent gibi&#8230; Taze bir ba\u015flang\u0131\u00e7 gibi&#8230; Gen\u00e7, umutlu, g\u00fczel&#8230; <\/p>\n","protected":false},"excerpt":{"rendered":"<p>Yedi tepeli \u015fehre \u00e7\u00f6km\u00fc\u015f kasvet y\u00fckl\u00fc bir bulut, son nefesini vermi\u015f yedi kurban&#8230; Tarih\u00ee yar\u0131madada i\u015flenen s\u0131ra d\u0131\u015f\u0131 bir cinayet, Ba\u015fkomser Nevzat\u2019\u0131 harekete ge\u00e7irir. Katil, avcuna<span class=\"excerpt-hellip\"> [\u2026]<\/span><\/p>\n","protected":false},"featured_media":0,"template":"","meta":{"_monsterinsights_skip_tracking":false,"_monsterinsights_sitenote_active":false,"_monsterinsights_sitenote_note":"","_monsterinsights_sitenote_category":0},"product_brand":[],"product_cat":[12291,12711],"product_tag":[],"class_list":{"0":"post-720869","1":"product","2":"type-product","3":"status-publish","5":"product_cat-edebiyat","6":"product_cat-roman-oyku","7":"pa_cilt-ciltsiz","8":"pa_tur-kitap","9":"pa_yayinevi-yapi-kredi-yayinlari","10":"pa_yazar-ahmet-umit","12":"first","13":"instock","14":"sale","15":"shipping-taxable","16":"purchasable","17":"product-type-simple"},"_links":{"self":[{"href":"https:\/\/roveyayinevi.com.tr\/index.php\/wp-json\/wp\/v2\/product\/720869","targetHints":{"allow":["GET"]}}],"collection":[{"href":"https:\/\/roveyayinevi.com.tr\/index.php\/wp-json\/wp\/v2\/product"}],"about":[{"href":"https:\/\/roveyayinevi.com.tr\/index.php\/wp-json\/wp\/v2\/types\/product"}],"wp:attachment":[{"href":"https:\/\/roveyayinevi.com.tr\/index.php\/wp-json\/wp\/v2\/media?parent=720869"}],"wp:term":[{"taxonomy":"product_brand","embeddable":true,"href":"https:\/\/roveyayinevi.com.tr\/index.php\/wp-json\/wp\/v2\/product_brand?post=720869"},{"taxonomy":"product_cat","embeddable":true,"href":"https:\/\/roveyayinevi.com.tr\/index.php\/wp-json\/wp\/v2\/product_cat?post=720869"},{"taxonomy":"product_tag","embeddable":true,"href":"https:\/\/roveyayinevi.com.tr\/index.php\/wp-json\/wp\/v2\/product_tag?post=720869"}],"curies":[{"name":"wp","href":"https:\/\/api.w.org\/{rel}","templated":true}]}}