{"id":720868,"date":"2025-08-27T18:42:15","date_gmt":"2025-08-27T15:42:15","guid":{"rendered":"https:\/\/roveyayinevi.com.tr\/index.php\/urun\/cehennem-gecidi-1\/"},"modified":"2026-04-16T02:28:46","modified_gmt":"2026-04-15T23:28:46","slug":"cehennem-gecidi-1","status":"publish","type":"product","link":"https:\/\/roveyayinevi.com.tr\/index.php\/urun\/cehennem-gecidi-1\/","title":{"rendered":"Cehennem Ge\u00e7idi 1"},"content":{"rendered":"<p>Bazen bir kelime ile kaybederiz her \u015feyi, bazen ise tek kelime ile de\u011fi\u015ftiririz t\u00fcm benli\u011fimizi. Daniel da tek kelime ile t\u00fcm hayat\u0131n\u0131n allak bullak olu\u015funu a\u011f\u0131r \u015fekilde ya\u015fam\u0131\u015ft\u0131. \u00dcstelik o kelimeyi kendi bile s\u00f6ylememi\u015fti. S\u00f6ylenmesini istememi\u015f, s\u00f6ylenmesi i\u00e7in \u00e7abalamam\u0131\u015ft\u0131 bile. Ancak olan olmu\u015ftu. \u015eimdi ise korkuyla yapayaln\u0131z kalm\u0131\u015f, y\u00fczlerce y\u0131ld\u0131r devam eden bir sava\u015f\u0131n i\u00e7ine \u00e7ekilmi\u015fti. Zihninde yank\u0131lanan derin ve g\u00fc\u00e7l\u00fc ses y\u00fcz\u00fcnden korkusu t\u0131rnaklar\u0131na kadar i\u015fledi. \u201cBabil\u2019i kan ve k\u00fcl havuzlar\u0131 ile dolduran ellerimde can vereceksiniz!\u201d<\/p>\n","protected":false},"excerpt":{"rendered":"<p>Bazen bir kelime ile kaybederiz her \u015feyi, bazen ise tek kelime ile de\u011fi\u015ftiririz t\u00fcm benli\u011fimizi. Daniel da tek kelime ile t\u00fcm hayat\u0131n\u0131n allak bullak olu\u015funu a\u011f\u0131r<span class=\"excerpt-hellip\"> [\u2026]<\/span><\/p>\n","protected":false},"featured_media":0,"template":"","meta":{"_monsterinsights_skip_tracking":false,"_monsterinsights_sitenote_active":false,"_monsterinsights_sitenote_note":"","_monsterinsights_sitenote_category":0},"product_brand":[],"product_cat":[12291,14777],"product_tag":[],"class_list":{"0":"post-720868","1":"product","2":"type-product","3":"status-publish","5":"product_cat-edebiyat","6":"product_cat-fantastik","7":"pa_cilt-ciltsiz","8":"pa_tur-kitap","9":"pa_yayinevi-perseus","10":"pa_yazar-alpaslan-hiz","12":"first","13":"instock","14":"sale","15":"shipping-taxable","16":"purchasable","17":"product-type-simple"},"_links":{"self":[{"href":"https:\/\/roveyayinevi.com.tr\/index.php\/wp-json\/wp\/v2\/product\/720868","targetHints":{"allow":["GET"]}}],"collection":[{"href":"https:\/\/roveyayinevi.com.tr\/index.php\/wp-json\/wp\/v2\/product"}],"about":[{"href":"https:\/\/roveyayinevi.com.tr\/index.php\/wp-json\/wp\/v2\/types\/product"}],"wp:attachment":[{"href":"https:\/\/roveyayinevi.com.tr\/index.php\/wp-json\/wp\/v2\/media?parent=720868"}],"wp:term":[{"taxonomy":"product_brand","embeddable":true,"href":"https:\/\/roveyayinevi.com.tr\/index.php\/wp-json\/wp\/v2\/product_brand?post=720868"},{"taxonomy":"product_cat","embeddable":true,"href":"https:\/\/roveyayinevi.com.tr\/index.php\/wp-json\/wp\/v2\/product_cat?post=720868"},{"taxonomy":"product_tag","embeddable":true,"href":"https:\/\/roveyayinevi.com.tr\/index.php\/wp-json\/wp\/v2\/product_tag?post=720868"}],"curies":[{"name":"wp","href":"https:\/\/api.w.org\/{rel}","templated":true}]}}