{"id":720866,"date":"2025-08-27T18:42:14","date_gmt":"2025-08-27T15:42:14","guid":{"rendered":"https:\/\/roveyayinevi.com.tr\/index.php\/urun\/mutlu-bir-yuva-icin-alti-mektup\/"},"modified":"2026-04-16T02:28:45","modified_gmt":"2026-04-15T23:28:45","slug":"mutlu-bir-yuva-icin-alti-mektup","status":"publish","type":"product","link":"https:\/\/roveyayinevi.com.tr\/index.php\/urun\/mutlu-bir-yuva-icin-alti-mektup\/","title":{"rendered":"Mutlu Bir Yuva \u0130\u00e7in Alt\u0131 Mektup"},"content":{"rendered":"<p>Bu kitap mutlu bir yuva kurmak isteyenler i\u00e7in \u201cevlilik ve din\u201d ekseninde somut tavsiyeler veriyor. Verilen her tavsiyeyi de a\u00e7\u0131klayarak detayland\u0131r\u0131yor.Amac\u0131m\u0131z evlili\u011finde ma\u011fdur olmu\u015f ya da sorun ya\u015fayan e\u015flere k\u0131lavuzluk etmek. Gelin-kaynana, damat-kay\u0131npeder \u00e7eki\u015fmeleri, kar\u0131-koca kavgalar\u0131 ba\u015fka olmak \u00fczere aile i\u00e7indeki huzursuzluklara \u00e7\u00f6z\u00fcmler \u00fcretmek.Bu ama\u00e7la kitab\u0131 iki ana b\u00f6l\u00fcme ay\u0131rd\u0131k. Birinci b\u00f6l\u00fcmde, \u201cEvlilik ve E\u015fler Aras\u0131 \u0130li\u015fkiler\u201d ba\u015fl\u0131\u011f\u0131 alt\u0131nda \u0130slam\u2019a g\u00f6re evlilik hayat\u0131n\u0131, e\u015f se\u00e7imini, erke\u011fin han\u0131m\u0131na kar\u015f\u0131 vazifelerini kad\u0131n\u0131n kocas\u0131na kar\u015f\u0131 vazifelerini konuyla ilgili \u00e2yetler ve hadisler \u0131\u015f\u0131\u011f\u0131nda ele ald\u0131k.\u0130kinci b\u00f6l\u00fcmde ise evlilik konusunda geline, damada, her iki kay\u0131nvalideye ve her iki kay\u0131npedere tavsiyeler i\u00e7eren alt\u0131 mektup yazd\u0131k. Bu alt\u0131 mektup, on be\u015f \u00f6\u011f\u00fct gelin han\u0131ma, on be\u015f \u00f6\u011f\u00fct damat beye, be\u015f \u00f6\u011f\u00fct damat beyin annesine, be\u015f \u00f6\u011f\u00fct gelin han\u0131m\u0131n annesine, be\u015f \u00f6\u011f\u00fct damat beyin babas\u0131na ve be\u015f \u00f6\u011f\u00fct de gelin han\u0131m\u0131n babas\u0131na olmak \u00fczere toplam elli \u00f6\u011f\u00fctten ve bunlar\u0131n a\u00e7\u0131klamalar\u0131ndan olu\u015fmaktad\u0131r.E\u015flerin mutlu g\u00fcnde oldu\u011fu gibi zor ve s\u0131k\u0131nt\u0131l\u0131 zamanlarda da bu yuvay\u0131 ayakta tutabilmeleri en b\u00fcy\u00fck duam\u0131zd\u0131r. Evlenen b\u00fct\u00fcn karde\u015flerimize sonsuz mutluluklar ve iki cihan saadeti diler, evlenecek olan bek\u00e2r gen\u00e7lerimize de hay\u0131rl\u0131 k\u0131smetler temenni ederiz.<\/p>\n","protected":false},"excerpt":{"rendered":"<p>Bu kitap mutlu bir yuva kurmak isteyenler i\u00e7in \u201cevlilik ve din\u201d ekseninde somut tavsiyeler veriyor. Verilen her tavsiyeyi de a\u00e7\u0131klayarak detayland\u0131r\u0131yor.Amac\u0131m\u0131z evlili\u011finde ma\u011fdur olmu\u015f ya da<span class=\"excerpt-hellip\"> [\u2026]<\/span><\/p>\n","protected":false},"featured_media":0,"template":"","meta":{"_monsterinsights_skip_tracking":false,"_monsterinsights_sitenote_active":false,"_monsterinsights_sitenote_note":"","_monsterinsights_sitenote_category":0},"product_brand":[],"product_cat":[14787,13488],"product_tag":[],"class_list":{"0":"post-720866","1":"product","2":"type-product","3":"status-publish","5":"product_cat-diger-toplum-ve-insan","6":"product_cat-toplum-ve-insan","7":"pa_cilt-ciltsiz","8":"pa_tur-kitap","9":"pa_yayinevi-hayykitap","10":"pa_yazar-mustafa-karatas","12":"first","13":"instock","14":"sale","15":"shipping-taxable","16":"purchasable","17":"product-type-simple"},"_links":{"self":[{"href":"https:\/\/roveyayinevi.com.tr\/index.php\/wp-json\/wp\/v2\/product\/720866","targetHints":{"allow":["GET"]}}],"collection":[{"href":"https:\/\/roveyayinevi.com.tr\/index.php\/wp-json\/wp\/v2\/product"}],"about":[{"href":"https:\/\/roveyayinevi.com.tr\/index.php\/wp-json\/wp\/v2\/types\/product"}],"wp:attachment":[{"href":"https:\/\/roveyayinevi.com.tr\/index.php\/wp-json\/wp\/v2\/media?parent=720866"}],"wp:term":[{"taxonomy":"product_brand","embeddable":true,"href":"https:\/\/roveyayinevi.com.tr\/index.php\/wp-json\/wp\/v2\/product_brand?post=720866"},{"taxonomy":"product_cat","embeddable":true,"href":"https:\/\/roveyayinevi.com.tr\/index.php\/wp-json\/wp\/v2\/product_cat?post=720866"},{"taxonomy":"product_tag","embeddable":true,"href":"https:\/\/roveyayinevi.com.tr\/index.php\/wp-json\/wp\/v2\/product_tag?post=720866"}],"curies":[{"name":"wp","href":"https:\/\/api.w.org\/{rel}","templated":true}]}}