{"id":720865,"date":"2025-08-27T18:42:13","date_gmt":"2025-08-27T15:42:13","guid":{"rendered":"https:\/\/roveyayinevi.com.tr\/index.php\/urun\/muslumanin-sifa-rehberi\/"},"modified":"2026-04-16T02:28:45","modified_gmt":"2026-04-15T23:28:45","slug":"muslumanin-sifa-rehberi","status":"publish","type":"product","link":"https:\/\/roveyayinevi.com.tr\/index.php\/urun\/muslumanin-sifa-rehberi\/","title":{"rendered":"M\u00fcsl\u00fcman&#8217;\u0131n \u015eifa Rehberi"},"content":{"rendered":"<p>Hz. Peygamber\u2019in Tavsiye Etti\u011fi Do\u011fal \u0130la\u00e7lar, Bitkiler ve MeyvelerElinizdeki kitap giri\u015f ve iki ana b\u00f6l\u00fcmden olu\u015fmaktad\u0131r. Giri\u015fte; t\u0131bb-\u0131 nebev\u00ee kavram\u0131na, Hz. Peygamber&#8217;in S\u00fcnnet&#8217;inde sa\u011fl\u0131k, tab\u00e2bet ve tedavi konular\u0131na ve t\u0131bb-\u0131 nebev\u00ee hakk\u0131nda yaz\u0131lan eserlere yer verdik.Birinci b\u00f6l\u00fcmde; \u201cHz. Peygamber\u2019in S\u00fcnnetinde Sa\u011fl\u0131k, Tedavi ve Beslenme\u201d ba\u015fl\u0131\u011f\u0131 alt\u0131nda, Hz. Peygamber&#8217;in s\u00fcnnetinde koruyucu hekimlik, o&#8217;nun zaman\u0131nda mevcut olan hastal\u0131klar ve o&#8217;nun uygulad\u0131\u011f\u0131 baz\u0131 tedavi y\u00f6ntemlerine de\u011findik. Ayr\u0131ca Hz. Peygamber&#8217;in, \u00e7e\u015fitli hastal\u0131klarla ilgili olarak madd\u00ee tedavi kadar manev\u00ee tedaviye de \u00f6nem verdi\u011fini vurgulamaya \u00e7al\u0131\u015ft\u0131k.\u0130kinci b\u00f6l\u00fcmde ise; \u201cHz. Peygamber&#8217;in Tavsiye Etti\u011fi \u0130la\u00e7lar\u201d ba\u015fl\u0131\u011f\u0131 alt\u0131nda, o&#8217;nun \u00e7e\u015fitli hastal\u0131klar i\u00e7in tavsiye etti\u011fi maddeleri, g\u0131dalar\u0131, bitkileri ve meyveleri ele ald\u0131k. \u00d6nce bir ila\u00e7la ilgili had\u00eesi\/had\u00eesleri zikrettik. Sonra o had\u00eeste ge\u00e7en ilac\u0131n faydalar\u0131 hakk\u0131nda eski ve yeni ara\u015ft\u0131rmalardan istifade ederek \u00e7e\u015fitli a\u00e7\u0131klamalar yapt\u0131k.Bu konuda verdi\u011fimiz bilgiler, t\u0131bb\u00ee bilgiler oldu\u011fu i\u00e7in her zaman i\u00e7in de\u011fi\u015fmeye ve geli\u015fmeye a\u00e7\u0131kt\u0131r. Bundan dolay\u0131 Hz. Peygamber&#8217;in tavsiye etti\u011fi, bizim de a\u00e7\u0131klamaya \u00e7al\u0131\u015ft\u0131\u011f\u0131m\u0131z bir ilac\u0131, mutlaka uzman hekim tavsiyesi ve g\u00f6zetiminde kullanmak gerekir. Zira her i\u015fi ehline sormak Kur\u2019an&#8217;\u0131n emridir.Allah Te\u00e2l\u00e2, hastalar\u0131m\u0131za \u015fif\u00e2lar ve dertlilerimize dev\u00e2lar nasip eylesin.<\/p>\n","protected":false},"excerpt":{"rendered":"<p>Hz. Peygamber\u2019in Tavsiye Etti\u011fi Do\u011fal \u0130la\u00e7lar, Bitkiler ve MeyvelerElinizdeki kitap giri\u015f ve iki ana b\u00f6l\u00fcmden olu\u015fmaktad\u0131r. Giri\u015fte; t\u0131bb-\u0131 nebev\u00ee kavram\u0131na, Hz. Peygamber&#8217;in S\u00fcnnet&#8217;inde sa\u011fl\u0131k, tab\u00e2bet ve<span class=\"excerpt-hellip\"> [\u2026]<\/span><\/p>\n","protected":false},"featured_media":0,"template":"","meta":{"_monsterinsights_skip_tracking":false,"_monsterinsights_sitenote_active":false,"_monsterinsights_sitenote_note":"","_monsterinsights_sitenote_category":0},"product_brand":[],"product_cat":[13402,13365],"product_tag":[],"class_list":{"0":"post-720865","1":"product","2":"type-product","3":"status-publish","5":"product_cat-beslenme-ve-diyet","6":"product_cat-saglik","7":"pa_cilt-ciltsiz","8":"pa_tur-kitap","9":"pa_yayinevi-hayykitap","10":"pa_yazar-mustafa-karatas","12":"first","13":"instock","14":"sale","15":"shipping-taxable","16":"purchasable","17":"product-type-simple"},"_links":{"self":[{"href":"https:\/\/roveyayinevi.com.tr\/index.php\/wp-json\/wp\/v2\/product\/720865","targetHints":{"allow":["GET"]}}],"collection":[{"href":"https:\/\/roveyayinevi.com.tr\/index.php\/wp-json\/wp\/v2\/product"}],"about":[{"href":"https:\/\/roveyayinevi.com.tr\/index.php\/wp-json\/wp\/v2\/types\/product"}],"wp:attachment":[{"href":"https:\/\/roveyayinevi.com.tr\/index.php\/wp-json\/wp\/v2\/media?parent=720865"}],"wp:term":[{"taxonomy":"product_brand","embeddable":true,"href":"https:\/\/roveyayinevi.com.tr\/index.php\/wp-json\/wp\/v2\/product_brand?post=720865"},{"taxonomy":"product_cat","embeddable":true,"href":"https:\/\/roveyayinevi.com.tr\/index.php\/wp-json\/wp\/v2\/product_cat?post=720865"},{"taxonomy":"product_tag","embeddable":true,"href":"https:\/\/roveyayinevi.com.tr\/index.php\/wp-json\/wp\/v2\/product_tag?post=720865"}],"curies":[{"name":"wp","href":"https:\/\/api.w.org\/{rel}","templated":true}]}}