{"id":720864,"date":"2025-08-27T18:42:12","date_gmt":"2025-08-27T15:42:12","guid":{"rendered":"https:\/\/roveyayinevi.com.tr\/index.php\/urun\/gerceklerin-pesinde-2-dijital-karinca\/"},"modified":"2026-04-16T02:28:45","modified_gmt":"2026-04-15T23:28:45","slug":"gerceklerin-pesinde-2-dijital-karinca","status":"publish","type":"product","link":"https:\/\/roveyayinevi.com.tr\/index.php\/urun\/gerceklerin-pesinde-2-dijital-karinca\/","title":{"rendered":"Ger\u00e7eklerin Pe\u015finde 2 &#8211; Dijital Kar\u0131nca"},"content":{"rendered":"<p>Sanmam, kanmam, inanmam demeyin!\u201cGer\u00e7eklerin, er ya da ge\u00e7 ortaya \u00e7\u0131kmak gibi bir huyu vard\u0131r.\u201dGen\u00e7 yazar Dilek Sever\u2019in, gazetecili\u011fin bilinmeyen y\u00fcz\u00fcne \u0131\u015f\u0131k tuttu\u011fu \u201cGer\u00e7eklerin Pe\u015finde\u201d isimli macera serisinin ikinci halkas\u0131 Dijital Kar\u0131nca, yeni nesil medyaya, \u00f6zellikle de internet habercili\u011fine dikkat \u00e7eken gizem dolu bir roman.Toplumsal olaylara kay\u0131ts\u0131z kalamayan, her \u015feyi merak etmekten kendini al\u0131koyamayan 10 ya\u015f ve \u00fczerindeki okurlar\u0131 ger\u00e7eklerin pe\u015fine d\u00fc\u015f\u00fcren bu s\u00fcr\u00fckleyici kitap, yaz\u0131l\u0131, g\u00f6rsel ve i\u015fitsel bas\u0131na yans\u0131yan haberlerin kayna\u011f\u0131n\u0131 sorguluyor, ger\u00e7ekli\u011fi \u00fczerine d\u00fc\u015f\u00fcnd\u00fcr\u00fcyor.Bilgisayar ve internet d\u00fcnyas\u0131n\u0131 merkezine alan hareketli hik\u00e2yesinin sat\u0131r aralar\u0131nda, \u201chacker\u201d, \u201cYouTuber\u201d, \u201chashtag\u201d gibi g\u00fcn\u00fcm\u00fcz\u00fcn g\u00f6zde ifadelerini, haberler ile ili\u015fkilendirerek anlatma yoluna giden Sever, roman\u0131yla dijital medya \u00e7a\u011f\u0131ndaki haber alma ve payla\u015fma anlay\u0131\u015f\u0131na da ayna tutuyor.G\u00f6ky\u00fcz\u00fcnden d\u00fc\u015fen bir cihaz, \u00fczerinde para dolu bir \u00e7anta, soka\u011fa sa\u00e7\u0131lan banknotlar ve \u015fa\u015fk\u0131n Sontonlular! \u0130\u015fte ser\u00fcven tam olarak b\u00f6yle ba\u015fl\u0131yor. B\u00fcsb\u00fcy\u00fck Haberler\u2019in eski acar muhabirleri P\u0131r\u0131l ve Fabo bu kez \u00e7ok tehlikeli sorular\u0131n yan\u0131t\u0131n\u0131 ar\u0131yor: \u201cKim bu kadar \u00e7ok paray\u0131 g\u00f6ky\u00fcz\u00fcnde gezmeye \u00e7\u0131kar\u0131r?\u201d ve \u201cParan\u0131n sahibi neden ortalarda yok?\u201d Kendilerini sorulara &#8216;fazlaca&#8217; kapt\u0131ran dostlar\u0131m\u0131z\u0131n kap\u0131lar\u0131n\u0131 \u00fcrk\u00fct\u00fcc\u00fc bir ger\u00e7ek \u00e7al\u0131yor! Esrarengiz olaylar\u0131 bir bir a\u00e7\u0131\u011fa \u00e7\u0131kar\u0131rken, internetin karanl\u0131k d\u00fcnyas\u0131na bal\u0131klama dalan &#8220;Ger\u00e7eklerin Pe\u015finde&#8221; ekibinin yollar\u0131 s\u0131ra d\u0131\u015f\u0131 biriyle kesi\u015fiyor: Kar\u0131nca kolonisine h\u00fckmeden Dijital Kar\u0131nca&#8217;yla\u2026Gazetecilik etik ilkeleri ile habercilik kavram\u0131 \u00fczerine d\u00fc\u015f\u00fcnd\u00fcren bu entrikas\u0131 bol roman, toplum \u00fczerinde \u201ciyi\u201d insan alg\u0131s\u0131 yarat\u0131l\u0131rken medyan\u0131n nas\u0131l \u201ckirli\u201d bir ara\u00e7 olarak kullan\u0131labilece\u011fine tan\u0131kl\u0131k ettiriyor.Zeynep \u00d6zatalay\u2019\u0131n polisiye filmleri aratmayan detayl\u0131 \u00e7izimleriyle anlat\u0131m\u0131na renk katt\u0131\u011f\u0131 Ger\u00e7eklerin Pe\u015finde &#8211; 2 Dijital Kar\u0131nca, sade dili, dinamik kurgusu ve g\u00fcnceli yakalayan hik\u00e2yesiyle her dem keyifle okunacak bir gazetecilik ser\u00fcveni.<\/p>\n","protected":false},"excerpt":{"rendered":"<p>Sanmam, kanmam, inanmam demeyin!\u201cGer\u00e7eklerin, er ya da ge\u00e7 ortaya \u00e7\u0131kmak gibi bir huyu vard\u0131r.\u201dGen\u00e7 yazar Dilek Sever\u2019in, gazetecili\u011fin bilinmeyen y\u00fcz\u00fcne \u0131\u015f\u0131k tuttu\u011fu \u201cGer\u00e7eklerin Pe\u015finde\u201d isimli macera<span class=\"excerpt-hellip\"> [\u2026]<\/span><\/p>\n","protected":false},"featured_media":0,"template":"","meta":{"_monsterinsights_skip_tracking":false,"_monsterinsights_sitenote_active":false,"_monsterinsights_sitenote_note":"","_monsterinsights_sitenote_category":0},"product_brand":[],"product_cat":[12274,12284],"product_tag":[],"class_list":{"0":"post-720864","1":"product","2":"type-product","3":"status-publish","5":"product_cat-cocuk-ve-genclik-kitaplari","6":"product_cat-hikayeler","7":"pa_cilt-ciltsiz","8":"pa_tur-kitap","9":"pa_yayinevi-tudem-yayinlari","10":"pa_yazar-dilek-sever","12":"first","13":"instock","14":"sale","15":"shipping-taxable","16":"purchasable","17":"product-type-simple"},"_links":{"self":[{"href":"https:\/\/roveyayinevi.com.tr\/index.php\/wp-json\/wp\/v2\/product\/720864","targetHints":{"allow":["GET"]}}],"collection":[{"href":"https:\/\/roveyayinevi.com.tr\/index.php\/wp-json\/wp\/v2\/product"}],"about":[{"href":"https:\/\/roveyayinevi.com.tr\/index.php\/wp-json\/wp\/v2\/types\/product"}],"wp:attachment":[{"href":"https:\/\/roveyayinevi.com.tr\/index.php\/wp-json\/wp\/v2\/media?parent=720864"}],"wp:term":[{"taxonomy":"product_brand","embeddable":true,"href":"https:\/\/roveyayinevi.com.tr\/index.php\/wp-json\/wp\/v2\/product_brand?post=720864"},{"taxonomy":"product_cat","embeddable":true,"href":"https:\/\/roveyayinevi.com.tr\/index.php\/wp-json\/wp\/v2\/product_cat?post=720864"},{"taxonomy":"product_tag","embeddable":true,"href":"https:\/\/roveyayinevi.com.tr\/index.php\/wp-json\/wp\/v2\/product_tag?post=720864"}],"curies":[{"name":"wp","href":"https:\/\/api.w.org\/{rel}","templated":true}]}}