{"id":720863,"date":"2025-08-27T18:42:12","date_gmt":"2025-08-27T15:42:12","guid":{"rendered":"https:\/\/roveyayinevi.com.tr\/index.php\/urun\/mozart-ve-verdide-insan-sihirli-flut-ve-aida-ozel-baski\/"},"modified":"2026-03-12T02:37:59","modified_gmt":"2026-03-11T23:37:59","slug":"mozart-ve-verdide-insan-sihirli-flut-ve-aida-ozel-baski","status":"publish","type":"product","link":"https:\/\/roveyayinevi.com.tr\/index.php\/urun\/mozart-ve-verdide-insan-sihirli-flut-ve-aida-ozel-baski\/","title":{"rendered":"Mozart ve Verdi\u2019de &#8216;\u0130nsan&#8217; &#8211; Sihirli Fl\u00fct ve Aida (\u00d6zel Bask\u0131)"},"content":{"rendered":"<p>Son y\u0131llarda \u00e7al\u0131\u015fmalar\u0131m\u0131 sanatlar aras\u0131 etkile\u015fim konusunda yo\u011funla\u015ft\u0131rm\u0131\u015ft\u0131m. Bu ba\u011flamda Mozart operalar\u0131na y\u00f6neldim. \u0130lgimi \u00f6zellikle \u00e7eken onun son operas\u0131 \u2018Sihirli Fl\u00fct\u2019 oldu. Konunun \u00f6rg\u00fcs\u00fcn\u00fc olu\u015fturan temel kavramlar\u0131n Mozart\u2019\u0131n ki\u015fili\u011fine ayna tuttu\u011funu g\u00f6rd\u00fcm. Sihirli Fl\u00fct\u2019teki ba\u015fki\u015filerin karakterleri birbirinden \u00e7ok farkl\u0131. Bu farkl\u0131 karakterlerin \u00e7o\u011fu Mozart\u2019\u0131n ki\u015fili\u011finde toplanm\u0131\u015f. Mozart\u2019\u0131 bu ba\u011flamda ele al\u0131nca \u00e7al\u0131\u015fmam\u0131n \u00e7\u0131k\u0131\u015f noktas\u0131 onun ya\u015fam kar\u015f\u0131s\u0131ndaki duru\u015fu ve insan anlay\u0131\u015f\u0131 oldu.19. y\u00fczy\u0131l \u0130talyan bestecilerini incelerken Verdi ile Mozart aras\u0131nda temel bir ortakl\u0131k bulgulad\u0131m. Her ikise de insan\u0131, ya\u015fad\u0131\u011f\u0131 toplumdan soyutlamadan etiyle can\u0131yla ya\u015fayan varl\u0131klar olarak alg\u0131l\u0131yor ve ki\u015filiklerini, birbirleriyle ili\u015fkilerini m\u00fczik diliyle ifade ediyorlar. Sihirli Fl\u00fct ile Aida\u2019n\u0131n temel kavramlar\u0131n\u0131 bu a\u00e7\u0131dan kar\u015f\u0131la\u015ft\u0131rd\u0131m. Bu kar\u015f\u0131la\u015ft\u0131rma farkl\u0131 d\u00f6nem ve farkl\u0131 ko\u015fullarda ya\u015fam\u0131\u015f olan iki b\u00fcy\u00fck bestecinin ya\u015fama bak\u0131\u015flar\u0131na \u0131\u015f\u0131k tuttu\u011fu gibi, 18.y\u00fczy\u0131l sonuyla 19.y\u00fczy\u0131lda ya\u015fanan toplumsal de\u011fi\u015fimi de g\u00f6zler \u00f6n\u00fcne seriyor.<\/p>\n","protected":false},"excerpt":{"rendered":"<p>Son y\u0131llarda \u00e7al\u0131\u015fmalar\u0131m\u0131 sanatlar aras\u0131 etkile\u015fim konusunda yo\u011funla\u015ft\u0131rm\u0131\u015ft\u0131m. Bu ba\u011flamda Mozart operalar\u0131na y\u00f6neldim. \u0130lgimi \u00f6zellikle \u00e7eken onun son operas\u0131 \u2018Sihirli Fl\u00fct\u2019 oldu. Konunun \u00f6rg\u00fcs\u00fcn\u00fc olu\u015fturan temel<span class=\"excerpt-hellip\"> [\u2026]<\/span><\/p>\n","protected":false},"featured_media":0,"template":"","meta":{"_monsterinsights_skip_tracking":false,"_monsterinsights_sitenote_active":false,"_monsterinsights_sitenote_note":"","_monsterinsights_sitenote_category":0},"product_brand":[],"product_cat":[14591,14556],"product_tag":[],"class_list":{"0":"post-720863","1":"product","2":"type-product","3":"status-publish","5":"product_cat-genel-kavramlar-kuram-ve-tarihce","6":"product_cat-muzik","7":"pa_cilt-ciltsiz","8":"pa_tur-kitap","9":"pa_yayinevi-hayalperest-yayinlari","10":"pa_yazar-nazan-ipsiroglu","12":"first","13":"instock","14":"sale","15":"shipping-taxable","16":"purchasable","17":"product-type-simple"},"_links":{"self":[{"href":"https:\/\/roveyayinevi.com.tr\/index.php\/wp-json\/wp\/v2\/product\/720863","targetHints":{"allow":["GET"]}}],"collection":[{"href":"https:\/\/roveyayinevi.com.tr\/index.php\/wp-json\/wp\/v2\/product"}],"about":[{"href":"https:\/\/roveyayinevi.com.tr\/index.php\/wp-json\/wp\/v2\/types\/product"}],"wp:attachment":[{"href":"https:\/\/roveyayinevi.com.tr\/index.php\/wp-json\/wp\/v2\/media?parent=720863"}],"wp:term":[{"taxonomy":"product_brand","embeddable":true,"href":"https:\/\/roveyayinevi.com.tr\/index.php\/wp-json\/wp\/v2\/product_brand?post=720863"},{"taxonomy":"product_cat","embeddable":true,"href":"https:\/\/roveyayinevi.com.tr\/index.php\/wp-json\/wp\/v2\/product_cat?post=720863"},{"taxonomy":"product_tag","embeddable":true,"href":"https:\/\/roveyayinevi.com.tr\/index.php\/wp-json\/wp\/v2\/product_tag?post=720863"}],"curies":[{"name":"wp","href":"https:\/\/api.w.org\/{rel}","templated":true}]}}