{"id":720862,"date":"2025-08-27T18:42:11","date_gmt":"2025-08-27T15:42:11","guid":{"rendered":"https:\/\/roveyayinevi.com.tr\/index.php\/urun\/yavuz-turguldan-terrence-malicke-sinema-yazilari\/"},"modified":"2026-03-12T02:37:59","modified_gmt":"2026-03-11T23:37:59","slug":"yavuz-turguldan-terrence-malicke-sinema-yazilari","status":"publish","type":"product","link":"https:\/\/roveyayinevi.com.tr\/index.php\/urun\/yavuz-turguldan-terrence-malicke-sinema-yazilari\/","title":{"rendered":"Yavuz Turgul\u2019dan Terrence Malick\u2019e Sinema Yaz\u0131lar\u0131"},"content":{"rendered":"<p>Yavuz Turgul\u2019dan Terrence Malick\u2019e bir yol\u2026 B\u00f6yle bir yolu hayal etmek bile ho\u015fuma gidiyordu ve bu yolu ilk d\u00fc\u015f\u00fcnd\u00fc\u011f\u00fcmde yaln\u0131zca bir hayaldi. \u0130ki y\u00f6netmenin de ge\u00e7ip gidenle ilgilendi\u011fini s\u00f6ylemek m\u00fcmk\u00fcn. Badlands, Days of Heaven, The New World ya da E\u015fk\u0131ya, Muhsin Bey, G\u00f6lge Oyunu masumiyetin kayb\u0131na odaklan\u0131r. Malick ve Turgul aras\u0131ndaki ba\u015fka bir benzerlik, film \u00fcretme y\u00f6ntemlerindedir. \u0130kisi de bir resimden yola \u00e7\u0131karak film yapm\u0131\u015ft\u0131r. Malick, Days of Heaven\u2019in ortaya \u00e7\u0131k\u0131\u015f\u0131n\u0131 Andrew Wyeth\u2019in bir tablosuna, Turgul ise Av Mevsimi\u2019ni Yavuz Tanyeli\u2019nin bir desen \u00e7al\u0131\u015fmas\u0131na dayand\u0131r\u0131r. Sinemalar\u0131ndaki sezgisel boyut kavrand\u0131\u011f\u0131nda, bu ili\u015fki daha da anlaml\u0131 g\u00f6r\u00fcnecektir g\u00f6z\u00fcm\u00fcze.Altyaz\u0131, Sekans, Toplumbilim, Sufi Ara\u015ft\u0131rmalar\u0131 ve \u00d6zne Felsefe gibi dergilerde yay\u0131mlanm\u0131\u015f yaz\u0131lar\u0131mdan derlenen bu kitapta, \u00fc\u00e7 yaz\u0131 sinemada yarat\u0131l\u0131\u015f mitleri, beden ve siberpunk \u00fczerinedir. Di\u011fer on yaz\u0131 ise Yavuz Turgul, Onur \u00dcnl\u00fc, John Woo, David Cronenberg, Martib Scorsese, Brian De Palma, Ethem \u00d6zg\u00fcven, Chris Markes, Bernardo Bertolucci ve Terrence Malick\u2019in olu\u015fturdu\u011fu kadro arac\u0131l\u0131\u011f\u0131\u0131yla, b\u00fcy\u00fck \u00f6l\u00e7\u00fcde, y\u00f6netmen sinemas\u0131 hakk\u0131nda s\u00f6z s\u00f6ylemektedir.<\/p>\n","protected":false},"excerpt":{"rendered":"<p>Yavuz Turgul\u2019dan Terrence Malick\u2019e bir yol\u2026 B\u00f6yle bir yolu hayal etmek bile ho\u015fuma gidiyordu ve bu yolu ilk d\u00fc\u015f\u00fcnd\u00fc\u011f\u00fcmde yaln\u0131zca bir hayaldi. \u0130ki y\u00f6netmenin de ge\u00e7ip<span class=\"excerpt-hellip\"> [\u2026]<\/span><\/p>\n","protected":false},"featured_media":0,"template":"","meta":{"_monsterinsights_skip_tracking":false,"_monsterinsights_sitenote_active":false,"_monsterinsights_sitenote_note":"","_monsterinsights_sitenote_category":0},"product_brand":[],"product_cat":[12409,12408],"product_tag":[],"class_list":{"0":"post-720862","1":"product","2":"type-product","3":"status-publish","5":"product_cat-fotograf-sinema-tiyatro","6":"product_cat-sanat","7":"pa_cilt-ciltsiz","8":"pa_tur-kitap","9":"pa_yayinevi-hayalperest-yayinlari","10":"pa_yazar-oguzhan-ersumer","12":"first","13":"instock","14":"sale","15":"shipping-taxable","16":"purchasable","17":"product-type-simple"},"_links":{"self":[{"href":"https:\/\/roveyayinevi.com.tr\/index.php\/wp-json\/wp\/v2\/product\/720862","targetHints":{"allow":["GET"]}}],"collection":[{"href":"https:\/\/roveyayinevi.com.tr\/index.php\/wp-json\/wp\/v2\/product"}],"about":[{"href":"https:\/\/roveyayinevi.com.tr\/index.php\/wp-json\/wp\/v2\/types\/product"}],"wp:attachment":[{"href":"https:\/\/roveyayinevi.com.tr\/index.php\/wp-json\/wp\/v2\/media?parent=720862"}],"wp:term":[{"taxonomy":"product_brand","embeddable":true,"href":"https:\/\/roveyayinevi.com.tr\/index.php\/wp-json\/wp\/v2\/product_brand?post=720862"},{"taxonomy":"product_cat","embeddable":true,"href":"https:\/\/roveyayinevi.com.tr\/index.php\/wp-json\/wp\/v2\/product_cat?post=720862"},{"taxonomy":"product_tag","embeddable":true,"href":"https:\/\/roveyayinevi.com.tr\/index.php\/wp-json\/wp\/v2\/product_tag?post=720862"}],"curies":[{"name":"wp","href":"https:\/\/api.w.org\/{rel}","templated":true}]}}