{"id":720861,"date":"2025-08-27T18:42:11","date_gmt":"2025-08-27T15:42:11","guid":{"rendered":"https:\/\/roveyayinevi.com.tr\/index.php\/urun\/durer\/"},"modified":"2026-03-12T02:37:59","modified_gmt":"2026-03-11T23:37:59","slug":"durer","status":"publish","type":"product","link":"https:\/\/roveyayinevi.com.tr\/index.php\/urun\/durer\/","title":{"rendered":"D\u00fcrer"},"content":{"rendered":"<p>Bat\u0131 sanat\u0131 tarihinde 15.y\u00fczy\u0131l\u0131n sonuna ve 16.y\u00fczy\u0131l\u0131n ba\u015f\u0131na damgas\u0131n\u0131 vuran Albrecht D\u00fcrer, hen\u00fcz hayattayken kazand\u0131\u011f\u0131 \u00fcnle t\u00fcm K\u0131ta Avrupas\u0131\u2019n\u0131n dikkatini \u00fczerine \u00e7ekmi\u015fti. Ressam, bask\u0131resim ustas\u0131, vitray tasar\u0131mc\u0131s\u0131, dekorat\u00f6r, sanat kuramc\u0131s\u0131, yazar, restorat\u00f6r D\u00fcrer, ondan bahsedilirken s\u00f6ylenen \u201cAlman Leonardo\u201d tabirinin hakk\u0131n\u0131 teslim ediyordu. \u00d6zellikle bask\u0131resim tekniklerinde uzmanla\u015fmas\u0131, onun istisnai bir durum olarak halk aras\u0131nda da fazlas\u0131yla \u00fcn kazanmas\u0131n\u0131 sa\u011flam\u0131\u015ft\u0131 \u00e7\u00fcnk\u00fc baz\u0131lar\u0131n\u0131 sayfalar halinde baz\u0131lar\u0131n\u0131ysa fasik\u00fcl ya da kitap \u015feklinde sat\u0131\u015fa \u00e7\u0131kard\u0131\u011f\u0131 bu eserler, semt pazarlar\u0131nda gayet ucuz fiyatlara al\u0131c\u0131 bulabiliyordu. Ba\u015fka sanat\u00e7\u0131lara da ilham veren bu \u201cpazarlama tekni\u011fi sayesinde resim, s\u0131radan insanlar\u0131n yaln\u0131zca kiliselerde, kamu kurumlar\u0131nda, zenginlerin evlerinde ve benzeri yerlerde kar\u015f\u0131la\u015ft\u0131klar\u0131 ula\u015f\u0131lamaz bir \u015fey olmaktan \u00e7\u0131kmaya ba\u015flad\u0131.Ya\u015fad\u0131\u011f\u0131 d\u00f6nemde pek \u00e7ok sanat\u00e7\u0131ya pek \u00e7ok konuda ilham veren Albrecht D\u00fcrer, gerek eserleriyle gerekse fikirleriyle \u00f6l\u00fcm\u00fcnden be\u015f y\u00fcz y\u0131l sonra bile \u201cesin perisi\u201d olmay\u0131 s\u00fcrd\u00fcr\u00fcyor. En \u00fcnl\u00fc eserleri aras\u0131nda yer alan Melankoli I ya da original ad\u0131yla Melencolia I, bu b\u00fcy\u00fck ustan\u0131n fikir d\u00fcnyas\u0131n\u0131n zenginli\u011fini a\u00e7\u0131k\u00e7a ortaya koyuyor.Hayalperest Yay\u0131nlar\u0131\u2019n\u0131n \u201cSanat\u0131n B\u00fcy\u00fck Ustalar\u0131\u201d serisinin bir par\u00e7as\u0131 olan bu kitap, D\u00fcrer\u2019in bazen gizemli bazen insan\u0131 deh\u015fete d\u00fc\u015f\u00fcren bazen de dinginli\u011fe s\u00fcr\u00fckleyen d\u00fcnyas\u0131na a\u00e7\u0131lan kap\u0131y\u0131 aral\u0131yor. G\u00f6rsellerle ve notlar b\u00f6l\u00fcm\u00fcyle okura katmanl\u0131 bir okuma imkan\u0131 sunan kitap, bu b\u00fcy\u00fck ustan\u0131n ya\u015fama, sanata, bilime bak\u0131\u015f a\u00e7\u0131s\u0131n\u0131 kavramaya yard\u0131mc\u0131 olacak noktalar\u0131 i\u015faret ediyor ve i\u015fin geri kalan k\u0131sm\u0131n\u0131 okura b\u0131rak\u0131yor.<\/p>\n","protected":false},"excerpt":{"rendered":"<p>Bat\u0131 sanat\u0131 tarihinde 15.y\u00fczy\u0131l\u0131n sonuna ve 16.y\u00fczy\u0131l\u0131n ba\u015f\u0131na damgas\u0131n\u0131 vuran Albrecht D\u00fcrer, hen\u00fcz hayattayken kazand\u0131\u011f\u0131 \u00fcnle t\u00fcm K\u0131ta Avrupas\u0131\u2019n\u0131n dikkatini \u00fczerine \u00e7ekmi\u015fti. Ressam, bask\u0131resim ustas\u0131, vitray<span class=\"excerpt-hellip\"> [\u2026]<\/span><\/p>\n","protected":false},"featured_media":0,"template":"","meta":{"_monsterinsights_skip_tracking":false,"_monsterinsights_sitenote_active":false,"_monsterinsights_sitenote_note":"","_monsterinsights_sitenote_category":0},"product_brand":[],"product_cat":[13548,12408],"product_tag":[],"class_list":{"0":"post-720861","1":"product","2":"type-product","3":"status-publish","5":"product_cat-kuram","6":"product_cat-sanat","7":"pa_cilt-ciltsiz","8":"pa_tur-kitap","9":"pa_yayinevi-hayalperest-yayinlari","10":"pa_yazar-firdevs-candil-erdogan","12":"first","13":"instock","14":"sale","15":"shipping-taxable","16":"purchasable","17":"product-type-simple"},"_links":{"self":[{"href":"https:\/\/roveyayinevi.com.tr\/index.php\/wp-json\/wp\/v2\/product\/720861","targetHints":{"allow":["GET"]}}],"collection":[{"href":"https:\/\/roveyayinevi.com.tr\/index.php\/wp-json\/wp\/v2\/product"}],"about":[{"href":"https:\/\/roveyayinevi.com.tr\/index.php\/wp-json\/wp\/v2\/types\/product"}],"wp:attachment":[{"href":"https:\/\/roveyayinevi.com.tr\/index.php\/wp-json\/wp\/v2\/media?parent=720861"}],"wp:term":[{"taxonomy":"product_brand","embeddable":true,"href":"https:\/\/roveyayinevi.com.tr\/index.php\/wp-json\/wp\/v2\/product_brand?post=720861"},{"taxonomy":"product_cat","embeddable":true,"href":"https:\/\/roveyayinevi.com.tr\/index.php\/wp-json\/wp\/v2\/product_cat?post=720861"},{"taxonomy":"product_tag","embeddable":true,"href":"https:\/\/roveyayinevi.com.tr\/index.php\/wp-json\/wp\/v2\/product_tag?post=720861"}],"curies":[{"name":"wp","href":"https:\/\/api.w.org\/{rel}","templated":true}]}}