{"id":720859,"date":"2025-08-27T18:42:10","date_gmt":"2025-08-27T15:42:10","guid":{"rendered":"https:\/\/roveyayinevi.com.tr\/index.php\/urun\/ronesans-dusuncesi-ve-resim-sanati\/"},"modified":"2026-03-12T02:37:59","modified_gmt":"2026-03-11T23:37:59","slug":"ronesans-dusuncesi-ve-resim-sanati","status":"publish","type":"product","link":"https:\/\/roveyayinevi.com.tr\/index.php\/urun\/ronesans-dusuncesi-ve-resim-sanati\/","title":{"rendered":"R\u00f6nesans D\u00fc\u015f\u00fcncesi ve Resim Sanat\u0131"},"content":{"rendered":"<p>On Be\u015finci y\u00fczy\u0131lda \u0130talya\u2019da filizlenip yay\u0131lan de\u011fi\u015fim ve d\u00f6n\u00fc\u015f\u00fcm s\u00fcreci h\u0131zla Kuzey ve G\u00fcney Avrupa\u2019y\u0131, ard\u0131ndan \u0130ngiltere\u2019yi, bir yan\u0131yla da Osmanl\u0131 \u0130mparatorlu\u011fu\u2019nu etkisi alt\u0131na ald\u0131. D\u00f6nemin g\u00fc\u00e7l\u00fc devletleri, g\u00fcn\u00fcm\u00fcz d\u00fcnyas\u0131n\u0131n uluslararas\u0131 ili\u015fkilerinden sanat\u0131na, hatta toplumsal ya\u015fam\u0131na kadar her a\u015famas\u0131n\u0131 \u015fekillendirecek bu s\u00fcrece kay\u0131ts\u0131z kalamazd\u0131 ve kalmad\u0131: R\u00f6nesans. R\u00f6nesans D\u00fc\u015f\u00fcncesi ve Resim Sanat\u0131, bu dinamik s\u00fcrecin fikri ve sanatsal boyutuna odaklan\u0131yor. Tarihte yeniden do\u011fu\u015f olarak nitelendirilen R\u00f6nesans\u2019\u0131n bilimsel ve entelekt\u00fcel k\u00f6klerinin anlat\u0131ld\u0131\u011f\u0131 ilk k\u0131s\u0131mda yeniden do\u011fu\u015fu tetikleyen unsurlar detayl\u0131 \u015fekilde a\u00e7\u0131klan\u0131yor. 1400\u2019l\u00fc y\u0131llar\u0131n ba\u015f\u0131nda \u0130talyan yar\u0131madas\u0131nda ya\u015fanan beyin f\u0131rt\u0131nas\u0131n\u0131n boyutunu ve Mirandola\u2019dan Kopernik\u2019e, Giordano Bruno\u2019ya kadar pek \u00e7ok d\u00fc\u015f\u00fcn\u00fcr\u00fcn fikirleriyle yaratt\u0131\u011f\u0131 entelekt\u00fcel kozmosu anlamak i\u00e7in gerekli zemini haz\u0131rl\u0131yor. Mesenlik sisteminin, tinsel m\u00fclkiyetin, sanat\u00e7\u0131 haklar\u0131n\u0131n, Platon Akademisi\u2019nin ortaya \u00e7\u0131kmas\u0131yla \u015fekillenen R\u00f6nesans esteti\u011finin t\u00fcm boyutlar\u0131yla kavranmas\u0131 sa\u011flan\u0131yor. Sans\u00fcr\u00fcn on be\u015finci ve on alt\u0131nc\u0131 y\u00fczy\u0131llardaki \u00f6rneklerine de yer verilen kitab\u0131n ikinci k\u0131sm\u0131 ise \u0130talya\u2019daki \u00fc\u00e7 kenti merkez al\u0131yor: Floransa, Venedik ve Roma. Bu kentlerde do\u011fup yay\u0131lan \u00fc\u00e7 sanat ekol\u00fcn\u00fcn \u00f6zelliklerine, bu ekollerin temsilcilerine ve eserlerine ayr\u0131 ayr\u0131 yer veriliyor. Giotte di Bondone\u2019nin, Gentile de Fabriano\u2019nun izinden ilerlerken her biri kendi \u00fcslubunu geli\u015ftiren Masaccio, Fra Angelico, Paolo Uccello, Sandro Botticelli, Belliniler, Giorgione, Tiziano, Leonardo da Vinci, Michelangelo, Raffaello gibi b\u00fcy\u00fck ustalar\u0131n eserlerinde yeniden do\u011fu\u015f fikrinin nas\u0131l bir kar\u015f\u0131l\u0131k buldu\u011fu a\u00e7\u0131klan\u0131yor. Sanat tarih\u00e7isi Nil\u00fcfer \u00d6ndin, insan\u0131n her \u015feyin \u00f6l\u00e7\u00fcc\u00fc olarak kabul edildi\u011fi humanist R\u00f6nesans\u2019\u0131n aynalar\u0131 olan eserleri incelmek ve anlamak isteyenlerin ihtiya\u00e7 duyaca\u011f\u0131 bilgileri R\u00f6nesans D\u00fc\u015f\u00fcncesi ve Resim Sanat\u0131\u2019nda bir araya topluyor.<\/p>\n","protected":false},"excerpt":{"rendered":"<p>On Be\u015finci y\u00fczy\u0131lda \u0130talya\u2019da filizlenip yay\u0131lan de\u011fi\u015fim ve d\u00f6n\u00fc\u015f\u00fcm s\u00fcreci h\u0131zla Kuzey ve G\u00fcney Avrupa\u2019y\u0131, ard\u0131ndan \u0130ngiltere\u2019yi, bir yan\u0131yla da Osmanl\u0131 \u0130mparatorlu\u011fu\u2019nu etkisi alt\u0131na ald\u0131. D\u00f6nemin<span class=\"excerpt-hellip\"> [\u2026]<\/span><\/p>\n","protected":false},"featured_media":0,"template":"","meta":{"_monsterinsights_skip_tracking":false,"_monsterinsights_sitenote_active":false,"_monsterinsights_sitenote_note":"","_monsterinsights_sitenote_category":0},"product_brand":[],"product_cat":[15733,12408],"product_tag":[],"class_list":{"0":"post-720859","1":"product","2":"type-product","3":"status-publish","5":"product_cat-resim","6":"product_cat-sanat","7":"pa_cilt-ciltsiz","8":"pa_tur-kitap","9":"pa_yayinevi-hayalperest-yayinlari","10":"pa_yazar-nilufer-ondin","12":"first","13":"instock","14":"sale","15":"shipping-taxable","16":"purchasable","17":"product-type-simple"},"_links":{"self":[{"href":"https:\/\/roveyayinevi.com.tr\/index.php\/wp-json\/wp\/v2\/product\/720859","targetHints":{"allow":["GET"]}}],"collection":[{"href":"https:\/\/roveyayinevi.com.tr\/index.php\/wp-json\/wp\/v2\/product"}],"about":[{"href":"https:\/\/roveyayinevi.com.tr\/index.php\/wp-json\/wp\/v2\/types\/product"}],"wp:attachment":[{"href":"https:\/\/roveyayinevi.com.tr\/index.php\/wp-json\/wp\/v2\/media?parent=720859"}],"wp:term":[{"taxonomy":"product_brand","embeddable":true,"href":"https:\/\/roveyayinevi.com.tr\/index.php\/wp-json\/wp\/v2\/product_brand?post=720859"},{"taxonomy":"product_cat","embeddable":true,"href":"https:\/\/roveyayinevi.com.tr\/index.php\/wp-json\/wp\/v2\/product_cat?post=720859"},{"taxonomy":"product_tag","embeddable":true,"href":"https:\/\/roveyayinevi.com.tr\/index.php\/wp-json\/wp\/v2\/product_tag?post=720859"}],"curies":[{"name":"wp","href":"https:\/\/api.w.org\/{rel}","templated":true}]}}