{"id":720858,"date":"2025-08-27T18:42:09","date_gmt":"2025-08-27T15:42:09","guid":{"rendered":"https:\/\/roveyayinevi.com.tr\/index.php\/urun\/modern-resim-nasil-okunur\/"},"modified":"2026-03-12T02:37:59","modified_gmt":"2026-03-11T23:37:59","slug":"modern-resim-nasil-okunur","status":"publish","type":"product","link":"https:\/\/roveyayinevi.com.tr\/index.php\/urun\/modern-resim-nasil-okunur\/","title":{"rendered":"Modern Resim Nas\u0131l Okunur"},"content":{"rendered":"<p>Ne kadar pop\u00fcler olursa olsun modern resimlerin anla\u015f\u0131lmas\u0131, sanat konusunda detayl\u0131 bilgisi olmayanlar a\u00e7\u0131s\u0131ndan genellikle zordur. How to Read a Painting&#8217;e (2004) e\u015flik eden bu kitapta yazar Jon Thompson, Bonnard&#8217;dan, Basquiat&#8217;den Warhol&#8217;a ve Whistler&#8217;a kadar toplam 140 sanat\u00e7\u0131n\u0131n yapt\u0131\u011f\u0131 iki y\u00fczden fazla resimle okuyucuya k\u0131lavuzluk ediyor. Sanat\u00e7\u0131lar\u0131n di\u011fer resimleri ve etkilendikleri kaynaklar ba\u011flam\u0131nda ele alarak her yap\u0131t\u0131n karakteristik \u00f6zelli\u011finin ke\u015ffedilmesini sa\u011fl\u0131yor.On dokuzuncu y\u00fczy\u0131l ger\u00e7ek\u00e7ilik ak\u0131m\u0131 ve Barbizon Okulu&#8217;yla ba\u015flayan kitapta Thompson, okuyucuyu bir y\u00fczy\u0131ldan fazla s\u00fcren bir zaman yolculu\u011funa \u00e7\u0131kar\u0131p 1980&#8217;lerin avangart ak\u0131mlar\u0131na ula\u015fmas\u0131na \u00f6nc\u00fcl\u00fck ediyor. Hem \u00e7a\u011fda\u015f hem de eski d\u00f6nemlerde \u00fcretilen yap\u0131tlardan \u00f6rnekler veren Thompson, okuyucunun resmin anlam\u0131na ili\u015fkin \u015fifreleri \u00e7\u00f6zmesine yard\u0131mc\u0131 olmak amac\u0131yla kitaptaki her sanat\u00e7\u0131n\u0131n ya\u015fam \u00f6yk\u00fcs\u00fcn\u00fc, sembolik dilini ve kulland\u0131\u011f\u0131 teknikleri de anlat\u0131yor.Jon Thompson, ressam, yazar; ba\u011f\u0131ms\u0131z bir k\u00fcrator ve ayn\u0131 zamanda e\u011fitimcidir: Bir s\u00fcre once Middlesex \u00dcniversitesi&#8217;nden professor \u00fcnvan\u0131yla emekli olmu\u015ftur. En son sergisi Londra&#8217;daki Anthony Reynolds Gallery&#8217;de a\u00e7\u0131lan sanat\u00e7\u0131n\u0131n yap\u0131tlar\u0131 resmi ve \u00f6zel pek \u00e7ok koleksiyonda yer almaktad\u0131r.<\/p>\n","protected":false},"excerpt":{"rendered":"<p>Ne kadar pop\u00fcler olursa olsun modern resimlerin anla\u015f\u0131lmas\u0131, sanat konusunda detayl\u0131 bilgisi olmayanlar a\u00e7\u0131s\u0131ndan genellikle zordur. How to Read a Painting&#8217;e (2004) e\u015flik eden bu kitapta<span class=\"excerpt-hellip\"> [\u2026]<\/span><\/p>\n","protected":false},"featured_media":0,"template":"","meta":{"_monsterinsights_skip_tracking":false,"_monsterinsights_sitenote_active":false,"_monsterinsights_sitenote_note":"","_monsterinsights_sitenote_category":0},"product_brand":[],"product_cat":[12408,14197],"product_tag":[],"class_list":{"0":"post-720858","1":"product","2":"type-product","3":"status-publish","5":"product_cat-sanat","6":"product_cat-sanat-tarihi","7":"pa_cilt-ciltsiz","8":"pa_tur-kitap","9":"pa_yayinevi-hayalperest-yayinlari","10":"pa_yazar-jon-thompson","12":"first","13":"instock","14":"sale","15":"shipping-taxable","16":"purchasable","17":"product-type-simple"},"_links":{"self":[{"href":"https:\/\/roveyayinevi.com.tr\/index.php\/wp-json\/wp\/v2\/product\/720858","targetHints":{"allow":["GET"]}}],"collection":[{"href":"https:\/\/roveyayinevi.com.tr\/index.php\/wp-json\/wp\/v2\/product"}],"about":[{"href":"https:\/\/roveyayinevi.com.tr\/index.php\/wp-json\/wp\/v2\/types\/product"}],"wp:attachment":[{"href":"https:\/\/roveyayinevi.com.tr\/index.php\/wp-json\/wp\/v2\/media?parent=720858"}],"wp:term":[{"taxonomy":"product_brand","embeddable":true,"href":"https:\/\/roveyayinevi.com.tr\/index.php\/wp-json\/wp\/v2\/product_brand?post=720858"},{"taxonomy":"product_cat","embeddable":true,"href":"https:\/\/roveyayinevi.com.tr\/index.php\/wp-json\/wp\/v2\/product_cat?post=720858"},{"taxonomy":"product_tag","embeddable":true,"href":"https:\/\/roveyayinevi.com.tr\/index.php\/wp-json\/wp\/v2\/product_tag?post=720858"}],"curies":[{"name":"wp","href":"https:\/\/api.w.org\/{rel}","templated":true}]}}