{"id":720856,"date":"2025-08-27T18:42:08","date_gmt":"2025-08-27T15:42:08","guid":{"rendered":"https:\/\/roveyayinevi.com.tr\/index.php\/urun\/fotograf-belleginde-acinin-tasviri\/"},"modified":"2026-03-12T02:37:59","modified_gmt":"2026-03-11T23:37:59","slug":"fotograf-belleginde-acinin-tasviri","status":"publish","type":"product","link":"https:\/\/roveyayinevi.com.tr\/index.php\/urun\/fotograf-belleginde-acinin-tasviri\/","title":{"rendered":"Foto\u011fraf Belle\u011finde Ac\u0131n\u0131n Tasviri"},"content":{"rendered":"<p>Do\u011fup geli\u015fmeye ba\u015flad\u0131\u011f\u0131 on dokuzuncu y\u00fczy\u0131ldan g\u00fcn\u00fcm\u00fcze kadar foto\u011fraf\u0131n kadraj\u0131na giren pek \u00e7ok temel duygudan\/deneyimden biri de ac\u0131 ve \u00e7iledir. Bazen belge bazen manip\u00fclasyon aras\u0131 bazen de k\u00fclt g\u00f6rsel niteli\u011fi ta\u015f\u0131yan foto\u011fraf, ac\u0131y\u0131, \u00e7ileyi, \u00fcz\u00fcnt\u00fcy\u00fc, deh\u015feti, korkuyu bir g\u00f6r\u00fcnt\u00fc haline getirerek izleyicinin \u00f6n\u00fcne sunar. Bu g\u00f6r\u00fcnt\u00fcler, \u00fcretildikleri ilk andan itibaren say\u0131s\u0131z anlam katman\u0131yla kaplanmaya ba\u015flar, Hatta \u00f6yle ki zaman zaman o ilk an\u0131n anlam\u0131, \u00f6nemi, amac\u0131 g\u00f6r\u00fcnmez olur.Foto\u011fraf Belle\u011finde Ac\u0131n\u0131n Tasviri, bu anlam katmanlar\u0131ndan yola \u00e7\u0131karak foto\u011fraf\u00e7\u0131, foto\u011fraflad\u0131\u011f\u0131 olay ve izleyici(ler) aras\u0131nda \u00e7e\u015fitlenerek \u00e7o\u011falan \u201cokumalara\u201d odaklan\u0131yor. Post-mortem foto\u011fraflardan Irak Sava\u015f\u0131\u2019na kadar akla gelebilecek her t\u00fcr ac\u0131 ve \u00e7ile foto\u011fraflar\u0131n\u0131n farkl\u0131 toplumlarda kazand\u0131\u011f\u0131 farkl\u0131 anlamlar\u0131 ve \u201cikonik stat\u00fcleri\u201d de\u011ferlendiriyor. \u201cPazarlama \u00e7a\u011f\u0131\u201d olarak an\u0131lan 1980\u2019li y\u0131llar\u0131n sonunu ve 1990\u2019l\u0131 y\u0131llar\u0131 da g\u00f6zeten kitapta pazarlama ve reklam d\u00fcnyas\u0131n\u0131n \u201cac\u0131n\u0131n ikonik g\u00f6r\u00fcnt\u00fclerine\u201d nas\u0131l el att\u0131\u011f\u0131 anlat\u0131l\u0131yor.Akademisyen ve foto\u011fraf\u00e7\u0131 Sebla Selin Ok\u2019un yazd\u0131\u011f\u0131 Foto\u011fraf Belle\u011finde Ac\u0131n\u0131n Tasviri, ac\u0131n\u0131n ve \u00e7ilenin fotografik tasvirleri konusunda se\u00e7ilen k\u00fclt \u00f6rnekler \u00fczerinden konuyu ele al\u0131yor. Foto\u011fraf kuramc\u0131lar\u0131n\u0131n g\u00f6r\u00fc\u015flerine oldu\u011fu kadar kar\u015f\u0131 g\u00f6r\u00fc\u015flere de yer verilen kitapta \u201cfoto\u011fraf\u201d, \u201cac\u0131\u201d, \u201cikon\u201d kavramlar\u0131n\u0131n birle\u015fti\u011fi ve ayr\u0131\u015ft\u0131\u011f\u0131 hususlara de\u011finiliyor, yeni \u00e7\u00f6z\u00fcmlemelere \u0131\u015f\u0131k tutuyor. B\u00f6ylece okurun foto\u011fraflarla kar\u015f\u0131la\u015ft\u0131\u011f\u0131nda \u00f6znel d\u00fc\u015f\u00fcncelerini alternatif bak\u0131\u015f a\u00e7\u0131lar\u0131yla harmanlayarak nesnel ancak \u00f6zg\u00fcn bir yoruma ula\u015fmas\u0131n\u0131 sa\u011flayacak ipu\u00e7lar\u0131n\u0131 veriyor.<\/p>\n","protected":false},"excerpt":{"rendered":"<p>Do\u011fup geli\u015fmeye ba\u015flad\u0131\u011f\u0131 on dokuzuncu y\u00fczy\u0131ldan g\u00fcn\u00fcm\u00fcze kadar foto\u011fraf\u0131n kadraj\u0131na giren pek \u00e7ok temel duygudan\/deneyimden biri de ac\u0131 ve \u00e7iledir. Bazen belge bazen manip\u00fclasyon aras\u0131 bazen<span class=\"excerpt-hellip\"> [\u2026]<\/span><\/p>\n","protected":false},"featured_media":0,"template":"","meta":{"_monsterinsights_skip_tracking":false,"_monsterinsights_sitenote_active":false,"_monsterinsights_sitenote_note":"","_monsterinsights_sitenote_category":0},"product_brand":[],"product_cat":[12409,12408],"product_tag":[],"class_list":{"0":"post-720856","1":"product","2":"type-product","3":"status-publish","5":"product_cat-fotograf-sinema-tiyatro","6":"product_cat-sanat","7":"pa_cilt-ciltsiz","8":"pa_tur-kitap","9":"pa_yayinevi-hayalperest-yayinlari","10":"pa_yazar-sebla-selin-ok","12":"first","13":"instock","14":"sale","15":"shipping-taxable","16":"purchasable","17":"product-type-simple"},"_links":{"self":[{"href":"https:\/\/roveyayinevi.com.tr\/index.php\/wp-json\/wp\/v2\/product\/720856","targetHints":{"allow":["GET"]}}],"collection":[{"href":"https:\/\/roveyayinevi.com.tr\/index.php\/wp-json\/wp\/v2\/product"}],"about":[{"href":"https:\/\/roveyayinevi.com.tr\/index.php\/wp-json\/wp\/v2\/types\/product"}],"wp:attachment":[{"href":"https:\/\/roveyayinevi.com.tr\/index.php\/wp-json\/wp\/v2\/media?parent=720856"}],"wp:term":[{"taxonomy":"product_brand","embeddable":true,"href":"https:\/\/roveyayinevi.com.tr\/index.php\/wp-json\/wp\/v2\/product_brand?post=720856"},{"taxonomy":"product_cat","embeddable":true,"href":"https:\/\/roveyayinevi.com.tr\/index.php\/wp-json\/wp\/v2\/product_cat?post=720856"},{"taxonomy":"product_tag","embeddable":true,"href":"https:\/\/roveyayinevi.com.tr\/index.php\/wp-json\/wp\/v2\/product_tag?post=720856"}],"curies":[{"name":"wp","href":"https:\/\/api.w.org\/{rel}","templated":true}]}}