{"id":720855,"date":"2025-08-27T18:42:07","date_gmt":"2025-08-27T15:42:07","guid":{"rendered":"https:\/\/roveyayinevi.com.tr\/index.php\/urun\/modern-sanatin-kisa-tarihi\/"},"modified":"2026-03-12T02:37:59","modified_gmt":"2026-03-11T23:37:59","slug":"modern-sanatin-kisa-tarihi","status":"publish","type":"product","link":"https:\/\/roveyayinevi.com.tr\/index.php\/urun\/modern-sanatin-kisa-tarihi\/","title":{"rendered":"Modern Sanat\u0131n K\u0131sa Tarihi"},"content":{"rendered":"<p>G\u00fcn\u00fcm\u00fcz sanat\u0131n\u0131 yorumlaman\u0131n anahtar\u0131, \u201cmodernizm\u201d gibi kapsaml\u0131 bir kavram\u0131n tarihsel ve sanatsal arka plan\u0131n\u0131 anlamaktan ge\u00e7iyor. Sanat tarih\u00e7isi, yazar ve akademisyen E.Osman Erden\u2019in yazd\u0131\u011f\u0131 Modern Sanat\u0131n K\u0131sa Tarihi, 19. y\u00fczy\u0131l\u0131n ikinci yar\u0131s\u0131ndan 20.Y\u00fczy\u0131l\u0131n ortalar\u0131na kadar sanat tarihinin \u201ctemel \u00f6\u011fesi\u201d olan modernizme ili\u015fkin b\u00fct\u00fcnl\u00fckl\u00fc bir \u00e7er\u00e7eve sunuyor. Bat\u0131 sanat\u0131nda modern kabul edilen eserlerden ve modernist sanat\u00e7\u0131lar\u0131n kuramsal \u00e7al\u0131\u015fmalar\u0131ndan \u00f6rnekler i\u00e7eren kitap, sanatsal-k\u00fclt\u00fcrel ba\u011flamda modernizmle ilgili sorulara anla\u015f\u0131l\u0131r bir dille yan\u0131t veriyor. Erden\u2019in kronolojik bir ak\u0131\u015fla kaleme ald\u0131\u011f\u0131 metin, okurun bahsedilen d\u00f6nemlerin ruhunu hissetmesini sa\u011fl\u0131yor. Yazar\u0131n se\u00e7ti\u011fi g\u00f6rseller ise yaln\u0131zca metni zenginle\u015ftirmekle kalm\u0131yor: okura bir esere nas\u0131l bak\u0131laca\u011f\u0131na ili\u015fkin ipu\u00e7lar\u0131 da veriyor.   \u0130zlenimcilik, Ard-\u0130zlenimcilik, Fovizm, D\u0131\u015favurumculuk, K\u00fcbizm, F\u00fct\u00fcrizm, Konstr\u00fcktivizm, Dadaizm, Ger\u00e7ek\u00fcst\u00fcc\u00fcl\u00fck gibi sanat ak\u0131mlar\u0131n\u0131n ayr\u0131 ba\u015fl\u0131klar halinde ele al\u0131nd\u0131\u011f\u0131 kitapta, 1848 Devrimleri, 20.y\u00fczy\u0131l\u0131n ba\u015f\u0131nda Paris\u2019teki sanat ortam\u0131, iki d\u00fcnya sava\u015f\u0131 s\u0131ras\u0131nda ve sonras\u0131nda Avrupa\u2019daki, Rusya\u2019daki, Amerika Birle\u015fik Devletleri\u2019ndeki sosyok\u00fclt\u00fcrel iklim hakk\u0131nda da bilgi aktar\u0131l\u0131yor.   Modern Sanat\u0131n K\u0131sa Tarihi, y\u00fcz y\u0131ldan uzun bir d\u00f6neme yay\u0131lan, sanatsal bak\u0131mdan son derece \u00fcretken ve verimli bir s\u00fcreci mercek alt\u0131na al\u0131yor. Yazar E. Osman Erden, okurun, sanat ak\u0131mlar\u0131n\u0131n giderek \u00e7e\u015fitlendi\u011fi 20.y\u00fczy\u0131l\u0131n \u00e7etrefilli yollar\u0131nda kaybolmadan ilerlemesini sa\u011fl\u0131yor. <\/p>\n","protected":false},"excerpt":{"rendered":"<p>G\u00fcn\u00fcm\u00fcz sanat\u0131n\u0131 yorumlaman\u0131n anahtar\u0131, \u201cmodernizm\u201d gibi kapsaml\u0131 bir kavram\u0131n tarihsel ve sanatsal arka plan\u0131n\u0131 anlamaktan ge\u00e7iyor. Sanat tarih\u00e7isi, yazar ve akademisyen E.Osman Erden\u2019in yazd\u0131\u011f\u0131 Modern Sanat\u0131n<span class=\"excerpt-hellip\"> [\u2026]<\/span><\/p>\n","protected":false},"featured_media":0,"template":"","meta":{"_monsterinsights_skip_tracking":false,"_monsterinsights_sitenote_active":false,"_monsterinsights_sitenote_note":"","_monsterinsights_sitenote_category":0},"product_brand":[],"product_cat":[12408,14197],"product_tag":[],"class_list":{"0":"post-720855","1":"product","2":"type-product","3":"status-publish","5":"product_cat-sanat","6":"product_cat-sanat-tarihi","7":"pa_cilt-ciltsiz","8":"pa_tur-kitap","9":"pa_yayinevi-hayalperest-yayinlari","10":"pa_yazar-e-osman-erden","12":"first","13":"instock","14":"sale","15":"shipping-taxable","16":"purchasable","17":"product-type-simple"},"_links":{"self":[{"href":"https:\/\/roveyayinevi.com.tr\/index.php\/wp-json\/wp\/v2\/product\/720855","targetHints":{"allow":["GET"]}}],"collection":[{"href":"https:\/\/roveyayinevi.com.tr\/index.php\/wp-json\/wp\/v2\/product"}],"about":[{"href":"https:\/\/roveyayinevi.com.tr\/index.php\/wp-json\/wp\/v2\/types\/product"}],"wp:attachment":[{"href":"https:\/\/roveyayinevi.com.tr\/index.php\/wp-json\/wp\/v2\/media?parent=720855"}],"wp:term":[{"taxonomy":"product_brand","embeddable":true,"href":"https:\/\/roveyayinevi.com.tr\/index.php\/wp-json\/wp\/v2\/product_brand?post=720855"},{"taxonomy":"product_cat","embeddable":true,"href":"https:\/\/roveyayinevi.com.tr\/index.php\/wp-json\/wp\/v2\/product_cat?post=720855"},{"taxonomy":"product_tag","embeddable":true,"href":"https:\/\/roveyayinevi.com.tr\/index.php\/wp-json\/wp\/v2\/product_tag?post=720855"}],"curies":[{"name":"wp","href":"https:\/\/api.w.org\/{rel}","templated":true}]}}