{"id":720854,"date":"2025-08-27T18:42:06","date_gmt":"2025-08-27T15:42:06","guid":{"rendered":"https:\/\/roveyayinevi.com.tr\/index.php\/urun\/monet-2\/"},"modified":"2026-03-12T02:37:59","modified_gmt":"2026-03-11T23:37:59","slug":"monet-2","status":"publish","type":"product","link":"https:\/\/roveyayinevi.com.tr\/index.php\/urun\/monet-2\/","title":{"rendered":"Monet"},"content":{"rendered":"<p>On dokuzuncu y\u00fczy\u0131l Bat\u0131 sanat\u0131nda \u00f6zel bir yeri olan \u0130zlenimcilik, sanatta Modernizm\u2019in geli\u015fimini ba\u015flatan unsurlardan biri olarak an\u0131l\u0131yor. Bu ak\u0131m\u0131n temsilcileri aras\u0131ndaki en \u00fcnl\u00fc ressamlardan biri olan Claude Monet, Do\u011fu\u2019nun esintilerini ta\u015f\u0131yan Romantik resimlerden, Afrika \u00fclkelerinin \u0131\u015f\u0131\u011f\u0131n\u0131 yans\u0131tan Delacroix tablolar\u0131ndan etkilenerek ba\u015flad\u0131\u011f\u0131 sanat kariyeri ile K\u0131ta Avrupas\u0131\u2019n\u0131n tarihine imzas\u0131n\u0131 at\u0131yor. Resim serileriyle, \u00f6zellikle de Nil\u00fcferler serisiyle sanat tarihinde oldu\u011fu kadar sanat izleyicisinde de iz b\u0131rakan ressam, ya\u015fad\u0131\u011f\u0131 ve eserlerinin b\u00fcy\u00fck k\u0131sm\u0131n\u0131 \u00fcretti\u011fi Giverny\u2019deki evinin bah\u00e7esinde soluklan\u0131yor. \u00c7\u00fcnk\u00fc geleneksel Bat\u0131 resmini her y\u00f6n\u00fcyle iyi tan\u0131yan Claude Monet\u2019nin do\u011fayla kurdu\u011fu ili\u015fki hayranl\u0131k uyand\u0131r\u0131yor. Hayalperest Yay\u0131nlar\u0131\u2019n\u0131n Sanat\u0131n B\u00fcy\u00fck Ustalar\u0131 serisinin bir par\u00e7as\u0131 olan bu kitap, Claude Monet\u2019in ya\u015fad\u0131\u011f\u0131 y\u00fczy\u0131la ve ressam\u0131n d\u00fcnyas\u0131na do\u011fru a\u00e7\u0131lan bir kap\u0131y\u0131 aral\u0131yor. Le Havre\u2019dan Monet ile birlikte yola \u00e7\u0131kan okurun yine ressamla birlikte \u00f6nce Cezayir\u2019e, sonra Paris\u2019e, Londra\u2019ya, Normandiya\u2019ya, Hollanda\u2019ya, hatta Norve\u00e7\u2019e gitmi\u015f gibi hissetmesini sa\u011fl\u0131yor. On dokuzuncu y\u00fczy\u0131lda Paris kentinin sanatsal iklimini merak edenlerin en \u00fcnl\u00fc \u0130zlenimci ressam\u0131n eserleriyle ke\u015ffedece\u011fi Fransa, d\u00f6nemin kent ve aile ya\u015fam\u0131, Fransa\u2019n\u0131n zengin do\u011fas\u0131 okurun modernle\u015fme s\u00fcrecini zihninde g\u00f6rselle\u015ftirmesini sa\u011fl\u0131yor. Bu kitap, Monet\u2019nin \u00fcretimi \u00fczerinden \u0130zlenimci resimdeki g\u00f6rme bi\u00e7imlerinin geli\u015fimine ili\u015fkin temel bilgileri sunuyor ve merakl\u0131 okurlar\u0131 Modernizm\u2019in engin sular\u0131nda ilerlemeye y\u00fcreklendiren ilk ad\u0131m\u0131 atmalar\u0131n\u0131 sa\u011fl\u0131yor.<\/p>\n","protected":false},"excerpt":{"rendered":"<p>On dokuzuncu y\u00fczy\u0131l Bat\u0131 sanat\u0131nda \u00f6zel bir yeri olan \u0130zlenimcilik, sanatta Modernizm\u2019in geli\u015fimini ba\u015flatan unsurlardan biri olarak an\u0131l\u0131yor. Bu ak\u0131m\u0131n temsilcileri aras\u0131ndaki en \u00fcnl\u00fc ressamlardan biri<span class=\"excerpt-hellip\"> [\u2026]<\/span><\/p>\n","protected":false},"featured_media":0,"template":"","meta":{"_monsterinsights_skip_tracking":false,"_monsterinsights_sitenote_active":false,"_monsterinsights_sitenote_note":"","_monsterinsights_sitenote_category":0},"product_brand":[],"product_cat":[13548,12408],"product_tag":[],"class_list":{"0":"post-720854","1":"product","2":"type-product","3":"status-publish","5":"product_cat-kuram","6":"product_cat-sanat","7":"pa_cilt-ciltsiz","8":"pa_tur-kitap","9":"pa_yayinevi-hayalperest-yayinlari","10":"pa_yazar-firdevs-candil-erdogan","12":"first","13":"instock","14":"sale","15":"shipping-taxable","16":"purchasable","17":"product-type-simple"},"_links":{"self":[{"href":"https:\/\/roveyayinevi.com.tr\/index.php\/wp-json\/wp\/v2\/product\/720854","targetHints":{"allow":["GET"]}}],"collection":[{"href":"https:\/\/roveyayinevi.com.tr\/index.php\/wp-json\/wp\/v2\/product"}],"about":[{"href":"https:\/\/roveyayinevi.com.tr\/index.php\/wp-json\/wp\/v2\/types\/product"}],"wp:attachment":[{"href":"https:\/\/roveyayinevi.com.tr\/index.php\/wp-json\/wp\/v2\/media?parent=720854"}],"wp:term":[{"taxonomy":"product_brand","embeddable":true,"href":"https:\/\/roveyayinevi.com.tr\/index.php\/wp-json\/wp\/v2\/product_brand?post=720854"},{"taxonomy":"product_cat","embeddable":true,"href":"https:\/\/roveyayinevi.com.tr\/index.php\/wp-json\/wp\/v2\/product_cat?post=720854"},{"taxonomy":"product_tag","embeddable":true,"href":"https:\/\/roveyayinevi.com.tr\/index.php\/wp-json\/wp\/v2\/product_tag?post=720854"}],"curies":[{"name":"wp","href":"https:\/\/api.w.org\/{rel}","templated":true}]}}