{"id":720853,"date":"2025-08-27T18:42:06","date_gmt":"2025-08-27T15:42:06","guid":{"rendered":"https:\/\/roveyayinevi.com.tr\/index.php\/urun\/iletisim-ve-tipografi\/"},"modified":"2026-03-12T02:37:59","modified_gmt":"2026-03-11T23:37:59","slug":"iletisim-ve-tipografi","status":"publish","type":"product","link":"https:\/\/roveyayinevi.com.tr\/index.php\/urun\/iletisim-ve-tipografi\/","title":{"rendered":"\u0130leti\u015fim ve Tipografi"},"content":{"rendered":"<p>\u0130leti\u015fim ve Tipografi adl\u0131 bu kitap, grafik sanatlar\u0131 alan\u0131nda e\u011fitim alanlar\u0131n s\u0131k s\u0131k ba\u015fvuraca\u011f\u0131 bir kaynak niteli\u011fi ta\u015f\u0131yor. Gerek ileti\u015fimin gerekse tipografinin g\u00f6rsel ileti\u015fim tasar\u0131m\u0131ndaki rol\u00fcn\u00fc t\u00fcm ayr\u0131nt\u0131lar\u0131yla ele alan kitap, konuyla ilgili \u015fekil, tablo ve grafiklerle okura zengin bir i\u00e7erik sunuyor. S\u00f6zl\u00fc ve g\u00f6rsel ileti\u015fim ile tipografi aras\u0131ndaki ba\u011f\u0131 g\u00f6stergebilim \u0131\u015f\u0131\u011f\u0131nda ortaya koyup ayd\u0131nlatan bu kapsaml\u0131 \u00e7al\u0131\u015fma, tasar\u0131m\u0131n temel ilkelerini bilimsel bir yakla\u015f\u0131mla irdeliyor.Kitapta yaz\u0131n\u0131n tarihinden farkl\u0131 yaz\u0131 karakterlerinin geli\u015fimine, logo tasar\u0131m\u0131ndan tasar\u0131mda anlama ve yan anlama kadar pek \u00e7ok \u00f6\u011fe anla\u015f\u0131l\u0131r bir dille a\u00e7\u0131klan\u0131yor. \u0130leti\u015fim ve Tipografi, grafik \u00e7al\u0131\u015fmalar\u0131n\u0131n tart\u0131\u015fmas\u0131z en \u00f6nemli unsuru olan yarat\u0131c\u0131 d\u00fc\u015f\u00fcncenin geli\u015fmesinde temel te\u015fkil eden bilgi birikimine verimli katk\u0131da bulunuyor. ?\u0130leti\u015fim ve Alg\u0131lama&#8221;, ?Semiyotik (g\u00f6stergebilim)&#8221;, ?Yaz\u0131&#8221; ve ?Tipografi&#8221; olmak \u00fczere d\u00f6rt ana ba\u015fl\u0131ktan olu\u015fan temel metin, b\u00fct\u00fcnl\u00fckl\u00fc bak\u0131\u015f a\u00e7\u0131s\u0131yla okurlara yaln\u0131zca bilgi aktarmakla kalm\u0131yor, onlar\u0131n tasar\u0131mla ilgili her t\u00fcr \u00e7al\u0131\u015fmalar\u0131na ki\u015filiklerini katmalar\u0131n\u0131 sa\u011flayacak ipu\u00e7lar\u0131n\u0131 da veriyor.Yazar ve e\u011fitimci G\u00fcltekin Erdal&#8217;\u0131n mesleki tecr\u00fcbelerine dayanan \u00f6rneklerle de destekleyerek kaleme ald\u0131\u011f\u0131 \u0130leti\u015fim ve Tipografi, ku\u015fkusuz, sadece \u00f6\u011frenciler de\u011fil, grafi\u011fe ve tasar\u0131ma ilgi duyan herkes i\u00e7in bir ba\u015fucu kitab\u0131 niteli\u011finde.<\/p>\n","protected":false},"excerpt":{"rendered":"<p>\u0130leti\u015fim ve Tipografi adl\u0131 bu kitap, grafik sanatlar\u0131 alan\u0131nda e\u011fitim alanlar\u0131n s\u0131k s\u0131k ba\u015fvuraca\u011f\u0131 bir kaynak niteli\u011fi ta\u015f\u0131yor. Gerek ileti\u015fimin gerekse tipografinin g\u00f6rsel ileti\u015fim tasar\u0131m\u0131ndaki rol\u00fcn\u00fc<span class=\"excerpt-hellip\"> [\u2026]<\/span><\/p>\n","protected":false},"featured_media":0,"template":"","meta":{"_monsterinsights_skip_tracking":false,"_monsterinsights_sitenote_active":false,"_monsterinsights_sitenote_note":"","_monsterinsights_sitenote_category":0},"product_brand":[],"product_cat":[19373,12408],"product_tag":[],"class_list":{"0":"post-720853","1":"product","2":"type-product","3":"status-publish","5":"product_cat-grafik-sanatlar","6":"product_cat-sanat","7":"pa_cilt-ciltsiz","8":"pa_tur-kitap","9":"pa_yayinevi-hayalperest-yayinlari","10":"pa_yazar-gultekin-erdal","12":"first","13":"instock","14":"sale","15":"shipping-taxable","16":"purchasable","17":"product-type-simple"},"_links":{"self":[{"href":"https:\/\/roveyayinevi.com.tr\/index.php\/wp-json\/wp\/v2\/product\/720853","targetHints":{"allow":["GET"]}}],"collection":[{"href":"https:\/\/roveyayinevi.com.tr\/index.php\/wp-json\/wp\/v2\/product"}],"about":[{"href":"https:\/\/roveyayinevi.com.tr\/index.php\/wp-json\/wp\/v2\/types\/product"}],"wp:attachment":[{"href":"https:\/\/roveyayinevi.com.tr\/index.php\/wp-json\/wp\/v2\/media?parent=720853"}],"wp:term":[{"taxonomy":"product_brand","embeddable":true,"href":"https:\/\/roveyayinevi.com.tr\/index.php\/wp-json\/wp\/v2\/product_brand?post=720853"},{"taxonomy":"product_cat","embeddable":true,"href":"https:\/\/roveyayinevi.com.tr\/index.php\/wp-json\/wp\/v2\/product_cat?post=720853"},{"taxonomy":"product_tag","embeddable":true,"href":"https:\/\/roveyayinevi.com.tr\/index.php\/wp-json\/wp\/v2\/product_tag?post=720853"}],"curies":[{"name":"wp","href":"https:\/\/api.w.org\/{rel}","templated":true}]}}