{"id":720852,"date":"2025-08-27T18:42:05","date_gmt":"2025-08-27T15:42:05","guid":{"rendered":"https:\/\/roveyayinevi.com.tr\/index.php\/urun\/michelangelo\/"},"modified":"2026-03-12T02:37:59","modified_gmt":"2026-03-11T23:37:59","slug":"michelangelo","status":"publish","type":"product","link":"https:\/\/roveyayinevi.com.tr\/index.php\/urun\/michelangelo\/","title":{"rendered":"Michelangelo"},"content":{"rendered":"<p>Ressam, heykelt\u0131ra\u015f ve mimar Michelangelo\u2019yu t\u00fcm y\u00f6nleriyle ele alan bu kitap, merakl\u0131 okurlar i\u00e7in kapsaml\u0131 bir kaynak niteli\u011fi ta\u015f\u0131yor. Kitapta sanat\u00e7\u0131n\u0131n ya\u015fam \u00f6yk\u00fcs\u00fcn\u00fcn yan\u0131 s\u0131ra i\u00e7inde ya\u015fad\u0131\u011f\u0131 y\u00fczy\u0131l\u0131n siyasi, sanatsal ve entelekt\u00fcel ortam\u0131 da genel \u00f6zellikleriyle anlat\u0131yor. Hem Michelangelo hem de onur eserleri hakk\u0131nda hayli ilgin\u00e7 ayr\u0131nt\u0131lar i\u00e7eren kitap, bir yandan okurun bilgilerini tazeliyor bir yandan okuru \u015fa\u015f\u0131rt\u0131yor.Hayalperest Yay\u0131nlar\u0131\u2019n\u0131n okurlar\u0131 i\u00e7in haz\u0131rlad\u0131\u011f\u0131 \u201cSanat\u0131n B\u00fcy\u00fck Ustalar\u0131\u201d serisinin ilki olan bu kitap Michelangelo\u2019nun ki\u015fili\u011fi ve \u00e7al\u0131\u015fma anlay\u0131\u015f\u0131; i\u015f ve arkada\u015fl\u0131k ili\u015fkileri; bilimsel ara\u015ft\u0131rmalar\u0131 ve ilgi alanlar\u0131; eserleriyle ilgili bilinmeyen baz\u0131 ger\u00e7ekler hakk\u0131nda ak\u0131lda kalacak bilgiler veriyor.Elliden fazla g\u00f6rsel i\u00e7eren, 96 sayfal\u0131k kitap, sanat\u00e7\u0131n\u0131n \u201ceserlerinin tarihini\u201d de anlatan k\u0131sa a\u00e7\u0131klamalarla ve metnin i\u00e7eri\u011fini zenginle\u015ftiren notlar b\u00f6l\u00fcm\u00fcyle katmanl\u0131 bir okuma imkan\u0131 sa\u011fl\u0131yor. Sanatla ister amat\u00f6r ister profesyonel d\u00fczeyde ilgilenen herkesin keyifle okuyaca\u011f\u0131 kitap, sanat eserlerine bakmak, sanattan keyif almak ve bilgilenmek konusunda okura farkl\u0131 bir bak\u0131\u015f a\u00e7\u0131s\u0131 sunuyor. Bu kitap, R\u00f6nesans\u2019\u0131n dahileri aras\u0131nda an\u0131lan b\u00fcy\u00fck usta Michelangelo\u2019nun fikir d\u00fcnyas\u0131na a\u00e7\u0131lan kap\u0131n\u0131n anahtar\u0131n\u0131 veriyor ve i\u015fin geri kalan k\u0131sm\u0131n\u0131 okura b\u0131rak\u0131yor.<\/p>\n","protected":false},"excerpt":{"rendered":"<p>Ressam, heykelt\u0131ra\u015f ve mimar Michelangelo\u2019yu t\u00fcm y\u00f6nleriyle ele alan bu kitap, merakl\u0131 okurlar i\u00e7in kapsaml\u0131 bir kaynak niteli\u011fi ta\u015f\u0131yor. Kitapta sanat\u00e7\u0131n\u0131n ya\u015fam \u00f6yk\u00fcs\u00fcn\u00fcn yan\u0131 s\u0131ra i\u00e7inde<span class=\"excerpt-hellip\"> [\u2026]<\/span><\/p>\n","protected":false},"featured_media":0,"template":"","meta":{"_monsterinsights_skip_tracking":false,"_monsterinsights_sitenote_active":false,"_monsterinsights_sitenote_note":"","_monsterinsights_sitenote_category":0},"product_brand":[],"product_cat":[12408,14197],"product_tag":[],"class_list":{"0":"post-720852","1":"product","2":"type-product","3":"status-publish","5":"product_cat-sanat","6":"product_cat-sanat-tarihi","7":"pa_cilt-ciltsiz","8":"pa_tur-kitap","9":"pa_yayinevi-hayalperest-yayinlari","10":"pa_yazar-firdevs-candil-erdogan","12":"first","13":"instock","14":"sale","15":"shipping-taxable","16":"purchasable","17":"product-type-simple"},"_links":{"self":[{"href":"https:\/\/roveyayinevi.com.tr\/index.php\/wp-json\/wp\/v2\/product\/720852","targetHints":{"allow":["GET"]}}],"collection":[{"href":"https:\/\/roveyayinevi.com.tr\/index.php\/wp-json\/wp\/v2\/product"}],"about":[{"href":"https:\/\/roveyayinevi.com.tr\/index.php\/wp-json\/wp\/v2\/types\/product"}],"wp:attachment":[{"href":"https:\/\/roveyayinevi.com.tr\/index.php\/wp-json\/wp\/v2\/media?parent=720852"}],"wp:term":[{"taxonomy":"product_brand","embeddable":true,"href":"https:\/\/roveyayinevi.com.tr\/index.php\/wp-json\/wp\/v2\/product_brand?post=720852"},{"taxonomy":"product_cat","embeddable":true,"href":"https:\/\/roveyayinevi.com.tr\/index.php\/wp-json\/wp\/v2\/product_cat?post=720852"},{"taxonomy":"product_tag","embeddable":true,"href":"https:\/\/roveyayinevi.com.tr\/index.php\/wp-json\/wp\/v2\/product_tag?post=720852"}],"curies":[{"name":"wp","href":"https:\/\/api.w.org\/{rel}","templated":true}]}}