{"id":720850,"date":"2025-08-27T18:42:04","date_gmt":"2025-08-27T15:42:04","guid":{"rendered":"https:\/\/roveyayinevi.com.tr\/index.php\/urun\/cezanne\/"},"modified":"2025-09-12T12:51:37","modified_gmt":"2025-09-12T09:51:37","slug":"cezanne","status":"publish","type":"product","link":"https:\/\/roveyayinevi.com.tr\/index.php\/urun\/cezanne\/","title":{"rendered":"Cezanne"},"content":{"rendered":"<p>\u0130\u00e7ed\u00f6n\u00fck d\u00fcnyas\u0131yla etraf\u0131na karamsar bir izlenim veren Paul Cezanne&#8217;\u0131n  ileride \u201cModernizm\u2019in babas\u0131\u201d olarak an\u0131laca\u011f\u0131n\u0131 ne kendisi ne de \u00e7evresindekiler bilebilirdi. Pablo Picasso\u2019dan Henri Matisse&#8217;e, Roy Lichtenstein\u2019a kadar pek \u00e7ok sanat\u00e7\u0131y\u0131 derinden etkileyen Cezanne, bu suskun, al\u0131ngan, depresif ressam, sanat tarihinde \u00f6nemli bir yer edindi.\u0130zlenimcilerle ve \u00f6zellikle de Camille Pissarro ile tan\u0131\u015fmas\u0131, Cezanne\u2019\u0131n tuvallerine aktard\u0131\u011f\u0131 karanl\u0131k ortam\u0131 renklerle ve hayatla doldurdu. Kadim dostu, hatta \u00e7ocukluk arkada\u015f\u0131 \u00c9mile Zola\u2019yla bile yollar\u0131n\u0131 ay\u0131ran Cezanne, ona resimle ilgili pek \u00e7ok \u015fey \u00f6\u011freten Pissarro\u2019yla dostlu\u011funu hep s\u00fcrd\u00fcrd\u00fc. Pissarro\u2019nun ressam\u0131n sanatsal ba\u011flamda yenilik\u00e7i duru\u015funu ve bak\u0131\u015f\u0131n\u0131 destekledi\u011fi, onu y\u00fcreklendirdi\u011fi ve ona her zaman inand\u0131\u011f\u0131 a\u00e7\u0131k\u00e7a biliniyordu.Hayalperest Yay\u0131nlar\u0131\u2019n\u0131n \u201cSanat\u0131n B\u00fcy\u00fck Ustalar\u0131\u201d serisinin bir par\u00e7as\u0131 olan bu kitap, Paul Cezanne\u2019\u0131n sanat anlay\u0131\u015f\u0131n\u0131, do\u011faya bak\u0131\u015f\u0131n\u0131, g\u00f6rme bi\u00e7imleri hakk\u0131ndaki fikirlerini ba\u015f\u0131ndan sonuna kadar izlemeyi m\u00fcmk\u00fcn k\u0131l\u0131yor. Modernizm\u2019i ve modern sanat eserlerini al\u0131mlayabilmekle ilgilenen okurlar\u0131n zihninde b\u00fct\u00fcnl\u00fckl\u00fc bir Cezanne imgesinin canlanmas\u0131na yard\u0131mc\u0131 oluyor. B\u00f6ylece okurun  on dokuzuncu y\u00fczy\u0131lda resim sanat\u0131nda gelenekten kopu\u015f s\u00fcreci, \u00fcnl\u00fc Paris Salon Sergileri, Ard-\u0130zlenimcilik ve d\u00f6nem sanat\u0131na ili\u015fkin pek \u00e7ok \u00f6nemli konu hakk\u0131nda bilgi edinmesini sa\u011fl\u0131yor.<\/p>\n","protected":false},"excerpt":{"rendered":"<p>\u0130\u00e7ed\u00f6n\u00fck d\u00fcnyas\u0131yla etraf\u0131na karamsar bir izlenim veren Paul Cezanne&#8217;\u0131n ileride \u201cModernizm\u2019in babas\u0131\u201d olarak an\u0131laca\u011f\u0131n\u0131 ne kendisi ne de \u00e7evresindekiler bilebilirdi. Pablo Picasso\u2019dan Henri Matisse&#8217;e, Roy Lichtenstein\u2019a<span class=\"excerpt-hellip\"> [\u2026]<\/span><\/p>\n","protected":false},"featured_media":0,"template":"","meta":{"_monsterinsights_skip_tracking":false,"_monsterinsights_sitenote_active":false,"_monsterinsights_sitenote_note":"","_monsterinsights_sitenote_category":0},"product_brand":[],"product_cat":[12408,14197],"product_tag":[],"class_list":{"0":"post-720850","1":"product","2":"type-product","3":"status-publish","5":"product_cat-sanat","6":"product_cat-sanat-tarihi","7":"pa_cilt-ciltsiz","8":"pa_tur-kitap","9":"pa_yayinevi-hayalperest-yayinlari","10":"pa_yazar-firdevs-candil-erdogan","12":"first","13":"instock","14":"sale","15":"shipping-taxable","16":"purchasable","17":"product-type-simple"},"_links":{"self":[{"href":"https:\/\/roveyayinevi.com.tr\/index.php\/wp-json\/wp\/v2\/product\/720850","targetHints":{"allow":["GET"]}}],"collection":[{"href":"https:\/\/roveyayinevi.com.tr\/index.php\/wp-json\/wp\/v2\/product"}],"about":[{"href":"https:\/\/roveyayinevi.com.tr\/index.php\/wp-json\/wp\/v2\/types\/product"}],"wp:attachment":[{"href":"https:\/\/roveyayinevi.com.tr\/index.php\/wp-json\/wp\/v2\/media?parent=720850"}],"wp:term":[{"taxonomy":"product_brand","embeddable":true,"href":"https:\/\/roveyayinevi.com.tr\/index.php\/wp-json\/wp\/v2\/product_brand?post=720850"},{"taxonomy":"product_cat","embeddable":true,"href":"https:\/\/roveyayinevi.com.tr\/index.php\/wp-json\/wp\/v2\/product_cat?post=720850"},{"taxonomy":"product_tag","embeddable":true,"href":"https:\/\/roveyayinevi.com.tr\/index.php\/wp-json\/wp\/v2\/product_tag?post=720850"}],"curies":[{"name":"wp","href":"https:\/\/api.w.org\/{rel}","templated":true}]}}