{"id":720849,"date":"2025-08-27T18:42:04","date_gmt":"2025-08-27T15:42:04","guid":{"rendered":"https:\/\/roveyayinevi.com.tr\/index.php\/urun\/banksy-duvarin-ardindaki-adam\/"},"modified":"2026-03-12T02:37:59","modified_gmt":"2026-03-11T23:37:59","slug":"banksy-duvarin-ardindaki-adam","status":"publish","type":"product","link":"https:\/\/roveyayinevi.com.tr\/index.php\/urun\/banksy-duvarin-ardindaki-adam\/","title":{"rendered":"Banksy Duvar\u0131n Ard\u0131ndaki Adam"},"content":{"rendered":"<p>Sahne \u0131\u015f\u0131klar\u0131ndan bu denli uzak duran, ad\u0131n\u0131, y\u00fcz\u00fcn\u00fc b\u00f6ylesine gizleyen ve sadece e-posta yoluyla r\u00f6portaj veren Banksy \u015fa\u015f\u0131rt\u0131c\u0131 derecede \u00fcnl\u00fc\/\u015f\u00f6hret sahibi.Bristol\u2019den gelen s\u0131radan bir grafiti sanat\u00e7\u0131s\u0131yken eserleri m\u00fczayedelerde alt\u0131 haneli rakamlara al\u0131c\u0131 bulan Banksy, \u00fcnl\u00fclerin duvarlar\u0131n\u0131 s\u00fcsl\u00fcyor. Yeni bir Banksy\u2019nin ortaya \u00e7\u0131k\u0131\u015f\u0131 ulusal \u00e7apta haber oluyor, en son sergisi i\u00e7in insanlar saatlerce kuyrukta bekliyor ve Exit Through the Gift Shop filmi Oscar\u2019a aday g\u00f6steriliyor. S\u0131rad\u0131\u015f\u0131 bir sokak \u00e7ocu\u011fundan ulusal bir hazineye d\u00f6n\u00fc\u015fen Banksy bug\u00fcnlere nas\u0131l geldi?Banksy\u2019nin hayat\u0131na ve d\u00fcnyas\u0131na ait bu gayr\u0131resmi ve onay verilmemi\u015f ilk kitap \u00e7al\u0131\u015fmas\u0131yla Will Ellsworth-Jones, bir vandal olmakla su\u00e7lanan ve s\u0131rad\u0131\u015f\u0131 oldu\u011fu i\u00e7in alk\u0131\u015flanan bir fig\u00fcr\u00fcn \u015fifrelerini \u00e7\u00f6zecek par\u00e7alar\u0131 bir araya getiriyor.\u201cAc\u0131mas\u0131z kapitalist, kendi mitini korumak ad\u0131na kontrol saplant\u0131l\u0131 e\u015fsiz bir sanat\u00e7\u0131 hakk\u0131nda zekice kaleme al\u0131nm\u0131\u015f ve kayda de\u011fer bir portre.\u201dIndependent on Sunday\u201cBa\u015ftan \u00e7\u0131kar\u0131c\u0131 bir sanat fenomeninin b\u00fcy\u00fcleyici \u00f6yk\u00fcs\u00fc.\u201dSunday Times\u201cSanat ve ticaret aras\u0131nda ac\u0131 \u00e7eken bir karakterin paras\u0131n\u0131n ve kimli\u011finin pe\u015finde ac\u0131mas\u0131z bir takip.\u201dGuardian<\/p>\n","protected":false},"excerpt":{"rendered":"<p>Sahne \u0131\u015f\u0131klar\u0131ndan bu denli uzak duran, ad\u0131n\u0131, y\u00fcz\u00fcn\u00fc b\u00f6ylesine gizleyen ve sadece e-posta yoluyla r\u00f6portaj veren Banksy \u015fa\u015f\u0131rt\u0131c\u0131 derecede \u00fcnl\u00fc\/\u015f\u00f6hret sahibi.Bristol\u2019den gelen s\u0131radan bir grafiti sanat\u00e7\u0131s\u0131yken<span class=\"excerpt-hellip\"> [\u2026]<\/span><\/p>\n","protected":false},"featured_media":0,"template":"","meta":{"_monsterinsights_skip_tracking":false,"_monsterinsights_sitenote_active":false,"_monsterinsights_sitenote_note":"","_monsterinsights_sitenote_category":0},"product_brand":[],"product_cat":[12408],"product_tag":[],"class_list":{"0":"post-720849","1":"product","2":"type-product","3":"status-publish","5":"product_cat-sanat","6":"pa_cilt-ciltsiz","7":"pa_tur-kitap","8":"pa_yayinevi-hayalperest-yayinlari","9":"pa_yazar-will-ellsworth-jones","11":"first","12":"instock","13":"sale","14":"shipping-taxable","15":"purchasable","16":"product-type-simple"},"_links":{"self":[{"href":"https:\/\/roveyayinevi.com.tr\/index.php\/wp-json\/wp\/v2\/product\/720849","targetHints":{"allow":["GET"]}}],"collection":[{"href":"https:\/\/roveyayinevi.com.tr\/index.php\/wp-json\/wp\/v2\/product"}],"about":[{"href":"https:\/\/roveyayinevi.com.tr\/index.php\/wp-json\/wp\/v2\/types\/product"}],"wp:attachment":[{"href":"https:\/\/roveyayinevi.com.tr\/index.php\/wp-json\/wp\/v2\/media?parent=720849"}],"wp:term":[{"taxonomy":"product_brand","embeddable":true,"href":"https:\/\/roveyayinevi.com.tr\/index.php\/wp-json\/wp\/v2\/product_brand?post=720849"},{"taxonomy":"product_cat","embeddable":true,"href":"https:\/\/roveyayinevi.com.tr\/index.php\/wp-json\/wp\/v2\/product_cat?post=720849"},{"taxonomy":"product_tag","embeddable":true,"href":"https:\/\/roveyayinevi.com.tr\/index.php\/wp-json\/wp\/v2\/product_tag?post=720849"}],"curies":[{"name":"wp","href":"https:\/\/api.w.org\/{rel}","templated":true}]}}