{"id":720848,"date":"2025-08-27T18:42:03","date_gmt":"2025-08-27T15:42:03","guid":{"rendered":"https:\/\/roveyayinevi.com.tr\/index.php\/urun\/van-gogh\/"},"modified":"2026-03-12T02:37:59","modified_gmt":"2026-03-11T23:37:59","slug":"van-gogh","status":"publish","type":"product","link":"https:\/\/roveyayinevi.com.tr\/index.php\/urun\/van-gogh\/","title":{"rendered":"Van Gogh"},"content":{"rendered":"<p>D\u00fcnya genelinde hemen herkes taraf\u0131ndan tan\u0131nan ve bilinen, hakk\u0131nda az \u00e7ok fikir sahibi olunan ressamlar aras\u0131nda ilk s\u0131ralarda yer alan Vincent van Gogh, delilik ve dahilik aras\u0131ndaki ince s\u0131n\u0131rdan bahsedildi\u011finde \u00f6rnek verilen sanat\u00e7\u0131lardan da biridir. Bat\u0131 sanat\u0131 tarihinde Ard-\u0130zlenimcilik olarak bilinen d\u00f6nemin temsilcisi say\u0131lan ressam, modern sanat anlay\u0131\u015f\u0131n\u0131n geli\u015fim s\u00fcrecinde \u00f6nemli bir fig\u00fcrd\u00fcr. Ya\u015fad\u0131\u011f\u0131 d\u00f6nemde sanat d\u00fcnyas\u0131nda hak etti\u011fi de\u011feri g\u00f6remeyen, yaln\u0131zca bir tane tablosu sat\u0131lan van Gogh\u2019un eserleri, g\u00fcn\u00fcm\u00fczde, M\u00fczayedelerin en pahal\u0131 par\u00e7alar\u0131 aras\u0131nda yer al\u0131r.Gerek \u201cAy\u00e7i\u00e7ekleri\u201d serisi ve eserlerinde kulland\u0131\u011f\u0131 sar\u0131 renk tonu gerek erkek karde\u015fi Theo ile yaz\u0131\u015fmalar\u0131 gerekse kula\u011f\u0131n\u0131 kesmek gibi sansasyon yaratan olaylar\u0131n ba\u015fkahraman\u0131 olmas\u0131 onu pop\u00fcler k\u00fclt\u00fcr\u00fcn vazge\u00e7ilmez bir akt\u00f6r\u00fc haline de getirir. Sevdi\u011fi ve g\u00fcvendi\u011fi insanlara ko\u015fulsuz ba\u011flanan, \u00e7o\u011fu zaman kendine zarar verecek kadar hassas duygular\u0131yla, \u00e7evresindeki d\u00fcnyay\u0131 alg\u0131lama ve g\u00f6rme \u015feklinin emsalsizli\u011fiyle van Gogh, sanat tarih\u00e7ilerinin yan\u0131 s\u0131ra pek \u00e7ok psikiyatristin, y\u00f6netmenin, edebiyat\u00e7\u0131n\u0131n merakla ara\u015ft\u0131rd\u0131\u011f\u0131 bir sanat\u00e7\u0131d\u0131r.Hayalperest Yay\u0131nlar\u0131\u2019n\u0131n \u201cSanat\u0131n B\u00fcy\u00fck Ustalar\u0131\u201d serisinde yer alan bu kitap, Vincent van Gogh\u2019un ya\u015fam\u0131ndan kesitler sunmakla kalm\u0131yor. Okurun, ressam\u0131n eserlerini incelerken dikkat edece\u011fi hususlar hakk\u0131nda ipu\u00e7lar\u0131 vererek resimden alaca\u011f\u0131 d\u00fc\u015f\u00fcnsel ve estetik hazza katk\u0131da bulunuyor. Modern sanat\u0131n k\u00f6klerinin at\u0131ld\u0131\u011f\u0131 on dokuzuncu y\u00fczy\u0131l\u0131n sonunda \u0130zlenimcili\u011fe tepki olarak geli\u015fen Ard-\u0130zlenimci d\u00f6nemle ilgili ayr\u0131nt\u0131l\u0131 bilgiler edinmesini de sa\u011fl\u0131yor.<\/p>\n","protected":false},"excerpt":{"rendered":"<p>D\u00fcnya genelinde hemen herkes taraf\u0131ndan tan\u0131nan ve bilinen, hakk\u0131nda az \u00e7ok fikir sahibi olunan ressamlar aras\u0131nda ilk s\u0131ralarda yer alan Vincent van Gogh, delilik ve dahilik<span class=\"excerpt-hellip\"> [\u2026]<\/span><\/p>\n","protected":false},"featured_media":0,"template":"","meta":{"_monsterinsights_skip_tracking":false,"_monsterinsights_sitenote_active":false,"_monsterinsights_sitenote_note":"","_monsterinsights_sitenote_category":0},"product_brand":[],"product_cat":[12408],"product_tag":[],"class_list":{"0":"post-720848","1":"product","2":"type-product","3":"status-publish","5":"product_cat-sanat","6":"pa_cilt-ciltsiz","7":"pa_tur-kitap","8":"pa_yayinevi-hayalperest-yayinlari","9":"pa_yazar-firdevs-candil-erdogan","11":"first","12":"instock","13":"sale","14":"shipping-taxable","15":"purchasable","16":"product-type-simple"},"_links":{"self":[{"href":"https:\/\/roveyayinevi.com.tr\/index.php\/wp-json\/wp\/v2\/product\/720848","targetHints":{"allow":["GET"]}}],"collection":[{"href":"https:\/\/roveyayinevi.com.tr\/index.php\/wp-json\/wp\/v2\/product"}],"about":[{"href":"https:\/\/roveyayinevi.com.tr\/index.php\/wp-json\/wp\/v2\/types\/product"}],"wp:attachment":[{"href":"https:\/\/roveyayinevi.com.tr\/index.php\/wp-json\/wp\/v2\/media?parent=720848"}],"wp:term":[{"taxonomy":"product_brand","embeddable":true,"href":"https:\/\/roveyayinevi.com.tr\/index.php\/wp-json\/wp\/v2\/product_brand?post=720848"},{"taxonomy":"product_cat","embeddable":true,"href":"https:\/\/roveyayinevi.com.tr\/index.php\/wp-json\/wp\/v2\/product_cat?post=720848"},{"taxonomy":"product_tag","embeddable":true,"href":"https:\/\/roveyayinevi.com.tr\/index.php\/wp-json\/wp\/v2\/product_tag?post=720848"}],"curies":[{"name":"wp","href":"https:\/\/api.w.org\/{rel}","templated":true}]}}