{"id":720847,"date":"2025-08-27T18:42:03","date_gmt":"2025-08-27T15:42:03","guid":{"rendered":"https:\/\/roveyayinevi.com.tr\/index.php\/urun\/politik-kamera-2\/"},"modified":"2026-03-12T02:37:59","modified_gmt":"2026-03-11T23:37:59","slug":"politik-kamera-2","status":"publish","type":"product","link":"https:\/\/roveyayinevi.com.tr\/index.php\/urun\/politik-kamera-2\/","title":{"rendered":"Politik Kamera"},"content":{"rendered":"<p>Politika ve sinema kelimeleri yan yana getirildi\u011finde ilk akla gelen \u00fclkeler aras\u0131nda genellikle Almanya, Sovyetler Birli\u011fi ve Amerika Birle\u015fik Devletleri, imgeler aras\u0131nda ise Hitler, Stalin ve Hollywood yer al\u0131yor. Konu s\u0131kl\u0131kla kom\u00fcnizm, Sovyet sinemas\u0131 ve kar\u015f\u0131 \u00f6rne\u011fi olarak da Hollywood sinemas\u0131 \u00fczerinden ele al\u0131n\u0131yor. Bu al\u0131\u015fkanl\u0131\u011fa bir alternatif sunan Politik Kamera: Sinemada Kom\u00fcnizm Meselesine Ele\u015ftirel Bak\u0131\u015flar, sinemada kom\u00fcnizm konusunu Sovyet merkezli de\u011ferlendirmenin fikri \u00e7\u0131kmazlar\u0131na d\u00fc\u015fmemek i\u00e7in s\u0131n\u0131rlar\u0131 geni\u015fletiyor. Fransa, \u0130talya, \u00c7in, K\u00fcba, Brezilya, G\u00fcrcistan, Yugoslavya, Macaristan, Do\u011fu Almanya, Polonya, \u0130spanya, hatta Amerika Birle\u015fik Devletleri\u2019nin deneyimlerini de konuya dahil ediyor.Do\u011fu Almanya ve Sovyet sinemalar\u0131 konusunda uzman, akademisyen Kristian Feigelson\u2019un yay\u0131ma haz\u0131rlad\u0131\u011f\u0131, T\u00fcrk\u00e7e bask\u0131s\u0131n\u0131n \u00f6ns\u00f6z\u00fcn\u00fc akademisyen ve y\u00f6netmen Mehmet \u00d6zt\u00fcrk\u2019\u00fcn yazd\u0131\u011f\u0131 kitapta \u00e7e\u015fitli \u00fclke uzmanlar\u0131n\u0131n kaleme ald\u0131\u011f\u0131 ele\u015ftirel metinler yer al\u0131yor. Okura yirminci y\u00fczy\u0131lda sosyalizm deneyiminin Stalin d\u00f6nemini ve Stalinci sinemalar\u0131n\u0131 politik tarihle e\u015fg\u00fcd\u00fcml\u00fc olarak izah eden bu makaleler, ilgi \u00e7ekici, yeni ve ayr\u0131nt\u0131l\u0131 bilgiler sunuyor.\u0130ki k\u0131s\u0131mdan olu\u015fan kitab\u0131n ilk k\u0131sm\u0131nda Sovyet deneyimi t\u00fcm y\u00f6nleriyle ele al\u0131n\u0131rken ikinci k\u0131sm\u0131nda farkl\u0131 milletlerin, \u00fclkelerin Stalin hakk\u0131ndaki d\u00fc\u015f\u00fcncelerine yer veriliyor. B\u00f6ylece okurun, politik h\u0131rslarla, yapt\u0131r\u0131mlarla y\u00f6netilen bir d\u00fcnyada bazen mizah bazen ciddiyet bazen tarih hatta semboller arac\u0131l\u0131\u011f\u0131yla kendini var etmeyi s\u00fcrd\u00fcren sineman\u0131n, k\u00fclt\u00fcrel hayat\u0131n ve sanat\u0131n hem g\u00fcc\u00fcn\u00fc hem de k\u0131r\u0131lganl\u0131\u011f\u0131n\u0131 hissetmesini sa\u011fl\u0131yor.Bu kitap, politik sinemayla ilgilenen, kom\u00fcnizmle ili\u015fkilendirilen filmleri \u015fekillendiren d\u00fc\u015f\u00fcnceyi merak eden, d\u00f6nemin y\u00f6netmenleri ba\u015fta olmak \u00fczere film yap\u0131m\u0131nda eme\u011fi ge\u00e7enlerin s\u00fcre\u00e7ler hakk\u0131ndaki fikirlerini, tutumlar\u0131n\u0131 ara\u015ft\u0131ran okurun makaleleri okurken bir yandan da sinematek hazz\u0131 almas\u0131n\u0131 sa\u011fl\u0131yor.<\/p>\n","protected":false},"excerpt":{"rendered":"<p>Politika ve sinema kelimeleri yan yana getirildi\u011finde ilk akla gelen \u00fclkeler aras\u0131nda genellikle Almanya, Sovyetler Birli\u011fi ve Amerika Birle\u015fik Devletleri, imgeler aras\u0131nda ise Hitler, Stalin ve<span class=\"excerpt-hellip\"> [\u2026]<\/span><\/p>\n","protected":false},"featured_media":0,"template":"","meta":{"_monsterinsights_skip_tracking":false,"_monsterinsights_sitenote_active":false,"_monsterinsights_sitenote_note":"","_monsterinsights_sitenote_category":0},"product_brand":[],"product_cat":[12408],"product_tag":[],"class_list":{"0":"post-720847","1":"product","2":"type-product","3":"status-publish","5":"product_cat-sanat","6":"pa_cilt-ciltsiz","7":"pa_tur-kitap","8":"pa_yayinevi-hayalperest-yayinlari","9":"pa_yazar-kristian-feigelson","11":"first","12":"instock","13":"sale","14":"shipping-taxable","15":"purchasable","16":"product-type-simple"},"_links":{"self":[{"href":"https:\/\/roveyayinevi.com.tr\/index.php\/wp-json\/wp\/v2\/product\/720847","targetHints":{"allow":["GET"]}}],"collection":[{"href":"https:\/\/roveyayinevi.com.tr\/index.php\/wp-json\/wp\/v2\/product"}],"about":[{"href":"https:\/\/roveyayinevi.com.tr\/index.php\/wp-json\/wp\/v2\/types\/product"}],"wp:attachment":[{"href":"https:\/\/roveyayinevi.com.tr\/index.php\/wp-json\/wp\/v2\/media?parent=720847"}],"wp:term":[{"taxonomy":"product_brand","embeddable":true,"href":"https:\/\/roveyayinevi.com.tr\/index.php\/wp-json\/wp\/v2\/product_brand?post=720847"},{"taxonomy":"product_cat","embeddable":true,"href":"https:\/\/roveyayinevi.com.tr\/index.php\/wp-json\/wp\/v2\/product_cat?post=720847"},{"taxonomy":"product_tag","embeddable":true,"href":"https:\/\/roveyayinevi.com.tr\/index.php\/wp-json\/wp\/v2\/product_tag?post=720847"}],"curies":[{"name":"wp","href":"https:\/\/api.w.org\/{rel}","templated":true}]}}