{"id":720846,"date":"2025-08-27T18:42:02","date_gmt":"2025-08-27T15:42:02","guid":{"rendered":"https:\/\/roveyayinevi.com.tr\/index.php\/urun\/resimde-muzigin-etkisi\/"},"modified":"2026-03-12T02:37:59","modified_gmt":"2026-03-11T23:37:59","slug":"resimde-muzigin-etkisi","status":"publish","type":"product","link":"https:\/\/roveyayinevi.com.tr\/index.php\/urun\/resimde-muzigin-etkisi\/","title":{"rendered":"Resimde M\u00fczi\u011fin Etkisi"},"content":{"rendered":"<p>Sanatlar\u0131 birbirinden ay\u0131ran s\u0131n\u0131rlar\u0131n a\u015f\u0131lmas\u0131 \u00e7a\u011f\u0131m\u0131z\u0131n ba\u015fl\u0131ca \u00f6zelliklerinden biri. Resim, m\u00fczik, bale, tiyatro, sinema\u2026 B\u00fct\u00fcn bu sanatlar birbiriyle do\u011frudan do\u011fruya ba\u011f\u0131nt\u0131s\u0131 olsun ya da olmas\u0131n, i\u00e7 i\u00e7e giriyor ve birbirinin bi\u00e7imlendirme \u00f6\u011felerini kendi bi\u00e7im dilleri i\u00e7inde eriterek b\u00fct\u00fcnle\u015ftiriyorlar.Bu kitapta yirminci y\u00fczy\u0131l\u0131n ilk yar\u0131s\u0131nda resim sanat\u0131n\u0131n m\u00fczikle ba\u011flar\u0131n\u0131 g\u00f6stermeye \u00e7al\u0131\u015ft\u0131m. Resimde zamansal mek\u00e2n aray\u0131\u015f\u0131n\u0131n ve bu ba\u011flamda ritim ile hareketin, \u00f6te yandan da rengin ba\u015fl\u0131 ba\u015f\u0131na de\u011fer kazanmas\u0131n\u0131n, resimle m\u00fczik aras\u0131ndaki temel benzerlikleri ortaya \u00e7\u0131kard\u0131\u011f\u0131n\u0131 ve iki sanat aras\u0131ndaki etkile\u015fimi h\u0131zland\u0131rd\u0131\u011f\u0131n\u0131 g\u00f6rd\u00fck.\u0130ki sanat\u0131n birbirine yakla\u015fmas\u0131, her ikisi i\u00e7in de yeni yap\u0131 ve ifade \u00f6\u011felerinin bulgulanmas\u0131na yol a\u00e7\u0131yor. Daha do\u011frusu sanat\u00e7\u0131lar var olan, bilinen malzemeleri yeni bir anlay\u0131\u015fla bi\u00e7imlendirme \u00f6\u011feleri olarak kullanmaya ba\u015fl\u0131yorlar.\u0130kinci D\u00fcnya Sava\u015f\u0131\u2019ndan sonra ya\u015fanan toplumsal de\u011fi\u015fim sanat anlay\u0131\u015f\u0131n\u0131 ve sanat\u00e7\u0131n\u0131n d\u00fcnyaya bak\u0131\u015f\u0131n\u0131 de\u011fi\u015ftirdi. Bu yeni geli\u015fmede h\u0131zla ilerleyen teknolojinin pay\u0131 b\u00fcy\u00fck. \u00d6zellikle zaman ve mek\u00e2n kavramlar\u0131 yepyeni boyutlar kazand\u0131. Bu ba\u011flamda resim ve m\u00fczik birbirine daha \u00e7ok yakla\u015fm\u0131\u015f oldu.Bu kitap, modern sanat\u0131n \u00f6nc\u00fclerine al\u0131\u015f\u0131lmad\u0131k bir a\u00e7\u0131dan yakla\u015f\u0131yor. Yirminci y\u00fczy\u0131l sanat\u0131na a\u00e7\u0131k olanlar\u0131n bildikleri, tan\u0131d\u0131klar\u0131 sanat\u00e7\u0131lar\u0131n resimlerini m\u00fczik ba\u011flam\u0131nda ele al\u0131p irdeleyerek bu resimlere yeni bir al\u0131mlama boyutu getiriyor.<\/p>\n","protected":false},"excerpt":{"rendered":"<p>Sanatlar\u0131 birbirinden ay\u0131ran s\u0131n\u0131rlar\u0131n a\u015f\u0131lmas\u0131 \u00e7a\u011f\u0131m\u0131z\u0131n ba\u015fl\u0131ca \u00f6zelliklerinden biri. Resim, m\u00fczik, bale, tiyatro, sinema\u2026 B\u00fct\u00fcn bu sanatlar birbiriyle do\u011frudan do\u011fruya ba\u011f\u0131nt\u0131s\u0131 olsun ya da olmas\u0131n, i\u00e7<span class=\"excerpt-hellip\"> [\u2026]<\/span><\/p>\n","protected":false},"featured_media":0,"template":"","meta":{"_monsterinsights_skip_tracking":false,"_monsterinsights_sitenote_active":false,"_monsterinsights_sitenote_note":"","_monsterinsights_sitenote_category":0},"product_brand":[],"product_cat":[15733,12408],"product_tag":[],"class_list":{"0":"post-720846","1":"product","2":"type-product","3":"status-publish","5":"product_cat-resim","6":"product_cat-sanat","7":"pa_cilt-ciltsiz","8":"pa_tur-kitap","9":"pa_yayinevi-hayalperest-yayinlari","10":"pa_yazar-nazan-ipsiroglu","12":"first","13":"instock","14":"sale","15":"shipping-taxable","16":"purchasable","17":"product-type-simple"},"_links":{"self":[{"href":"https:\/\/roveyayinevi.com.tr\/index.php\/wp-json\/wp\/v2\/product\/720846","targetHints":{"allow":["GET"]}}],"collection":[{"href":"https:\/\/roveyayinevi.com.tr\/index.php\/wp-json\/wp\/v2\/product"}],"about":[{"href":"https:\/\/roveyayinevi.com.tr\/index.php\/wp-json\/wp\/v2\/types\/product"}],"wp:attachment":[{"href":"https:\/\/roveyayinevi.com.tr\/index.php\/wp-json\/wp\/v2\/media?parent=720846"}],"wp:term":[{"taxonomy":"product_brand","embeddable":true,"href":"https:\/\/roveyayinevi.com.tr\/index.php\/wp-json\/wp\/v2\/product_brand?post=720846"},{"taxonomy":"product_cat","embeddable":true,"href":"https:\/\/roveyayinevi.com.tr\/index.php\/wp-json\/wp\/v2\/product_cat?post=720846"},{"taxonomy":"product_tag","embeddable":true,"href":"https:\/\/roveyayinevi.com.tr\/index.php\/wp-json\/wp\/v2\/product_tag?post=720846"}],"curies":[{"name":"wp","href":"https:\/\/api.w.org\/{rel}","templated":true}]}}