{"id":720845,"date":"2025-08-27T18:42:02","date_gmt":"2025-08-27T15:42:02","guid":{"rendered":"https:\/\/roveyayinevi.com.tr\/index.php\/urun\/renoir\/"},"modified":"2026-03-12T02:37:59","modified_gmt":"2026-03-11T23:37:59","slug":"renoir","status":"publish","type":"product","link":"https:\/\/roveyayinevi.com.tr\/index.php\/urun\/renoir\/","title":{"rendered":"Renoir"},"content":{"rendered":"<p>\u0130zlenimci ressamlar aras\u0131nda d\u00fcnya genelinde en \u00e7ok tan\u0131nan isimlerden biri, ku\u015fkusuz, Pierre-AugusteRenoir\u2019d\u0131. \u00d6zellikle Tekne Partisinde \u00d6\u011fle Yeme\u011fi ve Le Moulin de la Galette\u2019de Dans adl\u0131 \u00fcnl\u00fc resimlerinin r\u00f6prod\u00fcksiyonlar\u0131yla s\u0131k s\u0131k kar\u015f\u0131la\u015f\u0131lan Renoir, sanat kariyerine porselenlerin \u00fczerine dekoratif resimler yaparak ba\u015flam\u0131\u015ft\u0131. K\u0131sa s\u00fcrede kat etti\u011fi yol, onun azminin ve \u00e7al\u0131\u015fkanl\u0131\u011f\u0131n\u0131n g\u00f6stergesiydi.On dokuzuncu y\u00fczy\u0131l\u0131n sonunda iyi bir portre ressam\u0131 olarak an\u0131lmak, pek \u00e7ok \u0130zlenimci ressam\u0131 rahats\u0131z edebilirdi ancak bu, Renoir i\u00e7in ge\u00e7erli de\u011fildi. 1880\u2019li y\u0131llar\u0131n ba\u015f\u0131ndasanata bak\u0131\u015f anlam\u0131nda \u0130zlenimci ressamlarla yollar\u0131 ayr\u0131lm\u0131\u015f olsa da dostluklar\u0131 s\u00fcrd\u00fc. Uyumlu, \u0131l\u0131ml\u0131, \u00e7at\u0131\u015fmadan ka\u00e7\u0131nan ki\u015fili\u011fiyle dikkat \u00e7eken ressam\u0131n geni\u015f bir arkada\u015f grubu vard\u0131. Koleksiyonerlerden, sanat t\u00fcccarlar\u0131ndan, d\u00f6nemin Paris\u2019inin \u00fcnl\u00fc gazetecilerinden olu\u015fan \u00e7evresinde sevilen bir ki\u015filik haline gelmi\u015fti. Resimlerinde se\u00e7ti\u011fi renk tonlar\u0131yla, orant\u0131l\u0131 ve dengeli kompozisyonlar\u0131yla halk\u0131n da ilgisini \u00fczerinde toplam\u0131\u015ft\u0131. \u0130ngiltere Krali\u00e7esi Victoria \u015ferefine haz\u0131rlanan katalo\u011fa eser vermesi konusunda gelen teklif, \u00fcn\u00fcne \u00fcn katm\u0131\u015ft\u0131.Hayalperest Yay\u0131nlar\u0131\u2019n\u0131n \u201cSanat\u0131n B\u00fcy\u00fck Ustalar\u0131\u201d serisine ait bu kitap, Pierre-AugusteRenoir\u2019\u0131n sanat\u0131n\u0131n yan\u0131 s\u0131ra i\u00e7 d\u00fcnyas\u0131na da siyaset ve toplum hakk\u0131ndaki g\u00f6r\u00fc\u015flerine de yer veriyor. Modernli\u011fin \u00f6ne \u00e7\u0131kar\u0131ld\u0131\u011f\u0131 bir \u00e7a\u011fda, modern kent anlay\u0131\u015f\u0131 i\u00e7inde ve modern bir toplum kurma \u00e7abalar\u0131na \u015fahit olarak resim \u00e7al\u0131\u015fmalar\u0131n\u0131 s\u00fcrd\u00fcren Renoir\u2019\u0131n bak\u0131\u015f a\u00e7\u0131s\u0131, her birey gibi onun da bu d\u00f6n\u00fc\u015f\u00fcm s\u00fcrecinin sanc\u0131lar\u0131n\u0131 ya\u015fad\u0131\u011f\u0131n\u0131 g\u00f6steriyor. Bu kitap, ressam\u0131n, kad\u0131nlar\u0131n i\u015f ve toplum hayat\u0131nda \u00f6zg\u00fcrle\u015fme m\u00fccadelelerine verdi\u011fi tepkilerden Dreyfus Davas\u0131 s\u0131ras\u0131nda benimsedi\u011fi \u201ctarafs\u0131z\u201d tutuma kadar pek \u00e7ok konudaki fikrini merak edenlere \u0131\u015f\u0131k tutuyor. Notlarla ve resim a\u00e7\u0131klamalar\u0131yla zenginle\u015ftirilen metin, okura katmanl\u0131 bir okuma f\u0131rsat\u0131 veriyor.<\/p>\n","protected":false},"excerpt":{"rendered":"<p>\u0130zlenimci ressamlar aras\u0131nda d\u00fcnya genelinde en \u00e7ok tan\u0131nan isimlerden biri, ku\u015fkusuz, Pierre-AugusteRenoir\u2019d\u0131. \u00d6zellikle Tekne Partisinde \u00d6\u011fle Yeme\u011fi ve Le Moulin de la Galette\u2019de Dans adl\u0131 \u00fcnl\u00fc<span class=\"excerpt-hellip\"> [\u2026]<\/span><\/p>\n","protected":false},"featured_media":0,"template":"","meta":{"_monsterinsights_skip_tracking":false,"_monsterinsights_sitenote_active":false,"_monsterinsights_sitenote_note":"","_monsterinsights_sitenote_category":0},"product_brand":[],"product_cat":[40414,12408],"product_tag":[],"class_list":{"0":"post-720845","1":"product","2":"type-product","3":"status-publish","5":"product_cat-referans-kitaplar-sanat","6":"product_cat-sanat","7":"pa_cilt-ciltsiz","8":"pa_tur-kitap","9":"pa_yayinevi-hayalperest-yayinlari","10":"pa_yazar-firdevs-candil-erdogan","12":"first","13":"instock","14":"sale","15":"shipping-taxable","16":"purchasable","17":"product-type-simple"},"_links":{"self":[{"href":"https:\/\/roveyayinevi.com.tr\/index.php\/wp-json\/wp\/v2\/product\/720845","targetHints":{"allow":["GET"]}}],"collection":[{"href":"https:\/\/roveyayinevi.com.tr\/index.php\/wp-json\/wp\/v2\/product"}],"about":[{"href":"https:\/\/roveyayinevi.com.tr\/index.php\/wp-json\/wp\/v2\/types\/product"}],"wp:attachment":[{"href":"https:\/\/roveyayinevi.com.tr\/index.php\/wp-json\/wp\/v2\/media?parent=720845"}],"wp:term":[{"taxonomy":"product_brand","embeddable":true,"href":"https:\/\/roveyayinevi.com.tr\/index.php\/wp-json\/wp\/v2\/product_brand?post=720845"},{"taxonomy":"product_cat","embeddable":true,"href":"https:\/\/roveyayinevi.com.tr\/index.php\/wp-json\/wp\/v2\/product_cat?post=720845"},{"taxonomy":"product_tag","embeddable":true,"href":"https:\/\/roveyayinevi.com.tr\/index.php\/wp-json\/wp\/v2\/product_tag?post=720845"}],"curies":[{"name":"wp","href":"https:\/\/api.w.org\/{rel}","templated":true}]}}