{"id":720844,"date":"2025-08-27T18:42:01","date_gmt":"2025-08-27T15:42:01","guid":{"rendered":"https:\/\/roveyayinevi.com.tr\/index.php\/urun\/mese-palamudunun-sihri-ciltli\/"},"modified":"2026-04-16T02:28:45","modified_gmt":"2026-04-15T23:28:45","slug":"mese-palamudunun-sihri-ciltli","status":"publish","type":"product","link":"https:\/\/roveyayinevi.com.tr\/index.php\/urun\/mese-palamudunun-sihri-ciltli\/","title":{"rendered":"Me\u015fe Palamudunun Sihri (Ciltli)"},"content":{"rendered":"<p>Bir a\u011fa\u00e7, bir tohum neyi de\u011fi\u015ftirebilir? Bir me\u015fe palamudu \u00fczerinden do\u011fadaki eko sistemin nas\u0131l i\u015fledi\u011fini okudu\u011funuzda bu sorunun cevab\u0131n\u0131 da anlam\u0131\u015f oluyorsunuz. Etkileyici \u00e7izimler e\u015fli\u011finde bir tohumdan yola \u00e7\u0131k\u0131p, a\u011fa\u00e7lar\u0131n, ku\u015flar\u0131n ve koskoca bir orman\u0131n, daha do\u011frusu ya\u015fam\u0131n varolu\u015f katmanlar\u0131na yap\u0131lan bir fark\u0131ndal\u0131k yolculu\u011fu bekliyor okurlar\u0131. Bu k\u00fc\u00e7\u00fck kitap, ya\u015fam\u0131n b\u00fcy\u00fcleyici d\u00f6n\u00fc\u015f\u00fcm\u00fcn\u00fc anlat\u0131rken, insanlara da bu \u00f6zel etkile\u015fimi neden korumas\u0131 gerekti\u011fini d\u00fc\u015f\u00fcnd\u00fcr\u00fcyor, sorumluluklar\u0131m\u0131z\u0131 hat\u0131rlat\u0131yor.<\/p>\n","protected":false},"excerpt":{"rendered":"<p>Bir a\u011fa\u00e7, bir tohum neyi de\u011fi\u015ftirebilir? Bir me\u015fe palamudu \u00fczerinden do\u011fadaki eko sistemin nas\u0131l i\u015fledi\u011fini okudu\u011funuzda bu sorunun cevab\u0131n\u0131 da anlam\u0131\u015f oluyorsunuz. Etkileyici \u00e7izimler e\u015fli\u011finde bir<span class=\"excerpt-hellip\"> [\u2026]<\/span><\/p>\n","protected":false},"featured_media":0,"template":"","meta":{"_monsterinsights_skip_tracking":false,"_monsterinsights_sitenote_active":false,"_monsterinsights_sitenote_note":"","_monsterinsights_sitenote_category":0},"product_brand":[],"product_cat":[12913,12274],"product_tag":[],"class_list":{"0":"post-720844","1":"product","2":"type-product","3":"status-publish","5":"product_cat-3-6-yas-kitaplari","6":"product_cat-cocuk-ve-genclik-kitaplari","7":"pa_cilt-ciltli","8":"pa_tur-kitap","9":"pa_yayinevi-abm-yayinevi","10":"pa_yazar-lola-m-schaefer-adam-schaefer","12":"first","13":"instock","14":"sale","15":"shipping-taxable","16":"purchasable","17":"product-type-simple"},"_links":{"self":[{"href":"https:\/\/roveyayinevi.com.tr\/index.php\/wp-json\/wp\/v2\/product\/720844","targetHints":{"allow":["GET"]}}],"collection":[{"href":"https:\/\/roveyayinevi.com.tr\/index.php\/wp-json\/wp\/v2\/product"}],"about":[{"href":"https:\/\/roveyayinevi.com.tr\/index.php\/wp-json\/wp\/v2\/types\/product"}],"wp:attachment":[{"href":"https:\/\/roveyayinevi.com.tr\/index.php\/wp-json\/wp\/v2\/media?parent=720844"}],"wp:term":[{"taxonomy":"product_brand","embeddable":true,"href":"https:\/\/roveyayinevi.com.tr\/index.php\/wp-json\/wp\/v2\/product_brand?post=720844"},{"taxonomy":"product_cat","embeddable":true,"href":"https:\/\/roveyayinevi.com.tr\/index.php\/wp-json\/wp\/v2\/product_cat?post=720844"},{"taxonomy":"product_tag","embeddable":true,"href":"https:\/\/roveyayinevi.com.tr\/index.php\/wp-json\/wp\/v2\/product_tag?post=720844"}],"curies":[{"name":"wp","href":"https:\/\/api.w.org\/{rel}","templated":true}]}}