{"id":720842,"date":"2025-08-27T18:42:00","date_gmt":"2025-08-27T15:42:00","guid":{"rendered":"https:\/\/roveyayinevi.com.tr\/index.php\/urun\/izmler-modayi-anlamak\/"},"modified":"2026-03-12T02:37:59","modified_gmt":"2026-03-11T23:37:59","slug":"izmler-modayi-anlamak","status":"publish","type":"product","link":"https:\/\/roveyayinevi.com.tr\/index.php\/urun\/izmler-modayi-anlamak\/","title":{"rendered":"\u0130zmler Moday\u0131 Anlamak"},"content":{"rendered":"<p>Moday\u0131 ve kost\u00fcm tasar\u0131m\u0131n\u0131 d\u00fcnden bug\u00fcne \u015fekillendiren \u00e7e\u015fitli tasar\u0131m e\u011filimlerini b\u00fct\u00fcnl\u00fckl\u00fc \u015fekilde a\u00e7\u0131klayan \u0130zmler: Moday\u0131 Anlamak, i\u00e7eri\u011findeki g\u00f6rsellerle, ayr\u0131nt\u0131l\u0131 bilgiyle okurun modan\u0131n evrimini anlamas\u0131n\u0131 sa\u011fl\u0131yor. Coco Chanel, Dior, Tom Ford, Marc Jacobs gibi \u00fcnl\u00fc tasar\u0131mc\u0131lardan, Dandiizm, Hollywoodizm, Kamusal Yarar Plan\u0131, \u0130ngiliz Butik Hareketi, Glam, Grunge, Minimalizm gibi t\u00fcm d\u00fcnyay\u0131 etkileyen ak\u0131mlardan, Marie-Antoinette, Jackie Kennedy, Prenses Diana, Sarah Bernhardt, Sarah Jessica Parker gibi moda e\u011filimleri belirleyen ki\u015filiklere kadar sekt\u00f6rle ilgili \u00f6nemli t\u00fcm unsurlara de\u011finilen kitapta aksesuarlar da unutulmuyor. \u0130zmler Moday\u0131 Anlamak, moda end\u00fcstrisinin tarihini, giysilerin, kuma\u015flar\u0131n ve desenlerin geli\u015fimini merak eden herkes i\u00e7in kapsaml\u0131 bir i\u00e7erik sunuyor. Modaya ilgi duyan, moda tasar\u0131m\u0131 konusunda bilgi almak isteyenlerin temel temel ba\u015fvuru kayna\u011f\u0131 say\u0131lan bu kitap, ilk sayfas\u0131ndan itibaren okurun modan\u0131n d\u00f6n\u00fc\u015f\u00fcm s\u00fcrecine ve insanl\u0131k tarihindeki yerine tan\u0131kl\u0131k etmesini sa\u011fl\u0131yor.<\/p>\n","protected":false},"excerpt":{"rendered":"<p>Moday\u0131 ve kost\u00fcm tasar\u0131m\u0131n\u0131 d\u00fcnden bug\u00fcne \u015fekillendiren \u00e7e\u015fitli tasar\u0131m e\u011filimlerini b\u00fct\u00fcnl\u00fckl\u00fc \u015fekilde a\u00e7\u0131klayan \u0130zmler: Moday\u0131 Anlamak, i\u00e7eri\u011findeki g\u00f6rsellerle, ayr\u0131nt\u0131l\u0131 bilgiyle okurun modan\u0131n evrimini anlamas\u0131n\u0131 sa\u011fl\u0131yor. Coco<span class=\"excerpt-hellip\"> [\u2026]<\/span><\/p>\n","protected":false},"featured_media":0,"template":"","meta":{"_monsterinsights_skip_tracking":false,"_monsterinsights_sitenote_active":false,"_monsterinsights_sitenote_note":"","_monsterinsights_sitenote_category":0},"product_brand":[],"product_cat":[15563,31980],"product_tag":[],"class_list":{"0":"post-720842","1":"product","2":"type-product","3":"status-publish","5":"product_cat-hobi","6":"product_cat-moda","7":"pa_cilt-ciltsiz","8":"pa_tur-kitap","9":"pa_yayinevi-hayalperest-yayinlari","10":"pa_yazar-mairi-mackenzie","12":"first","13":"instock","14":"sale","15":"shipping-taxable","16":"purchasable","17":"product-type-simple"},"_links":{"self":[{"href":"https:\/\/roveyayinevi.com.tr\/index.php\/wp-json\/wp\/v2\/product\/720842","targetHints":{"allow":["GET"]}}],"collection":[{"href":"https:\/\/roveyayinevi.com.tr\/index.php\/wp-json\/wp\/v2\/product"}],"about":[{"href":"https:\/\/roveyayinevi.com.tr\/index.php\/wp-json\/wp\/v2\/types\/product"}],"wp:attachment":[{"href":"https:\/\/roveyayinevi.com.tr\/index.php\/wp-json\/wp\/v2\/media?parent=720842"}],"wp:term":[{"taxonomy":"product_brand","embeddable":true,"href":"https:\/\/roveyayinevi.com.tr\/index.php\/wp-json\/wp\/v2\/product_brand?post=720842"},{"taxonomy":"product_cat","embeddable":true,"href":"https:\/\/roveyayinevi.com.tr\/index.php\/wp-json\/wp\/v2\/product_cat?post=720842"},{"taxonomy":"product_tag","embeddable":true,"href":"https:\/\/roveyayinevi.com.tr\/index.php\/wp-json\/wp\/v2\/product_tag?post=720842"}],"curies":[{"name":"wp","href":"https:\/\/api.w.org\/{rel}","templated":true}]}}