{"id":720840,"date":"2025-08-27T18:41:58","date_gmt":"2025-08-27T15:41:58","guid":{"rendered":"https:\/\/roveyayinevi.com.tr\/index.php\/urun\/leonardo-da-vinci-2\/"},"modified":"2026-03-12T02:37:58","modified_gmt":"2026-03-11T23:37:58","slug":"leonardo-da-vinci-2","status":"publish","type":"product","link":"https:\/\/roveyayinevi.com.tr\/index.php\/urun\/leonardo-da-vinci-2\/","title":{"rendered":"Leonardo da Vinci"},"content":{"rendered":"<p>On be\u015finci y\u00fczy\u0131lda g\u00f6ky\u00fcz\u00fcnde bir helikopterin u\u00e7tu\u011funu, birinin para\u015f\u00fctle atlad\u0131\u011f\u0131n\u0131, yere inip z\u0131rhl\u0131 araca binerek otuz \u00fc\u00e7 namlulu silahla ona ate\u015f eden robotlara kar\u015f\u0131l\u0131k verdi\u011fini; onlar\u0131 etkisiz hale getirdikten sonra k\u0131y\u0131daki gemiye binip denize a\u00e7\u0131larak dalg\u0131\u00e7 k\u0131yafetleriyle suya atlad\u0131\u011f\u0131n\u0131 kim hayal edebilirdir? Biri hayal etti, \u00fcstelik hayal etmekle kalmad\u0131, hepsinin tasar\u0131m\u0131n\u0131 yapt\u0131: Leonardo da Vinci. Akl\u0131n\u0131n s\u0131n\u0131rlar\u0131 bug\u00fcn bile ke\u015ffedilemeyen sanat\u00e7\u0131 ve bilim insan\u0131 Leonardo da Vinci, \u00e7a\u011flar boyunca en \u00e7ok merak edilen tarihi ki\u015filiklerden biri olma \u00f6zelli\u011fini koruyor. D\u00fcnyan\u0131n \u00f6nemli bilim insanlar\u0131, i\u015f adamlar\u0131, akademisyenler, sanat\u00e7\u0131lar ve sanat tarih\u00e7ileri, onun elyazmalar\u0131n\u0131n, tablolar\u0131n\u0131n ve \u00e7izimlerinin iznini s\u00fcr\u00fcyor. Sanat\u0131n b\u00fcy\u00fck ustalar\u0131ndan biri olan Leonardo da Vinci, ard\u0131nda b\u0131rakt\u0131\u011f\u0131 t\u00fcm eserleriyle g\u00fcn\u00fcm\u00fczde yap\u0131lan pek \u00e7ok bilimsel ve sanatsal ara\u015ft\u0131rmaya ilham veriyor.Hayalperest Yay\u0131nlar\u0131&#8217;n\u0131n haz\u0131rlad\u0131\u011f\u0131 &#8220;Sanat\u0131n B\u00fcy\u00fck Ustalar\u0131&#8221; serisinde yer alan bu kitap, Leonardo da Vinci&#8217;nin yaln\u0131zca ya\u015fam\u0131n\u0131 anlatmakla kalm\u0131yor, onun i\u00e7inde ya\u015fad\u0131\u011f\u0131 \u00e7a\u011f ile g\u00fcn\u00fcm\u00fcz aras\u0131nda bir k\u00f6pr\u00fc de kuruyor. Okurlar\u0131n, Leonardo da Vinci&#8217;nin \u00fcretkenli\u011fi, d\u00fcnya g\u00f6r\u00fc\u015f\u00fc ve eserleri hakk\u0131nda derin bir fikir sahibi olmas\u0131n\u0131 sa\u011fl\u0131yor. Romanlar\u0131n, filmlerin, televizyon dizilerinin, belgesellerin ba\u015fkahraman\u0131 olan sanat\u00e7\u0131n\u0131n i\u00e7 d\u00fcnyas\u0131n\u0131 anlamak konusunda farkl\u0131 bir perspektif sunuyor.Doksan alt\u0131 sayfadan olu\u015fan kitap, i\u00e7erdi\u011fi g\u00f6rsellerle birlikte metnin i\u00e7eri\u011fini zenginle\u015ftiren notlar b\u00f6l\u00fcm\u00fcyle okura katmanl\u0131 bir okuma imkan\u0131 sa\u011fl\u0131yor. Bu kitap, R\u00f6nesans&#8217;\u0131n dahileri aras\u0131nda an\u0131lan b\u00fcy\u00fck usta Leonardo da Vinci&#8217;nin d\u00fcnyas\u0131na a\u00e7\u0131lan kap\u0131n\u0131n anahtar\u0131n\u0131 veriyor ve i\u015fin geri kalan k\u0131sm\u0131n\u0131 okura b\u0131rak\u0131yor.<\/p>\n","protected":false},"excerpt":{"rendered":"<p>On be\u015finci y\u00fczy\u0131lda g\u00f6ky\u00fcz\u00fcnde bir helikopterin u\u00e7tu\u011funu, birinin para\u015f\u00fctle atlad\u0131\u011f\u0131n\u0131, yere inip z\u0131rhl\u0131 araca binerek otuz \u00fc\u00e7 namlulu silahla ona ate\u015f eden robotlara kar\u015f\u0131l\u0131k verdi\u011fini; onlar\u0131<span class=\"excerpt-hellip\"> [\u2026]<\/span><\/p>\n","protected":false},"featured_media":0,"template":"","meta":{"_monsterinsights_skip_tracking":false,"_monsterinsights_sitenote_active":false,"_monsterinsights_sitenote_note":"","_monsterinsights_sitenote_category":0},"product_brand":[],"product_cat":[14009,12291],"product_tag":[],"class_list":{"0":"post-720840","1":"product","2":"type-product","3":"status-publish","5":"product_cat-biyografi-otobiyografi-edebiyat","6":"product_cat-edebiyat","7":"pa_cilt-ciltsiz","8":"pa_tur-kitap","9":"pa_yayinevi-hayalperest-yayinlari","10":"pa_yazar-firdevs-candil-erdogan","12":"first","13":"instock","14":"sale","15":"shipping-taxable","16":"purchasable","17":"product-type-simple"},"_links":{"self":[{"href":"https:\/\/roveyayinevi.com.tr\/index.php\/wp-json\/wp\/v2\/product\/720840","targetHints":{"allow":["GET"]}}],"collection":[{"href":"https:\/\/roveyayinevi.com.tr\/index.php\/wp-json\/wp\/v2\/product"}],"about":[{"href":"https:\/\/roveyayinevi.com.tr\/index.php\/wp-json\/wp\/v2\/types\/product"}],"wp:attachment":[{"href":"https:\/\/roveyayinevi.com.tr\/index.php\/wp-json\/wp\/v2\/media?parent=720840"}],"wp:term":[{"taxonomy":"product_brand","embeddable":true,"href":"https:\/\/roveyayinevi.com.tr\/index.php\/wp-json\/wp\/v2\/product_brand?post=720840"},{"taxonomy":"product_cat","embeddable":true,"href":"https:\/\/roveyayinevi.com.tr\/index.php\/wp-json\/wp\/v2\/product_cat?post=720840"},{"taxonomy":"product_tag","embeddable":true,"href":"https:\/\/roveyayinevi.com.tr\/index.php\/wp-json\/wp\/v2\/product_tag?post=720840"}],"curies":[{"name":"wp","href":"https:\/\/api.w.org\/{rel}","templated":true}]}}