{"id":720838,"date":"2025-08-27T18:41:57","date_gmt":"2025-08-27T15:41:57","guid":{"rendered":"https:\/\/roveyayinevi.com.tr\/index.php\/urun\/bela-tarr-sinemasi-cember-kapanir\/"},"modified":"2026-03-12T02:37:58","modified_gmt":"2026-03-11T23:37:58","slug":"bela-tarr-sinemasi-cember-kapanir","status":"publish","type":"product","link":"https:\/\/roveyayinevi.com.tr\/index.php\/urun\/bela-tarr-sinemasi-cember-kapanir\/","title":{"rendered":"Bela Tarr Sinemas\u0131 &#8211; \u00c7ember Kapan\u0131r"},"content":{"rendered":"<p>Bela Tarr Sinemas\u0131, Macaristan\u2019\u0131n en \u00f6nemli ve uluslararas\u0131 \u00fcne sahip y\u00f6netmeni Bela Tarr hakk\u0131nda yaz\u0131lm\u0131\u015f en kapsaml\u0131 kitap, Y\u00f6netmenin yirmi be\u015f y\u0131ldan uzun bir s\u00fcredir devam eden sinemac\u0131l\u0131k kariyeri boyunca kurdu\u011fu profesyonel ili\u015fkilere ve \u00e7ekti\u011fi filmlere odaklanan kitap, gerek filmlerdeki oyuncular gerekse karakterler hakk\u0131nda derin bilgiler veriyor.Yazar Andras Balint Kovacs, Tarr\u2019\u0131n filmlerinde i\u015fledi\u011fi temalar\u0131, karakterleri ve \u00fcsl\u00fcbunu a\u011f\u0131r bir akademik dil kullanmaks\u0131z\u0131n inceliyor; sinemaya, Avrupa sinemas\u0131na, \u00f6zellikle Tarr filmlerine ilgi duyan okurlar\u0131n, Tarr\u2019\u0131n erken d\u00f6nem filmlerinden son filmine kadar uzanan \u201canlat\u0131 ser\u00fcvenine\u201d keyifle e\u015flik etmesini sa\u011fl\u0131yor. Benzersiz \u00fcslubuyla Tarr, onun filmleri, estetik bak\u0131\u015f a\u00e7\u0131s\u0131 ve kendini ifade ederken kulland\u0131\u011f\u0131 \u201canlat\u0131 dilini\u201d merak eden okurlar i\u00e7in e\u015fsiz bir kaynak niteli\u011finde olan kitap, genel olarak Do\u011fu Avrupa\u2019n\u0131n yak\u0131n tarihine de \u0131\u015f\u0131k tutuyor. Bela Tarr\u2019\u0131n kendine \u00f6zg\u00fc film tekniklerini de ayr\u0131nt\u0131lar\u0131yla inceleyen Andras Balint Kovacs, okurlar\u0131n Tarr\u2019\u0131n geli\u015ftirdi\u011fi evrensel dilin \u015fifrelerini \u00e7\u00f6zmesine yard\u0131mc\u0131 oluyor.Kitapta Bela Tarr\u2019\u0131n hemen her filminde birlikte \u00e7al\u0131\u015fmay\u0131 tercih etti\u011fi g\u00f6r\u00fcnt\u00fc y\u00f6netmeni, senarist, oyuncu ve m\u00fczisyenler hakk\u0131nda da bilgiler yer al\u0131yor. Film ekibinin y\u00f6netmenle aralar\u0131ndaki ba\u011flar, yap\u0131mc\u0131n\u0131n Tarr filmlerindeki yeri, Tarr\u2019\u0131n edebiyat uyarlamalar\u0131na bak\u0131\u015f a\u00e7\u0131s\u0131 ve toplumsal olaylar\u0131n insan psikolojisi \u00fcst\u00fcndeki etkilerini beyaz perdeye aktar\u0131rken yapt\u0131\u011f\u0131 tercihler gibi konulara da odaklanan kitap, okurun gerek sinema gerekse sinemadaki anlat\u0131 hakk\u0131nda farkl\u0131 bir vizyon edinmesini sa\u011fl\u0131yor.<\/p>\n","protected":false},"excerpt":{"rendered":"<p>Bela Tarr Sinemas\u0131, Macaristan\u2019\u0131n en \u00f6nemli ve uluslararas\u0131 \u00fcne sahip y\u00f6netmeni Bela Tarr hakk\u0131nda yaz\u0131lm\u0131\u015f en kapsaml\u0131 kitap, Y\u00f6netmenin yirmi be\u015f y\u0131ldan uzun bir s\u00fcredir devam<span class=\"excerpt-hellip\"> [\u2026]<\/span><\/p>\n","protected":false},"featured_media":0,"template":"","meta":{"_monsterinsights_skip_tracking":false,"_monsterinsights_sitenote_active":false,"_monsterinsights_sitenote_note":"","_monsterinsights_sitenote_category":0},"product_brand":[],"product_cat":[12409,12408],"product_tag":[],"class_list":{"0":"post-720838","1":"product","2":"type-product","3":"status-publish","5":"product_cat-fotograf-sinema-tiyatro","6":"product_cat-sanat","7":"pa_cilt-ciltsiz","8":"pa_tur-kitap","9":"pa_yayinevi-hayalperest-yayinlari","10":"pa_yazar-andras-balint-kovacs","12":"first","13":"instock","14":"sale","15":"shipping-taxable","16":"purchasable","17":"product-type-simple"},"_links":{"self":[{"href":"https:\/\/roveyayinevi.com.tr\/index.php\/wp-json\/wp\/v2\/product\/720838","targetHints":{"allow":["GET"]}}],"collection":[{"href":"https:\/\/roveyayinevi.com.tr\/index.php\/wp-json\/wp\/v2\/product"}],"about":[{"href":"https:\/\/roveyayinevi.com.tr\/index.php\/wp-json\/wp\/v2\/types\/product"}],"wp:attachment":[{"href":"https:\/\/roveyayinevi.com.tr\/index.php\/wp-json\/wp\/v2\/media?parent=720838"}],"wp:term":[{"taxonomy":"product_brand","embeddable":true,"href":"https:\/\/roveyayinevi.com.tr\/index.php\/wp-json\/wp\/v2\/product_brand?post=720838"},{"taxonomy":"product_cat","embeddable":true,"href":"https:\/\/roveyayinevi.com.tr\/index.php\/wp-json\/wp\/v2\/product_cat?post=720838"},{"taxonomy":"product_tag","embeddable":true,"href":"https:\/\/roveyayinevi.com.tr\/index.php\/wp-json\/wp\/v2\/product_tag?post=720838"}],"curies":[{"name":"wp","href":"https:\/\/api.w.org\/{rel}","templated":true}]}}