{"id":720837,"date":"2025-08-27T18:41:57","date_gmt":"2025-08-27T15:41:57","guid":{"rendered":"https:\/\/roveyayinevi.com.tr\/index.php\/urun\/soyutlama-ve-ozdesleyim\/"},"modified":"2026-02-03T02:43:00","modified_gmt":"2026-02-02T23:43:00","slug":"soyutlama-ve-ozdesleyim","status":"publish","type":"product","link":"https:\/\/roveyayinevi.com.tr\/index.php\/urun\/soyutlama-ve-ozdesleyim\/","title":{"rendered":"Soyutlama ve \u00d6zde\u015fleyim"},"content":{"rendered":"<p>Sanat tarihi, k\u00fclt\u00fcr tarihi ve estetik alanlar\u0131nda k\u00fclt metinlerden biri olan Soyutlama ve \u00d6zde\u015fleyim, yaz\u0131ld\u0131\u011f\u0131 ilk g\u00fcnden bu yana d\u00fcnyan\u0131n hemen her yerinde temel kaynaklar aras\u0131nda yer al\u0131yor. Sanat tarih\u00e7isi Wilhelm Worringer\u2019in yirminci y\u00fczy\u0131l\u0131n hemen ba\u015f\u0131nda yazd\u0131\u011f\u0131 bu eser, g\u00fcn\u00fcm\u00fcz ara\u015ft\u0131rmac\u0131lar\u0131 i\u00e7in halen \u00f6nemini koruyor.Wilhelm Worringer, geli\u015ftirdi\u011fi ve psikolojiden referans alarak sanata aktard\u0131\u011f\u0131 \u201csoyutlama\u201d ile \u201c\u00f6zde\u015fleyim\u201d kuramlar\u0131n\u0131 Grek sanat\u0131ndan Bizans ve \u0130slam sanat\u0131na kadar \u00e7e\u015fitli k\u00fclt\u00fcrel altyap\u0131lar temelinde ele al\u0131yor. Bu y\u00f6n\u00fcyle metin, yaz\u0131ld\u0131\u011f\u0131 d\u00f6nemde t\u00fcm\u00fcyle farkl\u0131 bir bak\u0131\u015f a\u00e7\u0131s\u0131 sunuyor, ayn\u0131 zamanda k\u0131sa bir s\u00fcre sonra g\u00fcndeme gelecek olan ve g\u00fcn\u00fcm\u00fczde \u201cmodern sanat\u201d kapsam\u0131nda ele al\u0131nan ak\u0131mlar\u0131n d\u00fc\u015f\u00fcnsel altyap\u0131s\u0131n\u0131 te\u015fkil ediyor. Soyutlama ve \u00d6zde\u015fleyim, modern sanat kuram\u0131 hakk\u0131nda ara\u015ft\u0131rma yapan sanat tarih\u00e7ileri ba\u015fta olmak \u00fczere sanat\u0131n soyutlama ile \u00f6zde\u015fleyim ba\u011flam\u0131nda nas\u0131l okunabilece\u011fini merak eden okurlara bug\u00fcn de yol g\u00f6stermeye devam ediyor.<\/p>\n","protected":false},"excerpt":{"rendered":"<p>Sanat tarihi, k\u00fclt\u00fcr tarihi ve estetik alanlar\u0131nda k\u00fclt metinlerden biri olan Soyutlama ve \u00d6zde\u015fleyim, yaz\u0131ld\u0131\u011f\u0131 ilk g\u00fcnden bu yana d\u00fcnyan\u0131n hemen her yerinde temel kaynaklar aras\u0131nda<span class=\"excerpt-hellip\"> [\u2026]<\/span><\/p>\n","protected":false},"featured_media":0,"template":"","meta":{"_monsterinsights_skip_tracking":false,"_monsterinsights_sitenote_active":false,"_monsterinsights_sitenote_note":"","_monsterinsights_sitenote_category":0},"product_brand":[],"product_cat":[13548,12408],"product_tag":[],"class_list":{"0":"post-720837","1":"product","2":"type-product","3":"status-publish","5":"product_cat-kuram","6":"product_cat-sanat","7":"pa_cilt-ciltsiz","8":"pa_tur-kitap","9":"pa_yayinevi-hayalperest-yayinlari","10":"pa_yazar-wilhelm-worringer","12":"first","13":"instock","14":"sale","15":"shipping-taxable","16":"purchasable","17":"product-type-simple"},"_links":{"self":[{"href":"https:\/\/roveyayinevi.com.tr\/index.php\/wp-json\/wp\/v2\/product\/720837","targetHints":{"allow":["GET"]}}],"collection":[{"href":"https:\/\/roveyayinevi.com.tr\/index.php\/wp-json\/wp\/v2\/product"}],"about":[{"href":"https:\/\/roveyayinevi.com.tr\/index.php\/wp-json\/wp\/v2\/types\/product"}],"wp:attachment":[{"href":"https:\/\/roveyayinevi.com.tr\/index.php\/wp-json\/wp\/v2\/media?parent=720837"}],"wp:term":[{"taxonomy":"product_brand","embeddable":true,"href":"https:\/\/roveyayinevi.com.tr\/index.php\/wp-json\/wp\/v2\/product_brand?post=720837"},{"taxonomy":"product_cat","embeddable":true,"href":"https:\/\/roveyayinevi.com.tr\/index.php\/wp-json\/wp\/v2\/product_cat?post=720837"},{"taxonomy":"product_tag","embeddable":true,"href":"https:\/\/roveyayinevi.com.tr\/index.php\/wp-json\/wp\/v2\/product_tag?post=720837"}],"curies":[{"name":"wp","href":"https:\/\/api.w.org\/{rel}","templated":true}]}}