{"id":720834,"date":"2025-08-27T18:41:55","date_gmt":"2025-08-27T15:41:55","guid":{"rendered":"https:\/\/roveyayinevi.com.tr\/index.php\/urun\/sanat-tarihinin-temel-kavramlari\/"},"modified":"2025-11-21T05:38:25","modified_gmt":"2025-11-21T02:38:25","slug":"sanat-tarihinin-temel-kavramlari","status":"publish","type":"product","link":"https:\/\/roveyayinevi.com.tr\/index.php\/urun\/sanat-tarihinin-temel-kavramlari\/","title":{"rendered":"Sanat Tarihinin Temel Kavramlar\u0131"},"content":{"rendered":"<p>Klasik ve Barok sanat aras\u0131ndaki temel farklar nedir? Sanat\u0131n farkl\u0131 zamanlarda farkl\u0131 k\u00fclt\u00fcrlerde sarmal bi\u00e7iminde geli\u015fmesinin temelini olu\u015fturan bir kal\u0131p model var m\u0131? Ayn\u0131 ressama ya da ayn\u0131 resme tamamen farkl\u0131 tepkiler vermemize ne yol a\u00e7ar?G\u00fcn\u00fcm\u00fczde klasik bir metin haline gelmi\u015f olan, ilk kez 1920\u2019li y\u0131llar\u0131n ba\u015f\u0131nda Almanya\u2019da yay\u0131mlanan Sanat Tarihinin Temel Kavramlar\u0131\u2019nda Heinrich W\u00f6llflin, bu t\u00fcr sorular\u0131 yan\u0131tlayacak bir dizi nesnel kriter sunuyor. \u00dcslup, nitelik ve temsil \u015fekli gibi unsurlar\u0131 kar\u015f\u0131t be\u015f kavram (\u00c7izgisel-G\u00f6lgesel, Y\u00fczey-Derinlik, Kapal\u0131 Bi\u00e7im-A\u00e7\u0131k Bi\u00e7im, \u00c7okluk-Birlik\/B\u00fct\u00fcnl\u00fck, Belirlilik-Belirsizlik) \u00fczerinden ele alan yazar, heykeli ve mimariyi de derinlemesine inceleyerek altm\u0131\u015f d\u00f6rt sanat\u00e7\u0131n\u0131n eserlerinin \u00e7\u00f6z\u00fcmlemesini yap\u0131yor. Botticelli, van Cleve, D\u00fcrer, Holbein, Brueghel, Bouts, Hals, Rembrandt, Velazquez, Tiziano, Vermeer ve daha pek \u00e7ok \u00f6nemli sanat\u00e7\u0131n\u0131n \u00fcretti\u011fi yakla\u015f\u0131k y\u00fcz elli g\u00f6rsel, okurun, W\u00f6llflin\u2019in sanat ele\u015ftirisi metodolojisini anlamas\u0131na yard\u0131mc\u0131 oluyor.Hayalperest Yay\u0131nlar\u0131\u2019n\u0131n yeni \u00e7evirisiyle tekrar okurla bulu\u015fturdu\u011fu Sanat Tarihinin Temel Kavramlar\u0131, sanat, sanat ele\u015ftirisi ve sanat\u0131n de\u011ferlendirilmesi konusunda y\u00f6ntem ara\u015ft\u0131rmalar\u0131 yapanlar\u0131n sa\u011flam temeller \u00fczerinde ilerlemesini sa\u011fl\u0131yor.<\/p>\n","protected":false},"excerpt":{"rendered":"<p>Klasik ve Barok sanat aras\u0131ndaki temel farklar nedir? Sanat\u0131n farkl\u0131 zamanlarda farkl\u0131 k\u00fclt\u00fcrlerde sarmal bi\u00e7iminde geli\u015fmesinin temelini olu\u015fturan bir kal\u0131p model var m\u0131? Ayn\u0131 ressama ya<span class=\"excerpt-hellip\"> [\u2026]<\/span><\/p>\n","protected":false},"featured_media":0,"template":"","meta":{"_monsterinsights_skip_tracking":false,"_monsterinsights_sitenote_active":false,"_monsterinsights_sitenote_note":"","_monsterinsights_sitenote_category":0},"product_brand":[],"product_cat":[12408,14197],"product_tag":[],"class_list":{"0":"post-720834","1":"product","2":"type-product","3":"status-publish","5":"product_cat-sanat","6":"product_cat-sanat-tarihi","7":"pa_cilt-ciltsiz","8":"pa_tur-kitap","9":"pa_yayinevi-hayalperest-yayinlari","10":"pa_yazar-heinrich-wolfflin","12":"first","13":"instock","14":"sale","15":"shipping-taxable","16":"purchasable","17":"product-type-simple"},"_links":{"self":[{"href":"https:\/\/roveyayinevi.com.tr\/index.php\/wp-json\/wp\/v2\/product\/720834","targetHints":{"allow":["GET"]}}],"collection":[{"href":"https:\/\/roveyayinevi.com.tr\/index.php\/wp-json\/wp\/v2\/product"}],"about":[{"href":"https:\/\/roveyayinevi.com.tr\/index.php\/wp-json\/wp\/v2\/types\/product"}],"wp:attachment":[{"href":"https:\/\/roveyayinevi.com.tr\/index.php\/wp-json\/wp\/v2\/media?parent=720834"}],"wp:term":[{"taxonomy":"product_brand","embeddable":true,"href":"https:\/\/roveyayinevi.com.tr\/index.php\/wp-json\/wp\/v2\/product_brand?post=720834"},{"taxonomy":"product_cat","embeddable":true,"href":"https:\/\/roveyayinevi.com.tr\/index.php\/wp-json\/wp\/v2\/product_cat?post=720834"},{"taxonomy":"product_tag","embeddable":true,"href":"https:\/\/roveyayinevi.com.tr\/index.php\/wp-json\/wp\/v2\/product_tag?post=720834"}],"curies":[{"name":"wp","href":"https:\/\/api.w.org\/{rel}","templated":true}]}}