{"id":720833,"date":"2025-08-27T18:41:54","date_gmt":"2025-08-27T15:41:54","guid":{"rendered":"https:\/\/roveyayinevi.com.tr\/index.php\/urun\/estetik-2\/"},"modified":"2026-03-12T02:37:58","modified_gmt":"2026-03-11T23:37:58","slug":"estetik-2","status":"publish","type":"product","link":"https:\/\/roveyayinevi.com.tr\/index.php\/urun\/estetik-2\/","title":{"rendered":"Estetik"},"content":{"rendered":"<p>Sovyet felsefeci ve estetik kuramc\u0131s\u0131 Avner Ziss\u2019in kaleme ald\u0131\u011f\u0131 \u00f6nemli metinler aras\u0131nda yer alan, yazar\u0131n 1977 tarihli Elements d\u2019eshetique Marxiste adl\u0131 kitab\u0131ndan (Frans\u0131zca edisyondan) derlenen Estetik, farkl\u0131 sanatsal sorunlar hakk\u0131nda b\u00fct\u00fcnl\u00fckl\u00fc bir bak\u0131\u015f a\u00e7\u0131s\u0131 sunuyor.Estetik ve sanat kuramlar\u0131na odaklanan, bu konularda ayr\u0131nt\u0131l\u0131 \u00e7al\u0131\u015fmalar yapan Ziss\u2019in metni, farkl\u0131 sanat dallar\u0131ndan verilen \u00f6rneklerle estetik, Marksist estetik ve toplumcu yakla\u015f\u0131m hakk\u0131nda kapsaml\u0131 bilgiler veriyor. Edebiyat, m\u00fczik, heykel ve resim alan\u0131nda \u00fcretilen yap\u0131tlar\u0131 se\u00e7erek kar\u015f\u0131la\u015ft\u0131rmal\u0131 okuma yapan Ziss, estetik kuram\u0131n\u0131n klasik d\u00f6nem sanat\u0131ndan \u00e7a\u011fda\u015f sanata kadar nas\u0131l geli\u015fti\u011fine ili\u015fkin \u00f6zg\u00fcn bir yorum getiriyor.Farkl\u0131 sanat ak\u0131mlar\u0131n\u0131 da mercek alt\u0131na alan Ziss, bilimsel \u00f6\u011fretide esteti\u011fin konusundan sanatta i\u00e7eri\u011fe ve bi\u00e7ime kadar \u00e7e\u015fitli ba\u015fl\u0131klarla konuyu derinlemesine inceliyor. Estetik kategorilerinden yola \u00e7\u0131karak ger\u00e7e\u011fin sanatsal \u00f6z\u00fcmsenmesine de de\u011finen yazar \u015fu \u00fc\u00e7 s\u00f6zc\u00fc\u011fe bir a\u011f\u0131rl\u0131k veriyor: \u201cg\u00fczel\u201d, \u201ctrajik\u201d ve \u201ckomik.\u201dModern ve \u00e7a\u011fda\u015f sanat\u0131 toplumsal bilin\u00e7 ba\u011flam\u0131nda yorumlamak isteyenlere ipu\u00e7lar\u0131 veren Ziss, sanat\u0131 ger\u00e7eklik, bilgilenme y\u00f6ntemi ve\/veya ideoloji kapsam\u0131nda de\u011ferlendirmeye y\u00f6nelik d\u00fc\u015f\u00fcncelerini de a\u00e7\u0131k\u00e7a dile getiriyor.<\/p>\n","protected":false},"excerpt":{"rendered":"<p>Sovyet felsefeci ve estetik kuramc\u0131s\u0131 Avner Ziss\u2019in kaleme ald\u0131\u011f\u0131 \u00f6nemli metinler aras\u0131nda yer alan, yazar\u0131n 1977 tarihli Elements d\u2019eshetique Marxiste adl\u0131 kitab\u0131ndan (Frans\u0131zca edisyondan) derlenen Estetik,<span class=\"excerpt-hellip\"> [\u2026]<\/span><\/p>\n","protected":false},"featured_media":0,"template":"","meta":{"_monsterinsights_skip_tracking":false,"_monsterinsights_sitenote_active":false,"_monsterinsights_sitenote_note":"","_monsterinsights_sitenote_category":0},"product_brand":[],"product_cat":[22741,12388],"product_tag":[],"class_list":{"0":"post-720833","1":"product","2":"type-product","3":"status-publish","5":"product_cat-estetik","6":"product_cat-felsefe","7":"pa_cilt-ciltsiz","8":"pa_tur-kitap","9":"pa_yayinevi-hayalperest-yayinlari","10":"pa_yazar-avner-ziss","12":"first","13":"instock","14":"sale","15":"shipping-taxable","16":"purchasable","17":"product-type-simple"},"_links":{"self":[{"href":"https:\/\/roveyayinevi.com.tr\/index.php\/wp-json\/wp\/v2\/product\/720833","targetHints":{"allow":["GET"]}}],"collection":[{"href":"https:\/\/roveyayinevi.com.tr\/index.php\/wp-json\/wp\/v2\/product"}],"about":[{"href":"https:\/\/roveyayinevi.com.tr\/index.php\/wp-json\/wp\/v2\/types\/product"}],"wp:attachment":[{"href":"https:\/\/roveyayinevi.com.tr\/index.php\/wp-json\/wp\/v2\/media?parent=720833"}],"wp:term":[{"taxonomy":"product_brand","embeddable":true,"href":"https:\/\/roveyayinevi.com.tr\/index.php\/wp-json\/wp\/v2\/product_brand?post=720833"},{"taxonomy":"product_cat","embeddable":true,"href":"https:\/\/roveyayinevi.com.tr\/index.php\/wp-json\/wp\/v2\/product_cat?post=720833"},{"taxonomy":"product_tag","embeddable":true,"href":"https:\/\/roveyayinevi.com.tr\/index.php\/wp-json\/wp\/v2\/product_tag?post=720833"}],"curies":[{"name":"wp","href":"https:\/\/api.w.org\/{rel}","templated":true}]}}