{"id":720832,"date":"2025-08-27T18:41:54","date_gmt":"2025-08-27T15:41:54","guid":{"rendered":"https:\/\/roveyayinevi.com.tr\/index.php\/urun\/kaligrafik-ve-tipografik-deneysel-tasarimlar\/"},"modified":"2026-03-12T02:37:58","modified_gmt":"2026-03-11T23:37:58","slug":"kaligrafik-ve-tipografik-deneysel-tasarimlar","status":"publish","type":"product","link":"https:\/\/roveyayinevi.com.tr\/index.php\/urun\/kaligrafik-ve-tipografik-deneysel-tasarimlar\/","title":{"rendered":"Kaligrafik ve Tipografik Deneysel Tasar\u0131mlar"},"content":{"rendered":"<p>\u201cKaligrafik ve Tipografik Deneysel Tasar\u0131mlar\u201d kitab\u0131 yaz\u0131, kaligrafi ve tipografi e\u011fitimi alan\u0131ndaki sanat\u00e7\u0131 ve tasar\u0131mc\u0131 e\u011fitmenler, hocalar i\u00e7in bir k\u0131lavuz olarak planlanm\u0131\u015ft\u0131r. Di\u011fer yanda sanat ve tasar\u0131m fak\u00fcltesi \u00f6\u011frencilerine g\u00f6rsel kaynak olmas\u0131 (grafik tasar\u0131m projelerini ele al\u0131rlarken sunulan \u00e7\u00f6z\u00fcmlemeler ve y\u00f6ntemleriyle referans bir kitap olmas\u0131) ama\u00e7lanm\u0131\u015ft\u0131r.T\u00fcm bu nedenlerden dolay\u0131, bu yay\u0131n\u0131n hedef kitlesi hem akademik hem de uygulama (piyasa) ortamlar\u0131nda (ister d\u00fc\u015f\u00fcnsel\/teorik, ister uygulamal\u0131\/pratik) \u00fcst d\u00fczey \u00e7al\u0131\u015fmalar \u00fcretmek i\u00e7in t\u00fcm y\u00f6nleriyle yaz\u0131, kaligrafi ve tipografi projeleri hakk\u0131nda g\u00f6rsel \u00e7\u00f6z\u00fcmler, y\u00f6ntemler ve sonu\u00e7lar arayan herkes i\u00e7indir.<\/p>\n","protected":false},"excerpt":{"rendered":"<p>\u201cKaligrafik ve Tipografik Deneysel Tasar\u0131mlar\u201d kitab\u0131 yaz\u0131, kaligrafi ve tipografi e\u011fitimi alan\u0131ndaki sanat\u00e7\u0131 ve tasar\u0131mc\u0131 e\u011fitmenler, hocalar i\u00e7in bir k\u0131lavuz olarak planlanm\u0131\u015ft\u0131r. Di\u011fer yanda sanat ve<span class=\"excerpt-hellip\"> [\u2026]<\/span><\/p>\n","protected":false},"featured_media":0,"template":"","meta":{"_monsterinsights_skip_tracking":false,"_monsterinsights_sitenote_active":false,"_monsterinsights_sitenote_note":"","_monsterinsights_sitenote_category":0},"product_brand":[],"product_cat":[40414,12408],"product_tag":[],"class_list":{"0":"post-720832","1":"product","2":"type-product","3":"status-publish","5":"product_cat-referans-kitaplar-sanat","6":"product_cat-sanat","7":"pa_cilt-ciltsiz","8":"pa_tur-kitap","9":"pa_yayinevi-hayalperest-yayinlari","10":"pa_yazar-namik-kemal-sarikavak","12":"first","13":"instock","14":"sale","15":"shipping-taxable","16":"purchasable","17":"product-type-simple"},"_links":{"self":[{"href":"https:\/\/roveyayinevi.com.tr\/index.php\/wp-json\/wp\/v2\/product\/720832","targetHints":{"allow":["GET"]}}],"collection":[{"href":"https:\/\/roveyayinevi.com.tr\/index.php\/wp-json\/wp\/v2\/product"}],"about":[{"href":"https:\/\/roveyayinevi.com.tr\/index.php\/wp-json\/wp\/v2\/types\/product"}],"wp:attachment":[{"href":"https:\/\/roveyayinevi.com.tr\/index.php\/wp-json\/wp\/v2\/media?parent=720832"}],"wp:term":[{"taxonomy":"product_brand","embeddable":true,"href":"https:\/\/roveyayinevi.com.tr\/index.php\/wp-json\/wp\/v2\/product_brand?post=720832"},{"taxonomy":"product_cat","embeddable":true,"href":"https:\/\/roveyayinevi.com.tr\/index.php\/wp-json\/wp\/v2\/product_cat?post=720832"},{"taxonomy":"product_tag","embeddable":true,"href":"https:\/\/roveyayinevi.com.tr\/index.php\/wp-json\/wp\/v2\/product_tag?post=720832"}],"curies":[{"name":"wp","href":"https:\/\/api.w.org\/{rel}","templated":true}]}}