{"id":720831,"date":"2025-08-27T18:41:53","date_gmt":"2025-08-27T15:41:53","guid":{"rendered":"https:\/\/roveyayinevi.com.tr\/index.php\/urun\/sinema-estetigi-gerceklik-ve-hakikat\/"},"modified":"2026-03-12T02:37:58","modified_gmt":"2026-03-11T23:37:58","slug":"sinema-estetigi-gerceklik-ve-hakikat","status":"publish","type":"product","link":"https:\/\/roveyayinevi.com.tr\/index.php\/urun\/sinema-estetigi-gerceklik-ve-hakikat\/","title":{"rendered":"Sinema Esteti\u011fi: Ger\u00e7eklik ve Hakikat"},"content":{"rendered":"<p>Toplumlar\u0131n ya\u015fam\u0131na ilk kez girdi\u011fi on dokuzuncu y\u00fczy\u0131ldan bu yana sinema, vazge\u00e7ilmez bir kitle ileti\u015fim arac\u0131 haline geldi. Sineman\u0131n iletti\u011fi g\u00f6rsel ve psikolojik mesajlar, toplumu \u015fekillendiren \u00f6nemli birer kaynak oldu. Dolay\u0131s\u0131yla gerek filozoflar, kuramc\u0131lar, politikac\u0131lar gerekse sinemac\u0131lar sineman\u0131n sahip oldu\u011fu b\u00fcy\u00fck iktidar\u0131 irdelemeye, ara\u015ft\u0131rmaya y\u00f6neldi. Film \u00e7ekme y\u00f6ntemlerinden plan se\u00e7imlerine, renk ve \u0131\u015f\u0131k kullan\u0131m\u0131ndan senaryo yaz\u0131m\u0131na kadar sineman\u0131n t\u00fcm \u00f6\u011feleri ayr\u0131 ayr\u0131 incelendi ve geli\u015fen teknoloji, de\u011fi\u015fen \u00e7a\u011fla birlikte ortaya \u00e7\u0131kan yeni bile\u015fenleri de g\u00f6zeterek incelenmeye devam ediyor.Sel\u00e7uk Uluta\u015f\u2019\u0131n yazd\u0131\u011f\u0131 Sinema Esteti\u011fi: Ger\u00e7eklik ve Hakikat, bireylerin \u015fahsi ve toplumsal ger\u00e7eklik alg\u0131s\u0131n\u0131 \u015fekillendirmek konusunda emsali bulunmayan bir g\u00fc\u00e7 olan sinema hakk\u0131nda geli\u015ftirilen fikirleri bir araya topluyor. Platon\u2019dan Deleuze\u2019e kadar tarih boyunca g\u00f6rsel alg\u0131, mimetik g\u00f6r\u00fcnt\u00fc, temsiliyet meselesi ve hakikat \u00fczerine kuram geli\u015ftiren t\u00fcm filozoflar\u0131n fikirlerinin sunuldu\u011fu kitapta, filmsel g\u00f6r\u00fcnt\u00fc, plan\u0131n, \u00e7er\u00e7evenin estetik \u00f6zellikleri, g\u00f6r\u00fcnt\u00fcn\u00fcn plasti\u011fi ve kompozisyonu hakk\u0131nda da estetik disiplini \u00fczerinden yorumlarda bulunuluyor.Sinema esteti\u011fini alg\u0131lamak i\u00e7in gerekli temel yakla\u015f\u0131mlar\u0131n kapsaml\u0131 \u015fekilde anlat\u0131ld\u0131\u011f\u0131 kitap, sinematografik bi\u00e7emi olu\u015fturan farkl\u0131 \u00f6\u011feleri de ayr\u0131ca ele al\u0131yor. Sinema Esteti\u011fi: Ger\u00e7eklik ve Hakikat, sineman\u0131n izleyicide \u00fcretti\u011fi duyumsal hazz\u0131 ve anlam\u0131n \u00f6nemini kavramak isteyen okurlar\u0131n film \u00e7\u00f6z\u00fcmlemesi yaparken ihtiya\u00e7 duyacaklar\u0131 k\u00fclt\u00fcrel ve d\u00fc\u015f\u00fcncel arka plan\u0131 t\u00fcm y\u00f6nleriyle anlat\u0131yor.<\/p>\n","protected":false},"excerpt":{"rendered":"<p>Toplumlar\u0131n ya\u015fam\u0131na ilk kez girdi\u011fi on dokuzuncu y\u00fczy\u0131ldan bu yana sinema, vazge\u00e7ilmez bir kitle ileti\u015fim arac\u0131 haline geldi. Sineman\u0131n iletti\u011fi g\u00f6rsel ve psikolojik mesajlar, toplumu \u015fekillendiren<span class=\"excerpt-hellip\"> [\u2026]<\/span><\/p>\n","protected":false},"featured_media":0,"template":"","meta":{"_monsterinsights_skip_tracking":false,"_monsterinsights_sitenote_active":false,"_monsterinsights_sitenote_note":"","_monsterinsights_sitenote_category":0},"product_brand":[],"product_cat":[12409,12408],"product_tag":[],"class_list":{"0":"post-720831","1":"product","2":"type-product","3":"status-publish","5":"product_cat-fotograf-sinema-tiyatro","6":"product_cat-sanat","7":"pa_cilt-ciltsiz","8":"pa_tur-kitap","9":"pa_yayinevi-hayalperest-yayinlari","10":"pa_yazar-selcuk-ulutas","12":"first","13":"instock","14":"sale","15":"shipping-taxable","16":"purchasable","17":"product-type-simple"},"_links":{"self":[{"href":"https:\/\/roveyayinevi.com.tr\/index.php\/wp-json\/wp\/v2\/product\/720831","targetHints":{"allow":["GET"]}}],"collection":[{"href":"https:\/\/roveyayinevi.com.tr\/index.php\/wp-json\/wp\/v2\/product"}],"about":[{"href":"https:\/\/roveyayinevi.com.tr\/index.php\/wp-json\/wp\/v2\/types\/product"}],"wp:attachment":[{"href":"https:\/\/roveyayinevi.com.tr\/index.php\/wp-json\/wp\/v2\/media?parent=720831"}],"wp:term":[{"taxonomy":"product_brand","embeddable":true,"href":"https:\/\/roveyayinevi.com.tr\/index.php\/wp-json\/wp\/v2\/product_brand?post=720831"},{"taxonomy":"product_cat","embeddable":true,"href":"https:\/\/roveyayinevi.com.tr\/index.php\/wp-json\/wp\/v2\/product_cat?post=720831"},{"taxonomy":"product_tag","embeddable":true,"href":"https:\/\/roveyayinevi.com.tr\/index.php\/wp-json\/wp\/v2\/product_tag?post=720831"}],"curies":[{"name":"wp","href":"https:\/\/api.w.org\/{rel}","templated":true}]}}