{"id":720830,"date":"2025-08-27T18:41:52","date_gmt":"2025-08-27T15:41:52","guid":{"rendered":"https:\/\/roveyayinevi.com.tr\/index.php\/urun\/islam-sanatinda-geometrik-susleme\/"},"modified":"2026-03-12T02:37:58","modified_gmt":"2026-03-11T23:37:58","slug":"islam-sanatinda-geometrik-susleme","status":"publish","type":"product","link":"https:\/\/roveyayinevi.com.tr\/index.php\/urun\/islam-sanatinda-geometrik-susleme\/","title":{"rendered":"\u0130slam Sanat\u0131nda Geometrik S\u00fcsleme"},"content":{"rendered":"<p>Mimarl\u0131k \u00fcr\u00fcn\u00fc \u00fczerinde ve her t\u00fcrden kullan\u0131m e\u015fyas\u0131 \u00fczerinde s\u00fcslemeye y\u00f6nelik olarak yap\u0131lan \u00e7al\u0131\u015fmalar\u0131n t\u00fcm\u00fc, bezeme olarak adland\u0131r\u0131l\u0131r. \u0130slam k\u00fclt\u00fcr\u00fcn\u00fcn egemen oldu\u011fu \u00e7evrelerde yo\u011fun bir bezeme program\u0131 ile kar\u015f\u0131la\u015f\u0131l\u0131r. Bezeme ustas\u0131n\u0131n tasarlad\u0131\u011f\u0131 s\u00fcsleme, dar alanlardan geni\u015f alanlara uygulama g\u00f6rebilecek, \u00e7o\u011falt\u0131labilir mod\u00fcller i\u00e7erir. \u00d6zellikle geometrik bezeme i\u00e7in s\u00f6z konusu olan bu durum, uygulama malzemesinin niteli\u011fine gore de\u011fi\u015febilir. Ah\u015fap, tu\u011fla, ta\u015f vb. Malzeme ile \u00fcretilmi\u015f mimari \u00f6\u011feler \u00fczerinde tekrarlanabilen tasar\u0131m \u015femalar\u0131 ile farkl\u0131 co\u011frafi b\u00f6lgelerde ve zamanlarda ortak bir s\u00fcsleme zevkinin olu\u015ftu\u011fu g\u00f6zlenmektedir.Uygun a\u00e7\u0131larda tekrar eden k\u0131r\u0131k \u00e7izgilerle olu\u015fturulan y\u0131ld\u0131z ve \u00e7okgenler t\u00fcm y\u00fczey bezemelerinde uygulanm\u0131\u015ft\u0131r. Formlar\u0131n tekrar\u0131, \u0130slam bezemesinin karakteristik \u00f6zelli\u011fi olarak g\u00f6r\u00fclen sonsuz devam etme anlay\u0131\u015f\u0131n\u0131 ortaya koymaktad\u0131r. E\u015fkenar \u00fc\u00e7genlerle olu\u015fturulan alt\u0131genler, alt\u0131genlerle olu\u015fturulan y\u0131ld\u0131zlarla sonsuza kadar devam eden motifler, \u0130slam mimarisinde kar\u015f\u0131la\u015f\u0131lan geni\u015f y\u00fczeylerin bezemesi i\u00e7in en uygun s\u00fcsleme t\u00fcr\u00fcn\u00fc olu\u015fturmu\u015ftur.Prof.Dr.Y\u0131ld\u0131z Demiriz\u2019in \u201c\u0130slam Sanat\u0131nda Geometrik S\u00fcsleme\u201d kitab\u0131, \u0130slam d\u00fcnyas\u0131nda bezemede kullan\u0131lm\u0131\u015f ve halen kullan\u0131lmakta olan geometrik motiflerin saptan\u0131p, yap\u0131 veya eser \u00f6rnekleri ile birlikte g\u00f6sterildi\u011fi ilk katalog \u00e7al\u0131\u015fmalar\u0131ndand\u0131r.Kitapta; d\u00f6nem, malzeme ve teknik ile ilgili bir s\u0131n\u0131rland\u0131r\u0131lmaya gidilmeden, motiflerin tan\u0131t\u0131lmas\u0131 ve grupland\u0131r\u0131lmas\u0131 esas al\u0131nm\u0131\u015ft\u0131r.\u0130slam Sanat\u0131 ara\u015ft\u0131rmalar\u0131 i\u00e7in bir ba\u015fvuru kayna\u011f\u0131 niteli\u011findeki \u00e7al\u0131\u015fma, yeni bask\u0131s\u0131 i\u00e7in tekrar g\u00f6zden ge\u00e7irilmi\u015f ve gerekli oldu\u011fu d\u00fc\u015f\u00fcn\u00fclen birka\u00e7 ekleme yap\u0131lm\u0131\u015ft\u0131r.<\/p>\n","protected":false},"excerpt":{"rendered":"<p>Mimarl\u0131k \u00fcr\u00fcn\u00fc \u00fczerinde ve her t\u00fcrden kullan\u0131m e\u015fyas\u0131 \u00fczerinde s\u00fcslemeye y\u00f6nelik olarak yap\u0131lan \u00e7al\u0131\u015fmalar\u0131n t\u00fcm\u00fc, bezeme olarak adland\u0131r\u0131l\u0131r. \u0130slam k\u00fclt\u00fcr\u00fcn\u00fcn egemen oldu\u011fu \u00e7evrelerde yo\u011fun bir bezeme<span class=\"excerpt-hellip\"> [\u2026]<\/span><\/p>\n","protected":false},"featured_media":0,"template":"","meta":{"_monsterinsights_skip_tracking":false,"_monsterinsights_sitenote_active":false,"_monsterinsights_sitenote_note":"","_monsterinsights_sitenote_category":0},"product_brand":[],"product_cat":[16169,12408],"product_tag":[],"class_list":{"0":"post-720830","1":"product","2":"type-product","3":"status-publish","5":"product_cat-geleneksel-sanatlar","6":"product_cat-sanat","7":"pa_cilt-ciltsiz","8":"pa_tur-kitap","9":"pa_yayinevi-hayalperest-yayinlari","10":"pa_yazar-yildiz-demiriz","12":"first","13":"instock","14":"sale","15":"shipping-taxable","16":"purchasable","17":"product-type-simple"},"_links":{"self":[{"href":"https:\/\/roveyayinevi.com.tr\/index.php\/wp-json\/wp\/v2\/product\/720830","targetHints":{"allow":["GET"]}}],"collection":[{"href":"https:\/\/roveyayinevi.com.tr\/index.php\/wp-json\/wp\/v2\/product"}],"about":[{"href":"https:\/\/roveyayinevi.com.tr\/index.php\/wp-json\/wp\/v2\/types\/product"}],"wp:attachment":[{"href":"https:\/\/roveyayinevi.com.tr\/index.php\/wp-json\/wp\/v2\/media?parent=720830"}],"wp:term":[{"taxonomy":"product_brand","embeddable":true,"href":"https:\/\/roveyayinevi.com.tr\/index.php\/wp-json\/wp\/v2\/product_brand?post=720830"},{"taxonomy":"product_cat","embeddable":true,"href":"https:\/\/roveyayinevi.com.tr\/index.php\/wp-json\/wp\/v2\/product_cat?post=720830"},{"taxonomy":"product_tag","embeddable":true,"href":"https:\/\/roveyayinevi.com.tr\/index.php\/wp-json\/wp\/v2\/product_tag?post=720830"}],"curies":[{"name":"wp","href":"https:\/\/api.w.org\/{rel}","templated":true}]}}