{"id":720828,"date":"2025-08-27T18:41:16","date_gmt":"2025-08-27T15:41:16","guid":{"rendered":"https:\/\/roveyayinevi.com.tr\/index.php\/urun\/barok-resim-ve-heykel-sanati\/"},"modified":"2026-03-12T02:37:58","modified_gmt":"2026-03-11T23:37:58","slug":"barok-resim-ve-heykel-sanati","status":"publish","type":"product","link":"https:\/\/roveyayinevi.com.tr\/index.php\/urun\/barok-resim-ve-heykel-sanati\/","title":{"rendered":"Barok &#8211; Resim ve Heykel Sanat\u0131"},"content":{"rendered":"<p>Bat\u0131 sanat\u0131 tarihinde R\u00f6nesans\u2019tan sonra ya\u015fanan Barok d\u00f6nem, t\u00fcm k\u0131ta Avrupas\u0131\u2019n\u0131 hem d\u00fc\u015f\u00fcnsel hem de sanatsal y\u00f6nden derinden etkiler. On sekizinci y\u00fczy\u0131l Ayd\u0131nlanma D\u00f6nemi\u2019nin ak\u0131lc\u0131l\u0131\u011f\u0131n\u0131n geli\u015fmesinde \u00f6nemli rol\u00fc olan bu ge\u00e7i\u015f s\u00fcreci, sanatsal bak\u0131\u015f\u0131 de\u011fi\u015ftirmenin yan\u0131 s\u0131ra ya\u015fama bak\u0131\u015f\u0131 da \u015fekillendirir.Kurall\u0131 monotonluktan \u00e7ok do\u011fa\u00e7lama heyecanlara, insan\u0131n aniden de\u011fi\u015fen duygular\u0131na, ya\u015fam\u0131n mu\u011flakl\u0131\u011f\u0131na ve bir muamma olan sonunu d\u00fc\u015f\u00fcnmeye kucak a\u00e7\u0131lan bir d\u00f6nem olarak Barok, ilgin\u00e7 ve renkli ressamlar, mimarlar, heykeltra\u015flarla \u00f6ne \u00e7\u0131kar: Caravaggio, Rembrandt, Rubens, Vermeer, Ribera, Bernini, Maderno\u2026Barok: Resim ve Heykel Sanat\u0131, Barok d\u00f6nemin k\u0131ta Avrupas\u0131\u2019n\u0131n resim ve heykel gelene\u011findeki yerini t\u00fcm ayr\u0131nt\u0131lar\u0131yla ele al\u0131yor. \u0130talya, Hollanda, Fransa ve \u0130spanya \u00f6zelinde on yedinci y\u00fczy\u0131l\u0131n izlerini sanat tarihi \u00fczerinden s\u00fcr\u00fcyor ve bu topraklar\u0131n birbirleriyle etkile\u015fimleri hakk\u0131na bilgiler veriyor. Sanat\u00e7\u0131lar\u0131n ve \u00fcretimlerinin b\u00f6lgeye g\u00f6re de\u011fi\u015fen n\u00fcanslar\u0131na da de\u011finilen kitab\u0131n yazar\u0131 Nil\u00fcfer \u00d6ndin, okura Bat\u0131 sanat\u0131 \u00f6zelinde b\u00fct\u00fcnc\u00fcl bir Barok d\u00f6nem okumas\u0131 yapma imkan\u0131 veriyor.I\u015f\u0131\u011f\u0131n ve g\u00f6lgenin \u00f6ne \u00e7\u0131kt\u0131\u011f\u0131, fig\u00fcrlerin, nesnelerin k\u00f6\u015felerden kurtulup birbiri i\u00e7inde erircesine da\u011f\u0131ld\u0131\u011f\u0131, zaman zaman bitmemi\u015flik hissi uyand\u0131ran resim ve heykel g\u00f6rselleriyle zenginle\u015fen i\u00e7eri\u011fi sayesinde bu kitap, Barok d\u00f6nem k\u00fclt\u00fcr\u00fcn\u00fc, sanat\u0131n\u0131, d\u00fc\u015f\u00fcnce d\u00fcnyas\u0131n\u0131, hatta siyasi ili\u015fkilerini anlamak isteyen okura anla\u015f\u0131l\u0131r, kapsaml\u0131, bilgilendirici bir kaynak sunuyor.<\/p>\n","protected":false},"excerpt":{"rendered":"<p>Bat\u0131 sanat\u0131 tarihinde R\u00f6nesans\u2019tan sonra ya\u015fanan Barok d\u00f6nem, t\u00fcm k\u0131ta Avrupas\u0131\u2019n\u0131 hem d\u00fc\u015f\u00fcnsel hem de sanatsal y\u00f6nden derinden etkiler. On sekizinci y\u00fczy\u0131l Ayd\u0131nlanma D\u00f6nemi\u2019nin ak\u0131lc\u0131l\u0131\u011f\u0131n\u0131n geli\u015fmesinde<span class=\"excerpt-hellip\"> [\u2026]<\/span><\/p>\n","protected":false},"featured_media":0,"template":"","meta":{"_monsterinsights_skip_tracking":false,"_monsterinsights_sitenote_active":false,"_monsterinsights_sitenote_note":"","_monsterinsights_sitenote_category":0},"product_brand":[],"product_cat":[12408],"product_tag":[],"class_list":{"0":"post-720828","1":"product","2":"type-product","3":"status-publish","5":"product_cat-sanat","6":"pa_cilt-ciltsiz","7":"pa_tur-kitap","8":"pa_yayinevi-hayalperest-yayinlari","9":"pa_yazar-nilufer-ondin","11":"first","12":"instock","13":"sale","14":"shipping-taxable","15":"purchasable","16":"product-type-simple"},"_links":{"self":[{"href":"https:\/\/roveyayinevi.com.tr\/index.php\/wp-json\/wp\/v2\/product\/720828","targetHints":{"allow":["GET"]}}],"collection":[{"href":"https:\/\/roveyayinevi.com.tr\/index.php\/wp-json\/wp\/v2\/product"}],"about":[{"href":"https:\/\/roveyayinevi.com.tr\/index.php\/wp-json\/wp\/v2\/types\/product"}],"wp:attachment":[{"href":"https:\/\/roveyayinevi.com.tr\/index.php\/wp-json\/wp\/v2\/media?parent=720828"}],"wp:term":[{"taxonomy":"product_brand","embeddable":true,"href":"https:\/\/roveyayinevi.com.tr\/index.php\/wp-json\/wp\/v2\/product_brand?post=720828"},{"taxonomy":"product_cat","embeddable":true,"href":"https:\/\/roveyayinevi.com.tr\/index.php\/wp-json\/wp\/v2\/product_cat?post=720828"},{"taxonomy":"product_tag","embeddable":true,"href":"https:\/\/roveyayinevi.com.tr\/index.php\/wp-json\/wp\/v2\/product_tag?post=720828"}],"curies":[{"name":"wp","href":"https:\/\/api.w.org\/{rel}","templated":true}]}}